{"id":11691,"date":"2026-03-03T12:01:26","date_gmt":"2026-03-03T11:01:26","guid":{"rendered":"https:\/\/ofertacular.com\/index.php\/producto\/levis-vaqueros-12\/"},"modified":"2026-03-03T12:01:26","modified_gmt":"2026-03-03T11:01:26","slug":"levis-vaqueros-12","status":"publish","type":"product","link":"https:\/\/ofertacular.com\/index.php\/producto\/levis-vaqueros-12\/","title":{"rendered":"Levi&#8217;s Vaqueros"},"content":{"rendered":"<div class=\"oferta-container\">\n<p>\ud83d\udfe5 <b>\u00a1GANGAZO!<\/b> \ud83d\udfe5 #Publicidad #Amazon #16<\/p>\n<p>\ud83d\udd34 <b>Vaqueros Levi&#8217;s <\/b><\/p>\n<p>\u2705 <b>AHORA 49.5 \u20ac<\/b> \u2714\ufe0f\ud83d\udfe1<\/p>\n<p>\u274c Antes 100.00 \u20ac<\/p>\n<p>\ud83d\uded2: <a href=\"https:\/\/btz.es\/5mNJfhs\" target=\"_blank\" rel=\"nofollow noopener\">https:\/\/btz.es\/5mNJfhs<\/a><\/p>\n<p>Descubre la aut\u00e9ntica comodidad y estilo con los Vaqueros Levi&#8217;s, dise\u00f1ados para ofrecer un ajuste perfecto y durabilidad excepcional. Ideales para cualquier ocasi\u00f3n, estos jeans combinan la moda cl\u00e1sica con la calidad premium que solo Levi&#8217;s puede brindar. Actualiza tu guardarropa con un b\u00e1sico imprescindible que resalta tu personalidad y garantiza m\u00e1xima satisfacci\u00f3n.<\/p>\n<\/p><\/div>\n","protected":false},"excerpt":{"rendered":"<p>\ud83d\udfe5 \u00a1GANGAZO! \ud83d\udfe5 #Publicidad #Amazon #16 \ud83d\udd34 Vaqueros Levi&#8217;s \u2705 AHORA 49.5 \u20ac \u2714\ufe0f\ud83d\udfe1 \u274c Antes 100.00 \u20ac \ud83d\uded2: https:\/\/btz.es\/5mNJfhs Descubre la aut\u00e9ntica comodidad y estilo con los Vaqueros Levi&#8217;s, dise\u00f1ados para ofrecer un ajuste perfecto y durabilidad excepcional. Ideales para cualquier ocasi\u00f3n, estos jeans combinan la moda cl\u00e1sica con la calidad premium que solo [&hellip;]<\/p>\n","protected":false},"featured_media":11690,"template":"","meta":{"_gspb_post_css":""},"store":[],"product_brand":[],"product_cat":[16],"product_tag":[],"class_list":{"0":"post-11691","1":"product","2":"type-product","3":"status-publish","4":"has-post-thumbnail","6":"product_cat-sin-categorizar","8":"first","9":"instock","10":"sale","11":"shipping-taxable","12":"product-type-external"},"jetpack_sharing_enabled":true,"_links":{"self":[{"href":"https:\/\/ofertacular.com\/index.php\/wp-json\/wp\/v2\/product\/11691","targetHints":{"allow":["GET"]}}],"collection":[{"href":"https:\/\/ofertacular.com\/index.php\/wp-json\/wp\/v2\/product"}],"about":[{"href":"https:\/\/ofertacular.com\/index.php\/wp-json\/wp\/v2\/types\/product"}],"wp:featuredmedia":[{"embeddable":true,"href":"https:\/\/ofertacular.com\/index.php\/wp-json\/wp\/v2\/media\/11690"}],"wp:attachment":[{"href":"https:\/\/ofertacular.com\/index.php\/wp-json\/wp\/v2\/media?parent=11691"}],"wp:term":[{"taxonomy":"store","embeddable":true,"href":"https:\/\/ofertacular.com\/index.php\/wp-json\/wp\/v2\/store?post=11691"},{"taxonomy":"product_brand","embeddable":true,"href":"https:\/\/ofertacular.com\/index.php\/wp-json\/wp\/v2\/product_brand?post=11691"},{"taxonomy":"product_cat","embeddable":true,"href":"https:\/\/ofertacular.com\/index.php\/wp-json\/wp\/v2\/product_cat?post=11691"},{"taxonomy":"product_tag","embeddable":true,"href":"https:\/\/ofertacular.com\/index.php\/wp-json\/wp\/v2\/product_tag?post=11691"}],"curies":[{"name":"wp","href":"https:\/\/api.w.org\/{rel}","templated":true}]}}