{"id":11695,"date":"2026-03-03T12:48:49","date_gmt":"2026-03-03T11:48:49","guid":{"rendered":"https:\/\/ofertacular.com\/index.php\/producto\/mclaren-figurine\/"},"modified":"2026-03-03T12:48:49","modified_gmt":"2026-03-03T11:48:49","slug":"mclaren-figurine","status":"publish","type":"product","link":"https:\/\/ofertacular.com\/index.php\/producto\/mclaren-figurine\/","title":{"rendered":"McLaren Figurine"},"content":{"rendered":"<div class=\"oferta-container\">\ud83d\udfea <b>FUNKAZO<\/b> \ud83d\udfea #Publicidad #Amazon\ud83d\udfe3 <b> Funko POP! F1 Ayrton Senna<\/b> \u2705 <b>AHORA 9.99 \u20ac<\/b> \u2714\ufe0f\ud83d\udfe1\u274c Antes 16.00 \u20ac \u20ac \ud83d\uded2: https:\/\/btz.es\/5mNVaH2\ud83d\udfe2 Ofertacular.com<\/p>\n<p>Descubre la exclusiva figura Funko POP! F1 dedicada a Ayrton Senna, una pieza imprescindible para los aficionados a la F\u00f3rmula 1 y coleccionistas de memorabilia deportiva. Esta figura resalta la leyenda del automovilismo con un dise\u00f1o detallado y fiel a su ic\u00f3nico estilo, perfecta para exhibir en cualquier colecci\u00f3n. Optimizada para fan\u00e1ticos de la velocidad y entusiastas de Ayrton Senna, esta figura Funko es ideal para regalar o para aumentar la colecci\u00f3n personal con un toque de historia del deporte motor.<\/p>\n<\/div>\n","protected":false},"excerpt":{"rendered":"<p>\ud83d\udfea FUNKAZO \ud83d\udfea #Publicidad #Amazon\ud83d\udfe3 Funko POP! F1 Ayrton Senna \u2705 AHORA 9.99 \u20ac \u2714\ufe0f\ud83d\udfe1\u274c Antes 16.00 \u20ac \u20ac \ud83d\uded2: https:\/\/btz.es\/5mNVaH2\ud83d\udfe2 Ofertacular.com Descubre la exclusiva figura Funko POP! F1 dedicada a Ayrton Senna, una pieza imprescindible para los aficionados a la F\u00f3rmula 1 y coleccionistas de memorabilia deportiva. Esta figura resalta la leyenda del automovilismo [&hellip;]<\/p>\n","protected":false},"featured_media":11694,"template":"","meta":{"_gspb_post_css":""},"store":[],"product_brand":[],"product_cat":[16],"product_tag":[],"class_list":{"0":"post-11695","1":"product","2":"type-product","3":"status-publish","4":"has-post-thumbnail","6":"product_cat-sin-categorizar","8":"first","9":"instock","10":"sale","11":"shipping-taxable","12":"product-type-external"},"jetpack_sharing_enabled":true,"_links":{"self":[{"href":"https:\/\/ofertacular.com\/index.php\/wp-json\/wp\/v2\/product\/11695","targetHints":{"allow":["GET"]}}],"collection":[{"href":"https:\/\/ofertacular.com\/index.php\/wp-json\/wp\/v2\/product"}],"about":[{"href":"https:\/\/ofertacular.com\/index.php\/wp-json\/wp\/v2\/types\/product"}],"wp:featuredmedia":[{"embeddable":true,"href":"https:\/\/ofertacular.com\/index.php\/wp-json\/wp\/v2\/media\/11694"}],"wp:attachment":[{"href":"https:\/\/ofertacular.com\/index.php\/wp-json\/wp\/v2\/media?parent=11695"}],"wp:term":[{"taxonomy":"store","embeddable":true,"href":"https:\/\/ofertacular.com\/index.php\/wp-json\/wp\/v2\/store?post=11695"},{"taxonomy":"product_brand","embeddable":true,"href":"https:\/\/ofertacular.com\/index.php\/wp-json\/wp\/v2\/product_brand?post=11695"},{"taxonomy":"product_cat","embeddable":true,"href":"https:\/\/ofertacular.com\/index.php\/wp-json\/wp\/v2\/product_cat?post=11695"},{"taxonomy":"product_tag","embeddable":true,"href":"https:\/\/ofertacular.com\/index.php\/wp-json\/wp\/v2\/product_tag?post=11695"}],"curies":[{"name":"wp","href":"https:\/\/api.w.org\/{rel}","templated":true}]}}