{"id":11719,"date":"2026-03-04T10:51:29","date_gmt":"2026-03-04T09:51:29","guid":{"rendered":"https:\/\/ofertacular.com\/index.php\/producto\/chivas-regal\/"},"modified":"2026-03-04T10:51:29","modified_gmt":"2026-03-04T09:51:29","slug":"chivas-regal","status":"publish","type":"product","link":"https:\/\/ofertacular.com\/index.php\/producto\/chivas-regal\/","title":{"rendered":"Chivas Regal"},"content":{"rendered":"<div class=\"oferta-container\">\n<p>\ud83d\udfe5 <b>CHOLLAZO<\/b> \ud83d\udfe5 #Publicidad #Amazon #16<\/p>\n<p>\ud83d\udd34 <b>Whisky Chivas <\/b><\/p>\n<p>\u2705 <b>AHORA 22.32 \u20ac<\/b> \u2714\ufe0f\ud83d\udfe1<\/p>\n<p>\u274c Antes 31.29 \u20ac<\/p>\n<p>\ud83d\uded2: <a href=\"https:\/\/btz.es\/5mTrZJ6\" target=\"_blank\" rel=\"nofollow noopener\">https:\/\/btz.es\/5mTrZJ6<\/a><\/p>\n<p>Descubre la exquisitez del Whisky Chivas Regal, una mezcla premium reconocida mundialmente por su suavidad y sabor equilibrado. Perfecto para los amantes de los destilados exclusivos, Chivas Regal ofrece una experiencia de degustaci\u00f3n \u00fanica que realza cualquier ocasi\u00f3n especial. Compra ahora y disfruta del lujo y tradici\u00f3n en cada sorbo.<\/p>\n<\/p><\/div>\n","protected":false},"excerpt":{"rendered":"<p>\ud83d\udfe5 CHOLLAZO \ud83d\udfe5 #Publicidad #Amazon #16 \ud83d\udd34 Whisky Chivas \u2705 AHORA 22.32 \u20ac \u2714\ufe0f\ud83d\udfe1 \u274c Antes 31.29 \u20ac \ud83d\uded2: https:\/\/btz.es\/5mTrZJ6 Descubre la exquisitez del Whisky Chivas Regal, una mezcla premium reconocida mundialmente por su suavidad y sabor equilibrado. Perfecto para los amantes de los destilados exclusivos, Chivas Regal ofrece una experiencia de degustaci\u00f3n \u00fanica que [&hellip;]<\/p>\n","protected":false},"featured_media":11718,"template":"","meta":{"_gspb_post_css":""},"store":[],"product_brand":[],"product_cat":[16],"product_tag":[],"class_list":{"0":"post-11719","1":"product","2":"type-product","3":"status-publish","4":"has-post-thumbnail","6":"product_cat-sin-categorizar","8":"first","9":"instock","10":"sale","11":"shipping-taxable","12":"product-type-external"},"jetpack_sharing_enabled":true,"_links":{"self":[{"href":"https:\/\/ofertacular.com\/index.php\/wp-json\/wp\/v2\/product\/11719","targetHints":{"allow":["GET"]}}],"collection":[{"href":"https:\/\/ofertacular.com\/index.php\/wp-json\/wp\/v2\/product"}],"about":[{"href":"https:\/\/ofertacular.com\/index.php\/wp-json\/wp\/v2\/types\/product"}],"wp:featuredmedia":[{"embeddable":true,"href":"https:\/\/ofertacular.com\/index.php\/wp-json\/wp\/v2\/media\/11718"}],"wp:attachment":[{"href":"https:\/\/ofertacular.com\/index.php\/wp-json\/wp\/v2\/media?parent=11719"}],"wp:term":[{"taxonomy":"store","embeddable":true,"href":"https:\/\/ofertacular.com\/index.php\/wp-json\/wp\/v2\/store?post=11719"},{"taxonomy":"product_brand","embeddable":true,"href":"https:\/\/ofertacular.com\/index.php\/wp-json\/wp\/v2\/product_brand?post=11719"},{"taxonomy":"product_cat","embeddable":true,"href":"https:\/\/ofertacular.com\/index.php\/wp-json\/wp\/v2\/product_cat?post=11719"},{"taxonomy":"product_tag","embeddable":true,"href":"https:\/\/ofertacular.com\/index.php\/wp-json\/wp\/v2\/product_tag?post=11719"}],"curies":[{"name":"wp","href":"https:\/\/api.w.org\/{rel}","templated":true}]}}