{"id":11723,"date":"2026-03-04T10:55:35","date_gmt":"2026-03-04T09:55:35","guid":{"rendered":"https:\/\/ofertacular.com\/index.php\/producto\/skechers-sneakers-10\/"},"modified":"2026-03-04T10:55:35","modified_gmt":"2026-03-04T09:55:35","slug":"skechers-sneakers-10","status":"publish","type":"product","link":"https:\/\/ofertacular.com\/index.php\/producto\/skechers-sneakers-10\/","title":{"rendered":"Skechers Sneakers"},"content":{"rendered":"<div class=\"oferta-container\">\n<p>\ud83d\udfe5 <b>\u00a1S\u00d3LO HOY!<\/b> \ud83d\udfe5 #Publicidad #Amazon #16<\/p>\n<p>\ud83d\udd34 <b>Sneakers Skechers <\/b><\/p>\n<p>\u2705 <b>AHORA 38.97 \u20ac<\/b> \u2714\ufe0f\ud83d\udfe1<\/p>\n<p>\u274c Antes 69.95 \u20ac<\/p>\n<p>\ud83d\uded2: <a href=\"https:\/\/btz.es\/5mTtbOB\" target=\"_blank\" rel=\"nofollow noopener\">https:\/\/btz.es\/5mTtbOB<\/a><\/p>\n<p>Descubre la comodidad y estilo con las Sneakers Skechers, dise\u00f1adas para ofrecer un ajuste perfecto y m\u00e1xima durabilidad. Ideales para cualquier ocasi\u00f3n, estas zapatillas combinan tecnolog\u00eda avanzada en amortiguaci\u00f3n con un dise\u00f1o moderno que resalta tu personalidad. Perfectas para quienes buscan calidad y tendencia en calzado deportivo y casual. Optimiza tu look y rendimiento con las Sneakers Skechers, la elecci\u00f3n favorita para un uso diario c\u00f3modo y estilizado.<\/p>\n<\/p><\/div>\n","protected":false},"excerpt":{"rendered":"<p>\ud83d\udfe5 \u00a1S\u00d3LO HOY! \ud83d\udfe5 #Publicidad #Amazon #16 \ud83d\udd34 Sneakers Skechers \u2705 AHORA 38.97 \u20ac \u2714\ufe0f\ud83d\udfe1 \u274c Antes 69.95 \u20ac \ud83d\uded2: https:\/\/btz.es\/5mTtbOB Descubre la comodidad y estilo con las Sneakers Skechers, dise\u00f1adas para ofrecer un ajuste perfecto y m\u00e1xima durabilidad. Ideales para cualquier ocasi\u00f3n, estas zapatillas combinan tecnolog\u00eda avanzada en amortiguaci\u00f3n con un dise\u00f1o moderno que [&hellip;]<\/p>\n","protected":false},"featured_media":11722,"template":"","meta":{"_gspb_post_css":""},"store":[],"product_brand":[],"product_cat":[16],"product_tag":[],"class_list":{"0":"post-11723","1":"product","2":"type-product","3":"status-publish","4":"has-post-thumbnail","6":"product_cat-sin-categorizar","8":"first","9":"instock","10":"sale","11":"shipping-taxable","12":"product-type-external"},"jetpack_sharing_enabled":true,"_links":{"self":[{"href":"https:\/\/ofertacular.com\/index.php\/wp-json\/wp\/v2\/product\/11723","targetHints":{"allow":["GET"]}}],"collection":[{"href":"https:\/\/ofertacular.com\/index.php\/wp-json\/wp\/v2\/product"}],"about":[{"href":"https:\/\/ofertacular.com\/index.php\/wp-json\/wp\/v2\/types\/product"}],"wp:featuredmedia":[{"embeddable":true,"href":"https:\/\/ofertacular.com\/index.php\/wp-json\/wp\/v2\/media\/11722"}],"wp:attachment":[{"href":"https:\/\/ofertacular.com\/index.php\/wp-json\/wp\/v2\/media?parent=11723"}],"wp:term":[{"taxonomy":"store","embeddable":true,"href":"https:\/\/ofertacular.com\/index.php\/wp-json\/wp\/v2\/store?post=11723"},{"taxonomy":"product_brand","embeddable":true,"href":"https:\/\/ofertacular.com\/index.php\/wp-json\/wp\/v2\/product_brand?post=11723"},{"taxonomy":"product_cat","embeddable":true,"href":"https:\/\/ofertacular.com\/index.php\/wp-json\/wp\/v2\/product_cat?post=11723"},{"taxonomy":"product_tag","embeddable":true,"href":"https:\/\/ofertacular.com\/index.php\/wp-json\/wp\/v2\/product_tag?post=11723"}],"curies":[{"name":"wp","href":"https:\/\/api.w.org\/{rel}","templated":true}]}}