{"id":11777,"date":"2026-03-05T13:23:48","date_gmt":"2026-03-05T12:23:48","guid":{"rendered":"https:\/\/ofertacular.com\/index.php\/producto\/geox-sneakers-2\/"},"modified":"2026-03-05T13:23:48","modified_gmt":"2026-03-05T12:23:48","slug":"geox-sneakers-2","status":"publish","type":"product","link":"https:\/\/ofertacular.com\/index.php\/producto\/geox-sneakers-2\/","title":{"rendered":"Geox Sneakers"},"content":{"rendered":"<div class=\"oferta-container\">\n<p>\ud83d\udfe5 <b>EXCLUSIVO<\/b> \ud83d\udfe5 #Publicidad #Amazon #16<\/p>\n<p>\ud83d\udd34 <b>Sneakers Hombre <\/b><\/p>\n<p>\u2705 <b>AHORA 34.74 \u20ac<\/b> \u2714\ufe0f\ud83d\udfe1<\/p>\n<p>\u274c Antes 52.33 \u20ac<\/p>\n<p>\ud83d\uded2: <a href=\"https:\/\/btz.es\/5mZKRWg\" target=\"_blank\" rel=\"nofollow noopener\">https:\/\/btz.es\/5mZKRWg<\/a><\/p>\n<p>Descubre las Sneakers para hombre de Geox, dise\u00f1adas con la innovadora tecnolog\u00eda Respira que ofrece una transpirabilidad superior y m\u00e1ximo confort durante todo el d\u00eda. Estas zapatillas combinan estilo contempor\u00e1neo con una construcci\u00f3n durable, ideales para un estilo de vida activo y urbano. Perfectas para quienes buscan un calzado vers\u00e1til y de alta calidad que se adapta a cualquier ocasi\u00f3n. Aprovecha ya la oferta exclusiva y disfruta de la comodidad y el dise\u00f1o de Geox a un precio especial.<\/p>\n<\/p><\/div>\n","protected":false},"excerpt":{"rendered":"<p>\ud83d\udfe5 EXCLUSIVO \ud83d\udfe5 #Publicidad #Amazon #16 \ud83d\udd34 Sneakers Hombre \u2705 AHORA 34.74 \u20ac \u2714\ufe0f\ud83d\udfe1 \u274c Antes 52.33 \u20ac \ud83d\uded2: https:\/\/btz.es\/5mZKRWg Descubre las Sneakers para hombre de Geox, dise\u00f1adas con la innovadora tecnolog\u00eda Respira que ofrece una transpirabilidad superior y m\u00e1ximo confort durante todo el d\u00eda. Estas zapatillas combinan estilo contempor\u00e1neo con una construcci\u00f3n durable, ideales [&hellip;]<\/p>\n","protected":false},"featured_media":11776,"template":"","meta":{"_gspb_post_css":""},"store":[],"product_brand":[],"product_cat":[16],"product_tag":[],"class_list":{"0":"post-11777","1":"product","2":"type-product","3":"status-publish","4":"has-post-thumbnail","6":"product_cat-sin-categorizar","8":"first","9":"instock","10":"sale","11":"shipping-taxable","12":"product-type-external"},"jetpack_sharing_enabled":true,"_links":{"self":[{"href":"https:\/\/ofertacular.com\/index.php\/wp-json\/wp\/v2\/product\/11777","targetHints":{"allow":["GET"]}}],"collection":[{"href":"https:\/\/ofertacular.com\/index.php\/wp-json\/wp\/v2\/product"}],"about":[{"href":"https:\/\/ofertacular.com\/index.php\/wp-json\/wp\/v2\/types\/product"}],"wp:featuredmedia":[{"embeddable":true,"href":"https:\/\/ofertacular.com\/index.php\/wp-json\/wp\/v2\/media\/11776"}],"wp:attachment":[{"href":"https:\/\/ofertacular.com\/index.php\/wp-json\/wp\/v2\/media?parent=11777"}],"wp:term":[{"taxonomy":"store","embeddable":true,"href":"https:\/\/ofertacular.com\/index.php\/wp-json\/wp\/v2\/store?post=11777"},{"taxonomy":"product_brand","embeddable":true,"href":"https:\/\/ofertacular.com\/index.php\/wp-json\/wp\/v2\/product_brand?post=11777"},{"taxonomy":"product_cat","embeddable":true,"href":"https:\/\/ofertacular.com\/index.php\/wp-json\/wp\/v2\/product_cat?post=11777"},{"taxonomy":"product_tag","embeddable":true,"href":"https:\/\/ofertacular.com\/index.php\/wp-json\/wp\/v2\/product_tag?post=11777"}],"curies":[{"name":"wp","href":"https:\/\/api.w.org\/{rel}","templated":true}]}}