{"id":11809,"date":"2026-03-09T07:28:35","date_gmt":"2026-03-09T06:28:35","guid":{"rendered":"https:\/\/ofertacular.com\/index.php\/producto\/intex-piscina-2\/"},"modified":"2026-03-09T07:28:35","modified_gmt":"2026-03-09T06:28:35","slug":"intex-piscina-2","status":"publish","type":"product","link":"https:\/\/ofertacular.com\/index.php\/producto\/intex-piscina-2\/","title":{"rendered":"Intex Piscina"},"content":{"rendered":"<div class=\"oferta-container\">\n<p>\ud83d\udfe5 <b>DATE PRISA<\/b> \ud83d\udfe5 #Publicidad #Amazon #16<\/p>\n<p>\ud83d\udd34 <b>Piscina Intex <\/b><\/p>\n<p>\u2705 <b>AHORA 322.79 \u20ac<\/b> \u2714\ufe0f\ud83d\udfe1<\/p>\n<p>\u274c Antes 449.00 \u20ac<\/p>\n<p>\ud83d\uded2: <a href=\"https:\/\/btz.es\/5nvH7OO\" target=\"_blank\" rel=\"nofollow noopener\">https:\/\/btz.es\/5nvH7OO<\/a><\/p>\n<p>Disfruta del verano y crea momentos inolvidables con la Piscina Intex, dise\u00f1ada para ofrecer diversi\u00f3n y comodidad en tu hogar. Fabricada con materiales de alta calidad, esta piscina es resistente y f\u00e1cil de instalar, ideal para toda la familia. Aprovecha esta oferta y convierte tu jard\u00edn en un oasis refrescante.<\/p>\n<\/p><\/div>\n","protected":false},"excerpt":{"rendered":"<p>\ud83d\udfe5 DATE PRISA \ud83d\udfe5 #Publicidad #Amazon #16 \ud83d\udd34 Piscina Intex \u2705 AHORA 322.79 \u20ac \u2714\ufe0f\ud83d\udfe1 \u274c Antes 449.00 \u20ac \ud83d\uded2: https:\/\/btz.es\/5nvH7OO Disfruta del verano y crea momentos inolvidables con la Piscina Intex, dise\u00f1ada para ofrecer diversi\u00f3n y comodidad en tu hogar. Fabricada con materiales de alta calidad, esta piscina es resistente y f\u00e1cil de instalar, [&hellip;]<\/p>\n","protected":false},"featured_media":11808,"template":"","meta":{"_gspb_post_css":""},"store":[],"product_brand":[],"product_cat":[16],"product_tag":[],"class_list":{"0":"post-11809","1":"product","2":"type-product","3":"status-publish","4":"has-post-thumbnail","6":"product_cat-sin-categorizar","8":"first","9":"instock","10":"sale","11":"shipping-taxable","12":"product-type-external"},"jetpack_sharing_enabled":true,"_links":{"self":[{"href":"https:\/\/ofertacular.com\/index.php\/wp-json\/wp\/v2\/product\/11809","targetHints":{"allow":["GET"]}}],"collection":[{"href":"https:\/\/ofertacular.com\/index.php\/wp-json\/wp\/v2\/product"}],"about":[{"href":"https:\/\/ofertacular.com\/index.php\/wp-json\/wp\/v2\/types\/product"}],"wp:featuredmedia":[{"embeddable":true,"href":"https:\/\/ofertacular.com\/index.php\/wp-json\/wp\/v2\/media\/11808"}],"wp:attachment":[{"href":"https:\/\/ofertacular.com\/index.php\/wp-json\/wp\/v2\/media?parent=11809"}],"wp:term":[{"taxonomy":"store","embeddable":true,"href":"https:\/\/ofertacular.com\/index.php\/wp-json\/wp\/v2\/store?post=11809"},{"taxonomy":"product_brand","embeddable":true,"href":"https:\/\/ofertacular.com\/index.php\/wp-json\/wp\/v2\/product_brand?post=11809"},{"taxonomy":"product_cat","embeddable":true,"href":"https:\/\/ofertacular.com\/index.php\/wp-json\/wp\/v2\/product_cat?post=11809"},{"taxonomy":"product_tag","embeddable":true,"href":"https:\/\/ofertacular.com\/index.php\/wp-json\/wp\/v2\/product_tag?post=11809"}],"curies":[{"name":"wp","href":"https:\/\/api.w.org\/{rel}","templated":true}]}}