{"id":11817,"date":"2026-03-09T07:41:45","date_gmt":"2026-03-09T06:41:45","guid":{"rendered":"https:\/\/ofertacular.com\/index.php\/producto\/cecotec-microondas-3\/"},"modified":"2026-03-09T07:41:45","modified_gmt":"2026-03-09T06:41:45","slug":"cecotec-microondas-3","status":"publish","type":"product","link":"https:\/\/ofertacular.com\/index.php\/producto\/cecotec-microondas-3\/","title":{"rendered":"Cecotec Microondas"},"content":{"rendered":"<div class=\"oferta-container\">\n<p>\ud83d\udfe5 <b>\u00a1APROVECHA!<\/b> \ud83d\udfe5 #Publicidad #Amazon #16<\/p>\n<p>\ud83d\udd34 <b>Microondas Cecotec <\/b><\/p>\n<p>\u2705 <b>AHORA 53.9 \u20ac<\/b> \u2714\ufe0f\ud83d\udfe1<\/p>\n<p>\u274c Antes <\/p>\n<p>\ud83d\uded2: <a href=\"https:\/\/btz.es\/5nvKRtE\" target=\"_blank\" rel=\"nofollow noopener\">https:\/\/btz.es\/5nvKRtE<\/a><\/p>\n<p>Descubre el Microondas Cecotec, el electrodom\u00e9stico ideal para tu cocina que combina eficiencia, dise\u00f1o moderno y funciones avanzadas para facilitar la preparaci\u00f3n de tus comidas. Con tecnolog\u00eda innovadora y un rendimiento superior, este microondas garantiza calentamientos r\u00e1pidos y uniformes, ahorrando tiempo y energ\u00eda. Perfecto para hogares que buscan calidad y funcionalidad en un solo producto.<\/p>\n<\/p><\/div>\n","protected":false},"excerpt":{"rendered":"<p>\ud83d\udfe5 \u00a1APROVECHA! \ud83d\udfe5 #Publicidad #Amazon #16 \ud83d\udd34 Microondas Cecotec \u2705 AHORA 53.9 \u20ac \u2714\ufe0f\ud83d\udfe1 \u274c Antes \ud83d\uded2: https:\/\/btz.es\/5nvKRtE Descubre el Microondas Cecotec, el electrodom\u00e9stico ideal para tu cocina que combina eficiencia, dise\u00f1o moderno y funciones avanzadas para facilitar la preparaci\u00f3n de tus comidas. Con tecnolog\u00eda innovadora y un rendimiento superior, este microondas garantiza calentamientos r\u00e1pidos [&hellip;]<\/p>\n","protected":false},"featured_media":11816,"template":"","meta":{"_gspb_post_css":""},"store":[],"product_brand":[],"product_cat":[16],"product_tag":[],"class_list":{"0":"post-11817","1":"product","2":"type-product","3":"status-publish","4":"has-post-thumbnail","6":"product_cat-sin-categorizar","8":"first","9":"instock","10":"shipping-taxable","11":"product-type-external"},"jetpack_sharing_enabled":true,"_links":{"self":[{"href":"https:\/\/ofertacular.com\/index.php\/wp-json\/wp\/v2\/product\/11817","targetHints":{"allow":["GET"]}}],"collection":[{"href":"https:\/\/ofertacular.com\/index.php\/wp-json\/wp\/v2\/product"}],"about":[{"href":"https:\/\/ofertacular.com\/index.php\/wp-json\/wp\/v2\/types\/product"}],"wp:featuredmedia":[{"embeddable":true,"href":"https:\/\/ofertacular.com\/index.php\/wp-json\/wp\/v2\/media\/11816"}],"wp:attachment":[{"href":"https:\/\/ofertacular.com\/index.php\/wp-json\/wp\/v2\/media?parent=11817"}],"wp:term":[{"taxonomy":"store","embeddable":true,"href":"https:\/\/ofertacular.com\/index.php\/wp-json\/wp\/v2\/store?post=11817"},{"taxonomy":"product_brand","embeddable":true,"href":"https:\/\/ofertacular.com\/index.php\/wp-json\/wp\/v2\/product_brand?post=11817"},{"taxonomy":"product_cat","embeddable":true,"href":"https:\/\/ofertacular.com\/index.php\/wp-json\/wp\/v2\/product_cat?post=11817"},{"taxonomy":"product_tag","embeddable":true,"href":"https:\/\/ofertacular.com\/index.php\/wp-json\/wp\/v2\/product_tag?post=11817"}],"curies":[{"name":"wp","href":"https:\/\/api.w.org\/{rel}","templated":true}]}}