{"id":11853,"date":"2026-03-09T11:13:38","date_gmt":"2026-03-09T10:13:38","guid":{"rendered":"https:\/\/ofertacular.com\/index.php\/producto\/nike-sneaker-2\/"},"modified":"2026-03-09T11:13:38","modified_gmt":"2026-03-09T10:13:38","slug":"nike-sneaker-2","status":"publish","type":"product","link":"https:\/\/ofertacular.com\/index.php\/producto\/nike-sneaker-2\/","title":{"rendered":"Nike Sneaker"},"content":{"rendered":"<div class=\"oferta-container\">\n<p>\ud83d\udfe5 <b>DATE PRISA<\/b> \ud83d\udfe5 #Publicidad #Amazon #16<\/p>\n<p>\ud83d\udd34 <b>Sneakers Nike <\/b><\/p>\n<p>\u2705 <b>AHORA 47.99 \u20ac<\/b> \u2714\ufe0f\ud83d\udfe1<\/p>\n<p>\u274c Antes 79.99 \u20ac<\/p>\n<p>\ud83d\uded2: <a href=\"https:\/\/btz.es\/5nwCmJe\" target=\"_blank\" rel=\"nofollow noopener\">https:\/\/btz.es\/5nwCmJe<\/a><\/p>\n<p>Descubre la comodidad y estilo excepcionales con los Sneakers Nike, dise\u00f1ados para brindar el m\u00e1ximo rendimiento y un look moderno. Ideales para cualquier actividad, estos tenis combinan tecnolog\u00eda avanzada y dise\u00f1o innovador para destacar en cada paso. Compra ahora y disfruta de la mejor calidad en calzado deportivo con Nike, l\u00edder mundial en zapatillas deportivas.<\/p>\n<\/p><\/div>\n","protected":false},"excerpt":{"rendered":"<p>\ud83d\udfe5 DATE PRISA \ud83d\udfe5 #Publicidad #Amazon #16 \ud83d\udd34 Sneakers Nike \u2705 AHORA 47.99 \u20ac \u2714\ufe0f\ud83d\udfe1 \u274c Antes 79.99 \u20ac \ud83d\uded2: https:\/\/btz.es\/5nwCmJe Descubre la comodidad y estilo excepcionales con los Sneakers Nike, dise\u00f1ados para brindar el m\u00e1ximo rendimiento y un look moderno. Ideales para cualquier actividad, estos tenis combinan tecnolog\u00eda avanzada y dise\u00f1o innovador para destacar [&hellip;]<\/p>\n","protected":false},"featured_media":11852,"template":"","meta":{"_gspb_post_css":""},"store":[],"product_brand":[],"product_cat":[16],"product_tag":[],"class_list":{"0":"post-11853","1":"product","2":"type-product","3":"status-publish","4":"has-post-thumbnail","6":"product_cat-sin-categorizar","8":"first","9":"instock","10":"sale","11":"shipping-taxable","12":"product-type-external"},"jetpack_sharing_enabled":true,"_links":{"self":[{"href":"https:\/\/ofertacular.com\/index.php\/wp-json\/wp\/v2\/product\/11853","targetHints":{"allow":["GET"]}}],"collection":[{"href":"https:\/\/ofertacular.com\/index.php\/wp-json\/wp\/v2\/product"}],"about":[{"href":"https:\/\/ofertacular.com\/index.php\/wp-json\/wp\/v2\/types\/product"}],"wp:featuredmedia":[{"embeddable":true,"href":"https:\/\/ofertacular.com\/index.php\/wp-json\/wp\/v2\/media\/11852"}],"wp:attachment":[{"href":"https:\/\/ofertacular.com\/index.php\/wp-json\/wp\/v2\/media?parent=11853"}],"wp:term":[{"taxonomy":"store","embeddable":true,"href":"https:\/\/ofertacular.com\/index.php\/wp-json\/wp\/v2\/store?post=11853"},{"taxonomy":"product_brand","embeddable":true,"href":"https:\/\/ofertacular.com\/index.php\/wp-json\/wp\/v2\/product_brand?post=11853"},{"taxonomy":"product_cat","embeddable":true,"href":"https:\/\/ofertacular.com\/index.php\/wp-json\/wp\/v2\/product_cat?post=11853"},{"taxonomy":"product_tag","embeddable":true,"href":"https:\/\/ofertacular.com\/index.php\/wp-json\/wp\/v2\/product_tag?post=11853"}],"curies":[{"name":"wp","href":"https:\/\/api.w.org\/{rel}","templated":true}]}}