{"id":11871,"date":"2026-03-10T07:45:58","date_gmt":"2026-03-10T06:45:58","guid":{"rendered":"https:\/\/ofertacular.com\/index.php\/producto\/hawkers-gafas-19\/"},"modified":"2026-03-10T07:45:58","modified_gmt":"2026-03-10T06:45:58","slug":"hawkers-gafas-19","status":"publish","type":"product","link":"https:\/\/ofertacular.com\/index.php\/producto\/hawkers-gafas-19\/","title":{"rendered":"HAWKERS Gafas"},"content":{"rendered":"<div class=\"oferta-container\">\n<p>\ud83d\udfe5 <b>EXCLUSIVO<\/b> \ud83d\udfe5 #Publicidad #Amazon #16<\/p>\n<p>\ud83d\udd34 <b>Gafas Hawkers <\/b><\/p>\n<p>\u2705 <b>AHORA 15.8 \u20ac<\/b> \u2714\ufe0f\ud83d\udfe1<\/p>\n<p>\u274c Antes 39.99 \u20ac<\/p>\n<p>\ud83d\uded2: <a href=\"https:\/\/btz.es\/5n1C14H\" target=\"_blank\" rel=\"nofollow noopener\">https:\/\/btz.es\/5n1C14H<\/a><\/p>\n<p>Descubre la elegancia y protecci\u00f3n con las gafas Hawkers, dise\u00f1adas para ofrecer un estilo \u00fanico y confortable. Estas gafas combinan materiales de alta calidad y un dise\u00f1o moderno, ideales para cualquier ocasi\u00f3n. Mejora tu look y protege tus ojos con las gafas Hawkers, la elecci\u00f3n perfecta para quienes buscan moda y funcionalidad en un solo accesorio.<\/p>\n<\/p><\/div>\n","protected":false},"excerpt":{"rendered":"<p>\ud83d\udfe5 EXCLUSIVO \ud83d\udfe5 #Publicidad #Amazon #16 \ud83d\udd34 Gafas Hawkers \u2705 AHORA 15.8 \u20ac \u2714\ufe0f\ud83d\udfe1 \u274c Antes 39.99 \u20ac \ud83d\uded2: https:\/\/btz.es\/5n1C14H Descubre la elegancia y protecci\u00f3n con las gafas Hawkers, dise\u00f1adas para ofrecer un estilo \u00fanico y confortable. Estas gafas combinan materiales de alta calidad y un dise\u00f1o moderno, ideales para cualquier ocasi\u00f3n. Mejora tu look [&hellip;]<\/p>\n","protected":false},"featured_media":11870,"template":"","meta":{"_gspb_post_css":""},"store":[],"product_brand":[],"product_cat":[16],"product_tag":[],"class_list":{"0":"post-11871","1":"product","2":"type-product","3":"status-publish","4":"has-post-thumbnail","6":"product_cat-sin-categorizar","8":"first","9":"instock","10":"sale","11":"shipping-taxable","12":"product-type-external"},"jetpack_sharing_enabled":true,"_links":{"self":[{"href":"https:\/\/ofertacular.com\/index.php\/wp-json\/wp\/v2\/product\/11871","targetHints":{"allow":["GET"]}}],"collection":[{"href":"https:\/\/ofertacular.com\/index.php\/wp-json\/wp\/v2\/product"}],"about":[{"href":"https:\/\/ofertacular.com\/index.php\/wp-json\/wp\/v2\/types\/product"}],"wp:featuredmedia":[{"embeddable":true,"href":"https:\/\/ofertacular.com\/index.php\/wp-json\/wp\/v2\/media\/11870"}],"wp:attachment":[{"href":"https:\/\/ofertacular.com\/index.php\/wp-json\/wp\/v2\/media?parent=11871"}],"wp:term":[{"taxonomy":"store","embeddable":true,"href":"https:\/\/ofertacular.com\/index.php\/wp-json\/wp\/v2\/store?post=11871"},{"taxonomy":"product_brand","embeddable":true,"href":"https:\/\/ofertacular.com\/index.php\/wp-json\/wp\/v2\/product_brand?post=11871"},{"taxonomy":"product_cat","embeddable":true,"href":"https:\/\/ofertacular.com\/index.php\/wp-json\/wp\/v2\/product_cat?post=11871"},{"taxonomy":"product_tag","embeddable":true,"href":"https:\/\/ofertacular.com\/index.php\/wp-json\/wp\/v2\/product_tag?post=11871"}],"curies":[{"name":"wp","href":"https:\/\/api.w.org\/{rel}","templated":true}]}}