{"id":11877,"date":"2026-03-10T08:22:10","date_gmt":"2026-03-10T07:22:10","guid":{"rendered":"https:\/\/ofertacular.com\/index.php\/producto\/lefant-m2-2\/"},"modified":"2026-03-10T08:22:10","modified_gmt":"2026-03-10T07:22:10","slug":"lefant-m2-2","status":"publish","type":"product","link":"https:\/\/ofertacular.com\/index.php\/producto\/lefant-m2-2\/","title":{"rendered":"LEFANT M2"},"content":{"rendered":"<div class=\"oferta-container\">\n<p>\ud83d\udfe5 <b>\u00a1OFERTA ESPECIAL!<\/b> \ud83d\udfe5 #Publicidad #Amazon #16<\/p>\n<p>\ud83d\udd34 <b>Micr\u00f3fono inal\u00e1mbrico <\/b><\/p>\n<p>\u2705 <b>AHORA 99.98 \u20ac<\/b> \u2714\ufe0f\ud83d\udfe1<\/p>\n<p>\u274c Antes 379.99 \u20ac<\/p>\n<p>\ud83d\uded2: <a href=\"https:\/\/btz.es\/5n1L832\" target=\"_blank\" rel=\"nofollow noopener\">https:\/\/btz.es\/5n1L832<\/a><\/p>\n<p>Descubre el Micr\u00f3fono Inal\u00e1mbrico LEFANT M2, dise\u00f1ado para ofrecer una experiencia sonora superior con tecnolog\u00eda de punta. Perfecto para profesionales del audio, conferencias y eventos en vivo, combina calidad de sonido excepcional con una conectividad estable y f\u00e1cil de usar. Potencia tus presentaciones y grabaciones con este micr\u00f3fono que garantiza claridad y alcance \u00f3ptimo. Consigue el mejor rendimiento y estilo con LEFANT, l\u00edder en soluciones de audio inal\u00e1mbrico.<\/p>\n<\/p><\/div>\n","protected":false},"excerpt":{"rendered":"<p>\ud83d\udfe5 \u00a1OFERTA ESPECIAL! \ud83d\udfe5 #Publicidad #Amazon #16 \ud83d\udd34 Micr\u00f3fono inal\u00e1mbrico \u2705 AHORA 99.98 \u20ac \u2714\ufe0f\ud83d\udfe1 \u274c Antes 379.99 \u20ac \ud83d\uded2: https:\/\/btz.es\/5n1L832 Descubre el Micr\u00f3fono Inal\u00e1mbrico LEFANT M2, dise\u00f1ado para ofrecer una experiencia sonora superior con tecnolog\u00eda de punta. Perfecto para profesionales del audio, conferencias y eventos en vivo, combina calidad de sonido excepcional con una [&hellip;]<\/p>\n","protected":false},"featured_media":11876,"template":"","meta":{"_gspb_post_css":""},"store":[],"product_brand":[],"product_cat":[16],"product_tag":[],"class_list":{"0":"post-11877","1":"product","2":"type-product","3":"status-publish","4":"has-post-thumbnail","6":"product_cat-sin-categorizar","8":"first","9":"instock","10":"sale","11":"shipping-taxable","12":"product-type-external"},"jetpack_sharing_enabled":true,"_links":{"self":[{"href":"https:\/\/ofertacular.com\/index.php\/wp-json\/wp\/v2\/product\/11877","targetHints":{"allow":["GET"]}}],"collection":[{"href":"https:\/\/ofertacular.com\/index.php\/wp-json\/wp\/v2\/product"}],"about":[{"href":"https:\/\/ofertacular.com\/index.php\/wp-json\/wp\/v2\/types\/product"}],"wp:featuredmedia":[{"embeddable":true,"href":"https:\/\/ofertacular.com\/index.php\/wp-json\/wp\/v2\/media\/11876"}],"wp:attachment":[{"href":"https:\/\/ofertacular.com\/index.php\/wp-json\/wp\/v2\/media?parent=11877"}],"wp:term":[{"taxonomy":"store","embeddable":true,"href":"https:\/\/ofertacular.com\/index.php\/wp-json\/wp\/v2\/store?post=11877"},{"taxonomy":"product_brand","embeddable":true,"href":"https:\/\/ofertacular.com\/index.php\/wp-json\/wp\/v2\/product_brand?post=11877"},{"taxonomy":"product_cat","embeddable":true,"href":"https:\/\/ofertacular.com\/index.php\/wp-json\/wp\/v2\/product_cat?post=11877"},{"taxonomy":"product_tag","embeddable":true,"href":"https:\/\/ofertacular.com\/index.php\/wp-json\/wp\/v2\/product_tag?post=11877"}],"curies":[{"name":"wp","href":"https:\/\/api.w.org\/{rel}","templated":true}]}}