{"id":11879,"date":"2026-03-10T08:26:29","date_gmt":"2026-03-10T07:26:29","guid":{"rendered":"https:\/\/ofertacular.com\/index.php\/producto\/ring-camera\/"},"modified":"2026-03-10T08:26:29","modified_gmt":"2026-03-10T07:26:29","slug":"ring-camera","status":"publish","type":"product","link":"https:\/\/ofertacular.com\/index.php\/producto\/ring-camera\/","title":{"rendered":"Ring Camera"},"content":{"rendered":"<div class=\"oferta-container\">\n<p>\ud83d\udfe5 <b>ES UN CHOLL\u00d3N<\/b> \ud83d\udfe5 #Publicidad #Amazon #16<\/p>\n<p>\ud83d\udd34 <b>C\u00e1mara Ring <\/b><\/p>\n<p>\u2705 <b>AHORA 54.99 \u20ac<\/b> \u2714\ufe0f\ud83d\udfe1<\/p>\n<p>\u274c Antes 99.99 \u20ac<\/p>\n<p>\ud83d\uded2: <a href=\"https:\/\/btz.es\/5n1MDUC\" target=\"_blank\" rel=\"nofollow noopener\">https:\/\/btz.es\/5n1MDUC<\/a><\/p>\n<p>Explora la c\u00e1mara Ring, una soluci\u00f3n avanzada en seguridad para tu hogar. Con tecnolog\u00eda de vanguardia y conectividad inteligente, esta c\u00e1mara te permite monitorear tu propiedad en tiempo real desde cualquier dispositivo. Ideal para proteger las entradas principales, esta c\u00e1mara ofrece im\u00e1genes n\u00edtidas y notificaciones instant\u00e1neas para que siempre est\u00e9s informado. Optimizada para usuarios que buscan calidad y seguridad confiable, la c\u00e1mara Ring es la herramienta perfecta para mantener tu hogar seguro y vigilado las 24 horas.<\/p>\n<\/p><\/div>\n","protected":false},"excerpt":{"rendered":"<p>\ud83d\udfe5 ES UN CHOLL\u00d3N \ud83d\udfe5 #Publicidad #Amazon #16 \ud83d\udd34 C\u00e1mara Ring \u2705 AHORA 54.99 \u20ac \u2714\ufe0f\ud83d\udfe1 \u274c Antes 99.99 \u20ac \ud83d\uded2: https:\/\/btz.es\/5n1MDUC Explora la c\u00e1mara Ring, una soluci\u00f3n avanzada en seguridad para tu hogar. Con tecnolog\u00eda de vanguardia y conectividad inteligente, esta c\u00e1mara te permite monitorear tu propiedad en tiempo real desde cualquier dispositivo. Ideal [&hellip;]<\/p>\n","protected":false},"featured_media":11878,"template":"","meta":{"_gspb_post_css":""},"store":[],"product_brand":[],"product_cat":[16],"product_tag":[],"class_list":{"0":"post-11879","1":"product","2":"type-product","3":"status-publish","4":"has-post-thumbnail","6":"product_cat-sin-categorizar","8":"first","9":"instock","10":"sale","11":"shipping-taxable","12":"product-type-external"},"jetpack_sharing_enabled":true,"_links":{"self":[{"href":"https:\/\/ofertacular.com\/index.php\/wp-json\/wp\/v2\/product\/11879","targetHints":{"allow":["GET"]}}],"collection":[{"href":"https:\/\/ofertacular.com\/index.php\/wp-json\/wp\/v2\/product"}],"about":[{"href":"https:\/\/ofertacular.com\/index.php\/wp-json\/wp\/v2\/types\/product"}],"wp:featuredmedia":[{"embeddable":true,"href":"https:\/\/ofertacular.com\/index.php\/wp-json\/wp\/v2\/media\/11878"}],"wp:attachment":[{"href":"https:\/\/ofertacular.com\/index.php\/wp-json\/wp\/v2\/media?parent=11879"}],"wp:term":[{"taxonomy":"store","embeddable":true,"href":"https:\/\/ofertacular.com\/index.php\/wp-json\/wp\/v2\/store?post=11879"},{"taxonomy":"product_brand","embeddable":true,"href":"https:\/\/ofertacular.com\/index.php\/wp-json\/wp\/v2\/product_brand?post=11879"},{"taxonomy":"product_cat","embeddable":true,"href":"https:\/\/ofertacular.com\/index.php\/wp-json\/wp\/v2\/product_cat?post=11879"},{"taxonomy":"product_tag","embeddable":true,"href":"https:\/\/ofertacular.com\/index.php\/wp-json\/wp\/v2\/product_tag?post=11879"}],"curies":[{"name":"wp","href":"https:\/\/api.w.org\/{rel}","templated":true}]}}