{"id":11946,"date":"2026-03-12T07:22:42","date_gmt":"2026-03-12T06:22:42","guid":{"rendered":"https:\/\/ofertacular.com\/index.php\/producto\/philips-ambilight-tv-3\/"},"modified":"2026-03-12T07:22:42","modified_gmt":"2026-03-12T06:22:42","slug":"philips-ambilight-tv-3","status":"publish","type":"product","link":"https:\/\/ofertacular.com\/index.php\/producto\/philips-ambilight-tv-3\/","title":{"rendered":"Philips Ambilight TV"},"content":{"rendered":"<div class=\"oferta-container\">\n<p>\ud83d\udfe5 <b>CHOLLAZO<\/b> \ud83d\udfe5 #Publicidad #Amazon #16<\/p>\n<p>\ud83d\udd34 <b>Televisor Ambilight <\/b><\/p>\n<p>\u2705 <b>AHORA 409 \u20ac<\/b> \u2714\ufe0f\ud83d\udfe1<\/p>\n<p>\u274c Antes 699.00 \u20ac<\/p>\n<p>\ud83d\uded2: <a href=\"https:\/\/btz.es\/5nDnDJe\" target=\"_blank\" rel=\"nofollow noopener\">https:\/\/btz.es\/5nDnDJe<\/a><\/p>\n<p>Descubre la experiencia visual inmersiva con el Televisor Ambilight de Philips, que combina tecnolog\u00eda avanzada y un dise\u00f1o elegante para ofrecer im\u00e1genes vibrantes y colores intensos. Ideal para disfrutar de pel\u00edculas, series y videojuegos con una calidad de imagen superior y un ambiente luminoso \u00fanico que expande la sensaci\u00f3n de pantalla m\u00e1s all\u00e1 del televisor. Optimizado para brindar confort visual y m\u00e1xima conectividad, este televisor es la elecci\u00f3n perfecta para tu hogar. Compra ahora y transforma tu sala de estar con tecnolog\u00eda Philips de \u00faltima generaci\u00f3n.<\/p>\n<\/p><\/div>\n","protected":false},"excerpt":{"rendered":"<p>\ud83d\udfe5 CHOLLAZO \ud83d\udfe5 #Publicidad #Amazon #16 \ud83d\udd34 Televisor Ambilight \u2705 AHORA 409 \u20ac \u2714\ufe0f\ud83d\udfe1 \u274c Antes 699.00 \u20ac \ud83d\uded2: https:\/\/btz.es\/5nDnDJe Descubre la experiencia visual inmersiva con el Televisor Ambilight de Philips, que combina tecnolog\u00eda avanzada y un dise\u00f1o elegante para ofrecer im\u00e1genes vibrantes y colores intensos. Ideal para disfrutar de pel\u00edculas, series y videojuegos con [&hellip;]<\/p>\n","protected":false},"featured_media":11945,"template":"","meta":{"_gspb_post_css":""},"store":[],"product_brand":[],"product_cat":[16],"product_tag":[],"class_list":{"0":"post-11946","1":"product","2":"type-product","3":"status-publish","4":"has-post-thumbnail","6":"product_cat-sin-categorizar","8":"first","9":"instock","10":"sale","11":"shipping-taxable","12":"product-type-external"},"jetpack_sharing_enabled":true,"_links":{"self":[{"href":"https:\/\/ofertacular.com\/index.php\/wp-json\/wp\/v2\/product\/11946","targetHints":{"allow":["GET"]}}],"collection":[{"href":"https:\/\/ofertacular.com\/index.php\/wp-json\/wp\/v2\/product"}],"about":[{"href":"https:\/\/ofertacular.com\/index.php\/wp-json\/wp\/v2\/types\/product"}],"wp:featuredmedia":[{"embeddable":true,"href":"https:\/\/ofertacular.com\/index.php\/wp-json\/wp\/v2\/media\/11945"}],"wp:attachment":[{"href":"https:\/\/ofertacular.com\/index.php\/wp-json\/wp\/v2\/media?parent=11946"}],"wp:term":[{"taxonomy":"store","embeddable":true,"href":"https:\/\/ofertacular.com\/index.php\/wp-json\/wp\/v2\/store?post=11946"},{"taxonomy":"product_brand","embeddable":true,"href":"https:\/\/ofertacular.com\/index.php\/wp-json\/wp\/v2\/product_brand?post=11946"},{"taxonomy":"product_cat","embeddable":true,"href":"https:\/\/ofertacular.com\/index.php\/wp-json\/wp\/v2\/product_cat?post=11946"},{"taxonomy":"product_tag","embeddable":true,"href":"https:\/\/ofertacular.com\/index.php\/wp-json\/wp\/v2\/product_tag?post=11946"}],"curies":[{"name":"wp","href":"https:\/\/api.w.org\/{rel}","templated":true}]}}