{"id":11952,"date":"2026-03-12T07:40:33","date_gmt":"2026-03-12T06:40:33","guid":{"rendered":"https:\/\/ofertacular.com\/index.php\/producto\/nivea-serum-2\/"},"modified":"2026-03-12T07:40:33","modified_gmt":"2026-03-12T06:40:33","slug":"nivea-serum-2","status":"publish","type":"product","link":"https:\/\/ofertacular.com\/index.php\/producto\/nivea-serum-2\/","title":{"rendered":"NIVEA Serum"},"content":{"rendered":"<div class=\"oferta-container\">\n<p>\ud83d\udfe5 <b>\u00a1OFERT\u00d3N!<\/b> \ud83d\udfe5 #Publicidad #Amazon #16<\/p>\n<p>\ud83d\udd34 <b>Serum facial <\/b><\/p>\n<p>\u2705 <b>AHORA 4.59 \u20ac<\/b> \u2714\ufe0f\ud83d\udfe1<\/p>\n<p>\u274c Antes 27.50 \u20ac<\/p>\n<p>\ud83d\uded2: <a href=\"https:\/\/btz.es\/5nDsito\" target=\"_blank\" rel=\"nofollow noopener\">https:\/\/btz.es\/5nDsito<\/a><\/p>\n<p>Descubre el poder de NIVEA Serum, un tratamiento avanzado dise\u00f1ado para rejuvenecer y revitalizar tu piel. Su f\u00f3rmula enriquecida penetra profundamente, mejorando la hidrataci\u00f3n y reduciendo signos de envejecimiento para una tez radiante y saludable. Ideal para todo tipo de piel, este serum es tu aliado para una rutina de cuidado eficaz y profesional.<\/p>\n<\/p><\/div>\n","protected":false},"excerpt":{"rendered":"<p>\ud83d\udfe5 \u00a1OFERT\u00d3N! \ud83d\udfe5 #Publicidad #Amazon #16 \ud83d\udd34 Serum facial \u2705 AHORA 4.59 \u20ac \u2714\ufe0f\ud83d\udfe1 \u274c Antes 27.50 \u20ac \ud83d\uded2: https:\/\/btz.es\/5nDsito Descubre el poder de NIVEA Serum, un tratamiento avanzado dise\u00f1ado para rejuvenecer y revitalizar tu piel. Su f\u00f3rmula enriquecida penetra profundamente, mejorando la hidrataci\u00f3n y reduciendo signos de envejecimiento para una tez radiante y saludable. [&hellip;]<\/p>\n","protected":false},"featured_media":11951,"template":"","meta":{"_gspb_post_css":""},"store":[],"product_brand":[],"product_cat":[16],"product_tag":[],"class_list":{"0":"post-11952","1":"product","2":"type-product","3":"status-publish","4":"has-post-thumbnail","6":"product_cat-sin-categorizar","8":"first","9":"instock","10":"sale","11":"shipping-taxable","12":"product-type-external"},"jetpack_sharing_enabled":true,"_links":{"self":[{"href":"https:\/\/ofertacular.com\/index.php\/wp-json\/wp\/v2\/product\/11952","targetHints":{"allow":["GET"]}}],"collection":[{"href":"https:\/\/ofertacular.com\/index.php\/wp-json\/wp\/v2\/product"}],"about":[{"href":"https:\/\/ofertacular.com\/index.php\/wp-json\/wp\/v2\/types\/product"}],"wp:featuredmedia":[{"embeddable":true,"href":"https:\/\/ofertacular.com\/index.php\/wp-json\/wp\/v2\/media\/11951"}],"wp:attachment":[{"href":"https:\/\/ofertacular.com\/index.php\/wp-json\/wp\/v2\/media?parent=11952"}],"wp:term":[{"taxonomy":"store","embeddable":true,"href":"https:\/\/ofertacular.com\/index.php\/wp-json\/wp\/v2\/store?post=11952"},{"taxonomy":"product_brand","embeddable":true,"href":"https:\/\/ofertacular.com\/index.php\/wp-json\/wp\/v2\/product_brand?post=11952"},{"taxonomy":"product_cat","embeddable":true,"href":"https:\/\/ofertacular.com\/index.php\/wp-json\/wp\/v2\/product_cat?post=11952"},{"taxonomy":"product_tag","embeddable":true,"href":"https:\/\/ofertacular.com\/index.php\/wp-json\/wp\/v2\/product_tag?post=11952"}],"curies":[{"name":"wp","href":"https:\/\/api.w.org\/{rel}","templated":true}]}}