{"id":11962,"date":"2026-03-12T08:38:25","date_gmt":"2026-03-12T07:38:25","guid":{"rendered":"https:\/\/ofertacular.com\/index.php\/producto\/ring-intercom-3\/"},"modified":"2026-03-12T08:38:25","modified_gmt":"2026-03-12T07:38:25","slug":"ring-intercom-3","status":"publish","type":"product","link":"https:\/\/ofertacular.com\/index.php\/producto\/ring-intercom-3\/","title":{"rendered":"Ring Intercom"},"content":{"rendered":"<div class=\"oferta-container\">\n<p>\ud83d\udfe5 <b>\u00a1NO TE LA PIERDAS!<\/b> \ud83d\udfe5 #Publicidad #Amazon #16<\/p>\n<p>\ud83d\udd34 <b>Intercomunicador de puerta <\/b><\/p>\n<p>\u2705 <b>AHORA 54.99 \u20ac<\/b> \u2714\ufe0f\ud83d\udfe1<\/p>\n<p>\u274c Antes 99.99 \u20ac<\/p>\n<p>\ud83d\uded2: <a href=\"https:\/\/btz.es\/5nD6HnV\" target=\"_blank\" rel=\"nofollow noopener\">https:\/\/btz.es\/5nD6HnV<\/a><\/p>\n<p>Descubre el Intercomunicador de puerta Ring, la soluci\u00f3n perfecta para la seguridad y comodidad de tu hogar. Con tecnolog\u00eda avanzada, permite una comunicaci\u00f3n clara y segura con visitantes desde cualquier lugar a trav\u00e9s de tu smartphone. Mejora la vigilancia y el control de acceso, proporcionando tranquilidad y protecci\u00f3n 24\/7. F\u00e1cil de instalar y con dise\u00f1o moderno, es ideal para hogares y negocios que buscan tecnolog\u00eda inteligente y eficiencia.<\/p>\n<\/p><\/div>\n","protected":false},"excerpt":{"rendered":"<p>\ud83d\udfe5 \u00a1NO TE LA PIERDAS! \ud83d\udfe5 #Publicidad #Amazon #16 \ud83d\udd34 Intercomunicador de puerta \u2705 AHORA 54.99 \u20ac \u2714\ufe0f\ud83d\udfe1 \u274c Antes 99.99 \u20ac \ud83d\uded2: https:\/\/btz.es\/5nD6HnV Descubre el Intercomunicador de puerta Ring, la soluci\u00f3n perfecta para la seguridad y comodidad de tu hogar. Con tecnolog\u00eda avanzada, permite una comunicaci\u00f3n clara y segura con visitantes desde cualquier lugar [&hellip;]<\/p>\n","protected":false},"featured_media":11961,"template":"","meta":{"_gspb_post_css":""},"store":[],"product_brand":[],"product_cat":[16],"product_tag":[],"class_list":{"0":"post-11962","1":"product","2":"type-product","3":"status-publish","4":"has-post-thumbnail","6":"product_cat-sin-categorizar","8":"first","9":"instock","10":"sale","11":"shipping-taxable","12":"product-type-external"},"jetpack_sharing_enabled":true,"_links":{"self":[{"href":"https:\/\/ofertacular.com\/index.php\/wp-json\/wp\/v2\/product\/11962","targetHints":{"allow":["GET"]}}],"collection":[{"href":"https:\/\/ofertacular.com\/index.php\/wp-json\/wp\/v2\/product"}],"about":[{"href":"https:\/\/ofertacular.com\/index.php\/wp-json\/wp\/v2\/types\/product"}],"wp:featuredmedia":[{"embeddable":true,"href":"https:\/\/ofertacular.com\/index.php\/wp-json\/wp\/v2\/media\/11961"}],"wp:attachment":[{"href":"https:\/\/ofertacular.com\/index.php\/wp-json\/wp\/v2\/media?parent=11962"}],"wp:term":[{"taxonomy":"store","embeddable":true,"href":"https:\/\/ofertacular.com\/index.php\/wp-json\/wp\/v2\/store?post=11962"},{"taxonomy":"product_brand","embeddable":true,"href":"https:\/\/ofertacular.com\/index.php\/wp-json\/wp\/v2\/product_brand?post=11962"},{"taxonomy":"product_cat","embeddable":true,"href":"https:\/\/ofertacular.com\/index.php\/wp-json\/wp\/v2\/product_cat?post=11962"},{"taxonomy":"product_tag","embeddable":true,"href":"https:\/\/ofertacular.com\/index.php\/wp-json\/wp\/v2\/product_tag?post=11962"}],"curies":[{"name":"wp","href":"https:\/\/api.w.org\/{rel}","templated":true}]}}