{"id":11996,"date":"2026-03-13T07:49:58","date_gmt":"2026-03-13T06:49:58","guid":{"rendered":"https:\/\/ofertacular.com\/index.php\/producto\/pixel-buds\/"},"modified":"2026-03-13T07:49:58","modified_gmt":"2026-03-13T06:49:58","slug":"pixel-buds","status":"publish","type":"product","link":"https:\/\/ofertacular.com\/index.php\/producto\/pixel-buds\/","title":{"rendered":"Pixel Buds"},"content":{"rendered":"<div class=\"oferta-container\">\n<p>\ud83d\udfe5 <b>\u00a1NO TE LA PIERDAS!<\/b> \ud83d\udfe5 #Publicidad #Amazon #16<\/p>\n<p>\ud83d\udd34 <b>Auriculares inal\u00e1mbricos <\/b><\/p>\n<p>\u2705 <b>AHORA 99.99 \u20ac<\/b> \u2714\ufe0f\ud83d\udfe1<\/p>\n<p>\u274c Antes 149.00 \u20ac<\/p>\n<p>\ud83d\uded2: <a href=\"https:\/\/btz.es\/5nJlbVD\" target=\"_blank\" rel=\"nofollow noopener\">https:\/\/btz.es\/5nJlbVD<\/a><\/p>\n<p>Descubre la calidad de sonido excepcional y comodidad superior con los Pixel Buds de Google. Estos auriculares inal\u00e1mbricos ofrecen una experiencia de audio envolvente, con un dise\u00f1o ergon\u00f3mico y controles t\u00e1ctiles intuitivos. Perfectos para llamadas, m\u00fasica y asistentes inteligentes, los Pixel Buds combinan tecnolog\u00eda avanzada con estilo moderno para un uso diario \u00f3ptimo.<\/p>\n<\/p><\/div>\n","protected":false},"excerpt":{"rendered":"<p>\ud83d\udfe5 \u00a1NO TE LA PIERDAS! \ud83d\udfe5 #Publicidad #Amazon #16 \ud83d\udd34 Auriculares inal\u00e1mbricos \u2705 AHORA 99.99 \u20ac \u2714\ufe0f\ud83d\udfe1 \u274c Antes 149.00 \u20ac \ud83d\uded2: https:\/\/btz.es\/5nJlbVD Descubre la calidad de sonido excepcional y comodidad superior con los Pixel Buds de Google. Estos auriculares inal\u00e1mbricos ofrecen una experiencia de audio envolvente, con un dise\u00f1o ergon\u00f3mico y controles t\u00e1ctiles intuitivos. [&hellip;]<\/p>\n","protected":false},"featured_media":11995,"template":"","meta":{"_gspb_post_css":""},"store":[],"product_brand":[],"product_cat":[16],"product_tag":[],"class_list":{"0":"post-11996","1":"product","2":"type-product","3":"status-publish","4":"has-post-thumbnail","6":"product_cat-sin-categorizar","8":"first","9":"instock","10":"sale","11":"shipping-taxable","12":"product-type-external"},"jetpack_sharing_enabled":true,"_links":{"self":[{"href":"https:\/\/ofertacular.com\/index.php\/wp-json\/wp\/v2\/product\/11996","targetHints":{"allow":["GET"]}}],"collection":[{"href":"https:\/\/ofertacular.com\/index.php\/wp-json\/wp\/v2\/product"}],"about":[{"href":"https:\/\/ofertacular.com\/index.php\/wp-json\/wp\/v2\/types\/product"}],"wp:featuredmedia":[{"embeddable":true,"href":"https:\/\/ofertacular.com\/index.php\/wp-json\/wp\/v2\/media\/11995"}],"wp:attachment":[{"href":"https:\/\/ofertacular.com\/index.php\/wp-json\/wp\/v2\/media?parent=11996"}],"wp:term":[{"taxonomy":"store","embeddable":true,"href":"https:\/\/ofertacular.com\/index.php\/wp-json\/wp\/v2\/store?post=11996"},{"taxonomy":"product_brand","embeddable":true,"href":"https:\/\/ofertacular.com\/index.php\/wp-json\/wp\/v2\/product_brand?post=11996"},{"taxonomy":"product_cat","embeddable":true,"href":"https:\/\/ofertacular.com\/index.php\/wp-json\/wp\/v2\/product_cat?post=11996"},{"taxonomy":"product_tag","embeddable":true,"href":"https:\/\/ofertacular.com\/index.php\/wp-json\/wp\/v2\/product_tag?post=11996"}],"curies":[{"name":"wp","href":"https:\/\/api.w.org\/{rel}","templated":true}]}}