{"id":11998,"date":"2026-03-13T08:02:14","date_gmt":"2026-03-13T07:02:14","guid":{"rendered":"https:\/\/ofertacular.com\/index.php\/producto\/ryzen-7\/"},"modified":"2026-03-13T08:02:14","modified_gmt":"2026-03-13T07:02:14","slug":"ryzen-7","status":"publish","type":"product","link":"https:\/\/ofertacular.com\/index.php\/producto\/ryzen-7\/","title":{"rendered":"Ryzen 7"},"content":{"rendered":"<div class=\"oferta-container\">\n<p>\ud83d\udfe5 <b>\u00a1S\u00d3LO HOY!<\/b> \ud83d\udfe5 #Publicidad #Amazon #16<\/p>\n<p>\ud83d\udd34 <b>Procesador Ryzen <\/b><\/p>\n<p>\u2705 <b>AHORA 219.9 \u20ac<\/b> \u2714\ufe0f\ud83d\udfe1<\/p>\n<p>\u274c Antes 234.90 \u20ac<\/p>\n<p>\ud83d\uded2: <a href=\"https:\/\/btz.es\/5nJohqM\" target=\"_blank\" rel=\"nofollow noopener\">https:\/\/btz.es\/5nJohqM<\/a><\/p>\n<p>Descubre el potente procesador Ryzen 7, dise\u00f1ado para ofrecer un rendimiento excepcional tanto en juegos como en tareas profesionales. Con tecnolog\u00eda avanzada y eficiencia energ\u00e9tica, este procesador es ideal para usuarios que buscan velocidad y estabilidad en sus equipos. Maximiza tu experiencia inform\u00e1tica con Ryzen 7, una elecci\u00f3n confiable para los entusiastas del rendimiento y la innovaci\u00f3n.<\/p>\n<\/p><\/div>\n","protected":false},"excerpt":{"rendered":"<p>\ud83d\udfe5 \u00a1S\u00d3LO HOY! \ud83d\udfe5 #Publicidad #Amazon #16 \ud83d\udd34 Procesador Ryzen \u2705 AHORA 219.9 \u20ac \u2714\ufe0f\ud83d\udfe1 \u274c Antes 234.90 \u20ac \ud83d\uded2: https:\/\/btz.es\/5nJohqM Descubre el potente procesador Ryzen 7, dise\u00f1ado para ofrecer un rendimiento excepcional tanto en juegos como en tareas profesionales. Con tecnolog\u00eda avanzada y eficiencia energ\u00e9tica, este procesador es ideal para usuarios que buscan velocidad [&hellip;]<\/p>\n","protected":false},"featured_media":11997,"template":"","meta":{"_gspb_post_css":""},"store":[],"product_brand":[],"product_cat":[16],"product_tag":[],"class_list":{"0":"post-11998","1":"product","2":"type-product","3":"status-publish","4":"has-post-thumbnail","6":"product_cat-sin-categorizar","8":"first","9":"instock","10":"sale","11":"shipping-taxable","12":"product-type-external"},"jetpack_sharing_enabled":true,"_links":{"self":[{"href":"https:\/\/ofertacular.com\/index.php\/wp-json\/wp\/v2\/product\/11998","targetHints":{"allow":["GET"]}}],"collection":[{"href":"https:\/\/ofertacular.com\/index.php\/wp-json\/wp\/v2\/product"}],"about":[{"href":"https:\/\/ofertacular.com\/index.php\/wp-json\/wp\/v2\/types\/product"}],"wp:featuredmedia":[{"embeddable":true,"href":"https:\/\/ofertacular.com\/index.php\/wp-json\/wp\/v2\/media\/11997"}],"wp:attachment":[{"href":"https:\/\/ofertacular.com\/index.php\/wp-json\/wp\/v2\/media?parent=11998"}],"wp:term":[{"taxonomy":"store","embeddable":true,"href":"https:\/\/ofertacular.com\/index.php\/wp-json\/wp\/v2\/store?post=11998"},{"taxonomy":"product_brand","embeddable":true,"href":"https:\/\/ofertacular.com\/index.php\/wp-json\/wp\/v2\/product_brand?post=11998"},{"taxonomy":"product_cat","embeddable":true,"href":"https:\/\/ofertacular.com\/index.php\/wp-json\/wp\/v2\/product_cat?post=11998"},{"taxonomy":"product_tag","embeddable":true,"href":"https:\/\/ofertacular.com\/index.php\/wp-json\/wp\/v2\/product_tag?post=11998"}],"curies":[{"name":"wp","href":"https:\/\/api.w.org\/{rel}","templated":true}]}}