{"id":12085,"date":"2026-03-17T07:27:53","date_gmt":"2026-03-17T06:27:53","guid":{"rendered":"https:\/\/ofertacular.com\/index.php\/producto\/fairy-platinum\/"},"modified":"2026-03-17T07:27:53","modified_gmt":"2026-03-17T06:27:53","slug":"fairy-platinum","status":"publish","type":"product","link":"https:\/\/ofertacular.com\/index.php\/producto\/fairy-platinum\/","title":{"rendered":"Fairy Platinum"},"content":{"rendered":"<div class=\"oferta-container\">\n<p>\ud83d\udfe5 <b>DATE PRISA<\/b> \ud83d\udfe5 #Publicidad #Amazon #16<\/p>\n<p>\ud83d\udd34 <b>Detergente Fairy <\/b><\/p>\n<p>\u2705 <b>AHORA 19.99 \u20ac<\/b> \u2714\ufe0f\ud83d\udfe1<\/p>\n<p>\u274c Antes 34.99 \u20ac<\/p>\n<p>\ud83d\uded2: <a href=\"https:\/\/btz.es\/5og39rr\" target=\"_blank\" rel=\"nofollow noopener\">https:\/\/btz.es\/5og39rr<\/a><\/p>\n<p>Descubre la eficacia insuperable de Fairy Platinum, el detergente l\u00edder en limpieza de vajillas que elimina la grasa m\u00e1s dif\u00edcil con una f\u00f3rmula avanzada y concentrada. Perfecto para uso diario, este producto destaca por su poder desengrasante y su capacidad para dejar tus utensilios brillantes y sin residuos. Optimizado para maximizar resultados con el menor esfuerzo, Fairy Platinum es la elecci\u00f3n preferida en hogares y profesionales que buscan limpieza profunda y cuidado excepcional. Aumenta la eficiencia de tu lavado con Fairy Platinum, garant\u00eda de calidad y frescura en cada uso.<\/p>\n<\/p><\/div>\n","protected":false},"excerpt":{"rendered":"<p>\ud83d\udfe5 DATE PRISA \ud83d\udfe5 #Publicidad #Amazon #16 \ud83d\udd34 Detergente Fairy \u2705 AHORA 19.99 \u20ac \u2714\ufe0f\ud83d\udfe1 \u274c Antes 34.99 \u20ac \ud83d\uded2: https:\/\/btz.es\/5og39rr Descubre la eficacia insuperable de Fairy Platinum, el detergente l\u00edder en limpieza de vajillas que elimina la grasa m\u00e1s dif\u00edcil con una f\u00f3rmula avanzada y concentrada. Perfecto para uso diario, este producto destaca por [&hellip;]<\/p>\n","protected":false},"featured_media":12084,"template":"","meta":{"_gspb_post_css":""},"store":[],"product_brand":[],"product_cat":[16],"product_tag":[],"class_list":{"0":"post-12085","1":"product","2":"type-product","3":"status-publish","4":"has-post-thumbnail","6":"product_cat-sin-categorizar","8":"first","9":"instock","10":"sale","11":"shipping-taxable","12":"product-type-external"},"jetpack_sharing_enabled":true,"_links":{"self":[{"href":"https:\/\/ofertacular.com\/index.php\/wp-json\/wp\/v2\/product\/12085","targetHints":{"allow":["GET"]}}],"collection":[{"href":"https:\/\/ofertacular.com\/index.php\/wp-json\/wp\/v2\/product"}],"about":[{"href":"https:\/\/ofertacular.com\/index.php\/wp-json\/wp\/v2\/types\/product"}],"wp:featuredmedia":[{"embeddable":true,"href":"https:\/\/ofertacular.com\/index.php\/wp-json\/wp\/v2\/media\/12084"}],"wp:attachment":[{"href":"https:\/\/ofertacular.com\/index.php\/wp-json\/wp\/v2\/media?parent=12085"}],"wp:term":[{"taxonomy":"store","embeddable":true,"href":"https:\/\/ofertacular.com\/index.php\/wp-json\/wp\/v2\/store?post=12085"},{"taxonomy":"product_brand","embeddable":true,"href":"https:\/\/ofertacular.com\/index.php\/wp-json\/wp\/v2\/product_brand?post=12085"},{"taxonomy":"product_cat","embeddable":true,"href":"https:\/\/ofertacular.com\/index.php\/wp-json\/wp\/v2\/product_cat?post=12085"},{"taxonomy":"product_tag","embeddable":true,"href":"https:\/\/ofertacular.com\/index.php\/wp-json\/wp\/v2\/product_tag?post=12085"}],"curies":[{"name":"wp","href":"https:\/\/api.w.org\/{rel}","templated":true}]}}