{"id":12089,"date":"2026-03-17T07:37:51","date_gmt":"2026-03-17T06:37:51","guid":{"rendered":"https:\/\/ofertacular.com\/index.php\/producto\/cecotec-cortadora\/"},"modified":"2026-03-17T07:37:51","modified_gmt":"2026-03-17T06:37:51","slug":"cecotec-cortadora","status":"publish","type":"product","link":"https:\/\/ofertacular.com\/index.php\/producto\/cecotec-cortadora\/","title":{"rendered":"Cecotec Cortadora"},"content":{"rendered":"<div class=\"oferta-container\">\n<p>\ud83d\udfe5 <b>REBAJA<\/b> \ud83d\udfe5 #Publicidad #Amazon #16<\/p>\n<p>\ud83d\udd34 <b>Cortadora Cecotec <\/b><\/p>\n<p>\u2705 <b>AHORA 10.8 \u20ac<\/b> \u2714\ufe0f\ud83d\udfe1<\/p>\n<p>\u274c Antes 15.90 \u20ac<\/p>\n<p>\ud83d\uded2: <a href=\"https:\/\/btz.es\/5og6faA\" target=\"_blank\" rel=\"nofollow noopener\">https:\/\/btz.es\/5og6faA<\/a><\/p>\n<p>Descubre la potencia y precisi\u00f3n de la cortadora Cecotec, dise\u00f1ada para ofrecer cortes n\u00edtidos y uniformes en tus alimentos. Ideal para uso dom\u00e9stico y profesional, esta herramienta garantiza eficiencia y durabilidad gracias a su tecnolog\u00eda avanzada y materiales de alta calidad. Optimiza tu experiencia en la cocina con Cecotec, la marca l\u00edder en electrodom\u00e9sticos que combina funcionalidad y dise\u00f1o innovador.<\/p>\n<\/p><\/div>\n","protected":false},"excerpt":{"rendered":"<p>\ud83d\udfe5 REBAJA \ud83d\udfe5 #Publicidad #Amazon #16 \ud83d\udd34 Cortadora Cecotec \u2705 AHORA 10.8 \u20ac \u2714\ufe0f\ud83d\udfe1 \u274c Antes 15.90 \u20ac \ud83d\uded2: https:\/\/btz.es\/5og6faA Descubre la potencia y precisi\u00f3n de la cortadora Cecotec, dise\u00f1ada para ofrecer cortes n\u00edtidos y uniformes en tus alimentos. Ideal para uso dom\u00e9stico y profesional, esta herramienta garantiza eficiencia y durabilidad gracias a su tecnolog\u00eda [&hellip;]<\/p>\n","protected":false},"featured_media":12088,"template":"","meta":{"_gspb_post_css":""},"store":[],"product_brand":[],"product_cat":[16],"product_tag":[],"class_list":{"0":"post-12089","1":"product","2":"type-product","3":"status-publish","4":"has-post-thumbnail","6":"product_cat-sin-categorizar","8":"first","9":"instock","10":"sale","11":"shipping-taxable","12":"product-type-external"},"jetpack_sharing_enabled":true,"_links":{"self":[{"href":"https:\/\/ofertacular.com\/index.php\/wp-json\/wp\/v2\/product\/12089","targetHints":{"allow":["GET"]}}],"collection":[{"href":"https:\/\/ofertacular.com\/index.php\/wp-json\/wp\/v2\/product"}],"about":[{"href":"https:\/\/ofertacular.com\/index.php\/wp-json\/wp\/v2\/types\/product"}],"wp:featuredmedia":[{"embeddable":true,"href":"https:\/\/ofertacular.com\/index.php\/wp-json\/wp\/v2\/media\/12088"}],"wp:attachment":[{"href":"https:\/\/ofertacular.com\/index.php\/wp-json\/wp\/v2\/media?parent=12089"}],"wp:term":[{"taxonomy":"store","embeddable":true,"href":"https:\/\/ofertacular.com\/index.php\/wp-json\/wp\/v2\/store?post=12089"},{"taxonomy":"product_brand","embeddable":true,"href":"https:\/\/ofertacular.com\/index.php\/wp-json\/wp\/v2\/product_brand?post=12089"},{"taxonomy":"product_cat","embeddable":true,"href":"https:\/\/ofertacular.com\/index.php\/wp-json\/wp\/v2\/product_cat?post=12089"},{"taxonomy":"product_tag","embeddable":true,"href":"https:\/\/ofertacular.com\/index.php\/wp-json\/wp\/v2\/product_tag?post=12089"}],"curies":[{"name":"wp","href":"https:\/\/api.w.org\/{rel}","templated":true}]}}