{"id":12093,"date":"2026-03-17T07:47:18","date_gmt":"2026-03-17T06:47:18","guid":{"rendered":"https:\/\/ofertacular.com\/index.php\/producto\/hogwarts-castle\/"},"modified":"2026-03-17T07:47:18","modified_gmt":"2026-03-17T06:47:18","slug":"hogwarts-castle","status":"publish","type":"product","link":"https:\/\/ofertacular.com\/index.php\/producto\/hogwarts-castle\/","title":{"rendered":"Hogwarts Castle"},"content":{"rendered":"<div class=\"oferta-container\">\n<p>\ud83d\udfe5 <b>CHOLLAZO<\/b> \ud83d\udfe5 #Publicidad #Amazon #16<\/p>\n<p>\ud83d\udd34 <b>Castillo Hogwarts <\/b><\/p>\n<p>\u2705 <b>AHORA 11.24 \u20ac<\/b> \u2714\ufe0f\ud83d\udfe1<\/p>\n<p>\u274c Antes 14.99 \u20ac<\/p>\n<p>\ud83d\uded2: <a href=\"https:\/\/btz.es\/5og82tS\" target=\"_blank\" rel=\"nofollow noopener\">https:\/\/btz.es\/5og82tS<\/a><\/p>\n<p>Descubre el m\u00e1gico Castillo de Hogwarts, r\u00e9plica detallada inspirada en el emblem\u00e1tico colegio de magia y hechicer\u00eda de la saga Harry Potter. Perfecto para coleccionistas y fans, este castillo ofrece una experiencia inmersiva que despierta la imaginaci\u00f3n y el amor por el mundo m\u00e1gico. Ideal para decorar espacios tem\u00e1ticos o como regalo especial, garantiza calidad y un dise\u00f1o aut\u00e9ntico que cautivar\u00e1 a grandes y peque\u00f1os.<\/p>\n<\/p><\/div>\n","protected":false},"excerpt":{"rendered":"<p>\ud83d\udfe5 CHOLLAZO \ud83d\udfe5 #Publicidad #Amazon #16 \ud83d\udd34 Castillo Hogwarts \u2705 AHORA 11.24 \u20ac \u2714\ufe0f\ud83d\udfe1 \u274c Antes 14.99 \u20ac \ud83d\uded2: https:\/\/btz.es\/5og82tS Descubre el m\u00e1gico Castillo de Hogwarts, r\u00e9plica detallada inspirada en el emblem\u00e1tico colegio de magia y hechicer\u00eda de la saga Harry Potter. Perfecto para coleccionistas y fans, este castillo ofrece una experiencia inmersiva que despierta [&hellip;]<\/p>\n","protected":false},"featured_media":12092,"template":"","meta":{"_gspb_post_css":""},"store":[],"product_brand":[],"product_cat":[16],"product_tag":[],"class_list":{"0":"post-12093","1":"product","2":"type-product","3":"status-publish","4":"has-post-thumbnail","6":"product_cat-sin-categorizar","8":"first","9":"instock","10":"sale","11":"shipping-taxable","12":"product-type-external"},"jetpack_sharing_enabled":true,"_links":{"self":[{"href":"https:\/\/ofertacular.com\/index.php\/wp-json\/wp\/v2\/product\/12093","targetHints":{"allow":["GET"]}}],"collection":[{"href":"https:\/\/ofertacular.com\/index.php\/wp-json\/wp\/v2\/product"}],"about":[{"href":"https:\/\/ofertacular.com\/index.php\/wp-json\/wp\/v2\/types\/product"}],"wp:featuredmedia":[{"embeddable":true,"href":"https:\/\/ofertacular.com\/index.php\/wp-json\/wp\/v2\/media\/12092"}],"wp:attachment":[{"href":"https:\/\/ofertacular.com\/index.php\/wp-json\/wp\/v2\/media?parent=12093"}],"wp:term":[{"taxonomy":"store","embeddable":true,"href":"https:\/\/ofertacular.com\/index.php\/wp-json\/wp\/v2\/store?post=12093"},{"taxonomy":"product_brand","embeddable":true,"href":"https:\/\/ofertacular.com\/index.php\/wp-json\/wp\/v2\/product_brand?post=12093"},{"taxonomy":"product_cat","embeddable":true,"href":"https:\/\/ofertacular.com\/index.php\/wp-json\/wp\/v2\/product_cat?post=12093"},{"taxonomy":"product_tag","embeddable":true,"href":"https:\/\/ofertacular.com\/index.php\/wp-json\/wp\/v2\/product_tag?post=12093"}],"curies":[{"name":"wp","href":"https:\/\/api.w.org\/{rel}","templated":true}]}}