{"id":12107,"date":"2026-03-17T10:36:11","date_gmt":"2026-03-17T09:36:11","guid":{"rendered":"https:\/\/ofertacular.com\/index.php\/producto\/bergner-cazos\/"},"modified":"2026-03-17T10:36:11","modified_gmt":"2026-03-17T09:36:11","slug":"bergner-cazos","status":"publish","type":"product","link":"https:\/\/ofertacular.com\/index.php\/producto\/bergner-cazos\/","title":{"rendered":"Bergner Cazos"},"content":{"rendered":"<div class=\"oferta-container\">\n<p>\ud83d\udfe5 <b>AHORRA AQU\u00cd<\/b> \ud83d\udfe5 #Publicidad #Amazon #16<\/p>\n<p>\ud83d\udd34 <b>Cazos Bergner <\/b><\/p>\n<p>\u2705 <b>AHORA 19.99 \u20ac<\/b> \u2714\ufe0f\ud83d\udfe1<\/p>\n<p>\u274c Antes <\/p>\n<p>\ud83d\uded2: <a href=\"https:\/\/btz.es\/5ohoYFu\" target=\"_blank\" rel=\"nofollow noopener\">https:\/\/btz.es\/5ohoYFu<\/a><\/p>\n<p>Descubre los cazos Bergner, utensilios de cocina dise\u00f1ados para facilitar la preparaci\u00f3n de tus recetas favoritas. Fabricados con materiales de alta calidad, estos cazos ofrecen durabilidad y un manejo ergon\u00f3mico para mayor comodidad. Ideales para cocinar salsas, sopas y guisos, los cazos Bergner combinan funcionalidad y estilo en tu cocina. Optimiza tu experiencia culinaria con productos Bergner, una marca reconocida por ofrecer soluciones pr\u00e1cticas y elegantes para chefs profesionales y aficionados.<\/p>\n<\/p><\/div>\n","protected":false},"excerpt":{"rendered":"<p>\ud83d\udfe5 AHORRA AQU\u00cd \ud83d\udfe5 #Publicidad #Amazon #16 \ud83d\udd34 Cazos Bergner \u2705 AHORA 19.99 \u20ac \u2714\ufe0f\ud83d\udfe1 \u274c Antes \ud83d\uded2: https:\/\/btz.es\/5ohoYFu Descubre los cazos Bergner, utensilios de cocina dise\u00f1ados para facilitar la preparaci\u00f3n de tus recetas favoritas. Fabricados con materiales de alta calidad, estos cazos ofrecen durabilidad y un manejo ergon\u00f3mico para mayor comodidad. Ideales para cocinar [&hellip;]<\/p>\n","protected":false},"featured_media":12106,"template":"","meta":{"_gspb_post_css":""},"store":[],"product_brand":[],"product_cat":[16],"product_tag":[],"class_list":{"0":"post-12107","1":"product","2":"type-product","3":"status-publish","4":"has-post-thumbnail","6":"product_cat-sin-categorizar","8":"first","9":"instock","10":"shipping-taxable","11":"product-type-external"},"jetpack_sharing_enabled":true,"_links":{"self":[{"href":"https:\/\/ofertacular.com\/index.php\/wp-json\/wp\/v2\/product\/12107","targetHints":{"allow":["GET"]}}],"collection":[{"href":"https:\/\/ofertacular.com\/index.php\/wp-json\/wp\/v2\/product"}],"about":[{"href":"https:\/\/ofertacular.com\/index.php\/wp-json\/wp\/v2\/types\/product"}],"wp:featuredmedia":[{"embeddable":true,"href":"https:\/\/ofertacular.com\/index.php\/wp-json\/wp\/v2\/media\/12106"}],"wp:attachment":[{"href":"https:\/\/ofertacular.com\/index.php\/wp-json\/wp\/v2\/media?parent=12107"}],"wp:term":[{"taxonomy":"store","embeddable":true,"href":"https:\/\/ofertacular.com\/index.php\/wp-json\/wp\/v2\/store?post=12107"},{"taxonomy":"product_brand","embeddable":true,"href":"https:\/\/ofertacular.com\/index.php\/wp-json\/wp\/v2\/product_brand?post=12107"},{"taxonomy":"product_cat","embeddable":true,"href":"https:\/\/ofertacular.com\/index.php\/wp-json\/wp\/v2\/product_cat?post=12107"},{"taxonomy":"product_tag","embeddable":true,"href":"https:\/\/ofertacular.com\/index.php\/wp-json\/wp\/v2\/product_tag?post=12107"}],"curies":[{"name":"wp","href":"https:\/\/api.w.org\/{rel}","templated":true}]}}