{"id":12219,"date":"2026-03-23T13:05:41","date_gmt":"2026-03-23T12:05:41","guid":{"rendered":"https:\/\/ofertacular.com\/index.php\/producto\/willy-wonka\/"},"modified":"2026-03-23T13:05:41","modified_gmt":"2026-03-23T12:05:41","slug":"willy-wonka","status":"publish","type":"product","link":"https:\/\/ofertacular.com\/index.php\/producto\/willy-wonka\/","title":{"rendered":"Willy Wonka"},"content":{"rendered":"<div class=\"oferta-container\">\ud83d\udfea <b>FUNKO OFERTA<\/b> \ud83d\udfea #Publicidad #Amazon\ud83d\udfe3 <b> Funko POP! Movies Willy Wonka<\/b> \u2705 <b>AHORA 12.99 \u20ac<\/b> \u2714\ufe0f\ud83d\udfe1\u274c Antes 16.00 \u20ac \u20ac \ud83d\uded2: https:\/\/btz.es\/5oGVLwo\ud83d\udfe2 Ofertacular.com<\/p>\n<p>Descubre la magia del cine cl\u00e1sico con el Funko POP! Movies: Willy Wonka. Esta figura exclusiva captura la esencia del ic\u00f3nico personaje de la pel\u00edcula, perfecta para coleccionistas y amantes del cine. Ideal para exhibir en tu vitrina o como regalo \u00fanico, este Funko es imprescindible para fan\u00e1ticos de la magia y la aventura. Consigue ya esta pieza de colecci\u00f3n oficial y destaca entre los apasionados del s\u00e9ptimo arte.<\/p>\n<\/div>\n","protected":false},"excerpt":{"rendered":"<p>\ud83d\udfea FUNKO OFERTA \ud83d\udfea #Publicidad #Amazon\ud83d\udfe3 Funko POP! Movies Willy Wonka \u2705 AHORA 12.99 \u20ac \u2714\ufe0f\ud83d\udfe1\u274c Antes 16.00 \u20ac \u20ac \ud83d\uded2: https:\/\/btz.es\/5oGVLwo\ud83d\udfe2 Ofertacular.com Descubre la magia del cine cl\u00e1sico con el Funko POP! Movies: Willy Wonka. Esta figura exclusiva captura la esencia del ic\u00f3nico personaje de la pel\u00edcula, perfecta para coleccionistas y amantes del cine. [&hellip;]<\/p>\n","protected":false},"featured_media":12218,"template":"","meta":{"_gspb_post_css":""},"store":[],"product_brand":[],"product_cat":[16],"product_tag":[],"class_list":{"0":"post-12219","1":"product","2":"type-product","3":"status-publish","4":"has-post-thumbnail","6":"product_cat-sin-categorizar","8":"first","9":"instock","10":"sale","11":"shipping-taxable","12":"product-type-external"},"jetpack_sharing_enabled":true,"_links":{"self":[{"href":"https:\/\/ofertacular.com\/index.php\/wp-json\/wp\/v2\/product\/12219","targetHints":{"allow":["GET"]}}],"collection":[{"href":"https:\/\/ofertacular.com\/index.php\/wp-json\/wp\/v2\/product"}],"about":[{"href":"https:\/\/ofertacular.com\/index.php\/wp-json\/wp\/v2\/types\/product"}],"wp:featuredmedia":[{"embeddable":true,"href":"https:\/\/ofertacular.com\/index.php\/wp-json\/wp\/v2\/media\/12218"}],"wp:attachment":[{"href":"https:\/\/ofertacular.com\/index.php\/wp-json\/wp\/v2\/media?parent=12219"}],"wp:term":[{"taxonomy":"store","embeddable":true,"href":"https:\/\/ofertacular.com\/index.php\/wp-json\/wp\/v2\/store?post=12219"},{"taxonomy":"product_brand","embeddable":true,"href":"https:\/\/ofertacular.com\/index.php\/wp-json\/wp\/v2\/product_brand?post=12219"},{"taxonomy":"product_cat","embeddable":true,"href":"https:\/\/ofertacular.com\/index.php\/wp-json\/wp\/v2\/product_cat?post=12219"},{"taxonomy":"product_tag","embeddable":true,"href":"https:\/\/ofertacular.com\/index.php\/wp-json\/wp\/v2\/product_tag?post=12219"}],"curies":[{"name":"wp","href":"https:\/\/api.w.org\/{rel}","templated":true}]}}