{"id":12221,"date":"2026-03-24T08:09:07","date_gmt":"2026-03-24T07:09:07","guid":{"rendered":"https:\/\/ofertacular.com\/index.php\/producto\/jack-jones-23\/"},"modified":"2026-03-24T08:09:07","modified_gmt":"2026-03-24T07:09:07","slug":"jack-jones-23","status":"publish","type":"product","link":"https:\/\/ofertacular.com\/index.php\/producto\/jack-jones-23\/","title":{"rendered":"Jack Jones"},"content":{"rendered":"<div class=\"oferta-container\">\n<p>\ud83d\udfe5 <b>\u00a1NO TE LA PIERDAS!<\/b> \ud83d\udfe5 #Publicidad #Amazon #16<\/p>\n<p>\ud83d\udd34 <b>Ropa Hombre <\/b><\/p>\n<p>\u2705 <b>AHORA 15.99 \u20ac<\/b> \u2714\ufe0f\ud83d\udfe1<\/p>\n<p>\u274c Antes 29.99 \u20ac<\/p>\n<p>\ud83d\uded2: <a href=\"https:\/\/btz.es\/5oL9COH\" target=\"_blank\" rel=\"nofollow noopener\">https:\/\/btz.es\/5oL9COH<\/a><\/p>\n<p>Descubre la calidad y estilo de Jack &amp; Jones, la marca l\u00edder en moda masculina. Nuestra colecci\u00f3n ofrece prendas modernas y c\u00f3modas, perfectas para cualquier ocasi\u00f3n. Actualiza tu armario con Jack &amp; Jones y destaca con un look \u00fanico y aut\u00e9ntico.<\/p>\n<\/p><\/div>\n","protected":false},"excerpt":{"rendered":"<p>\ud83d\udfe5 \u00a1NO TE LA PIERDAS! \ud83d\udfe5 #Publicidad #Amazon #16 \ud83d\udd34 Ropa Hombre \u2705 AHORA 15.99 \u20ac \u2714\ufe0f\ud83d\udfe1 \u274c Antes 29.99 \u20ac \ud83d\uded2: https:\/\/btz.es\/5oL9COH Descubre la calidad y estilo de Jack &amp; Jones, la marca l\u00edder en moda masculina. Nuestra colecci\u00f3n ofrece prendas modernas y c\u00f3modas, perfectas para cualquier ocasi\u00f3n. Actualiza tu armario con Jack &amp; [&hellip;]<\/p>\n","protected":false},"featured_media":12220,"template":"","meta":{"_gspb_post_css":""},"store":[],"product_brand":[],"product_cat":[16],"product_tag":[],"class_list":{"0":"post-12221","1":"product","2":"type-product","3":"status-publish","4":"has-post-thumbnail","6":"product_cat-sin-categorizar","8":"first","9":"instock","10":"sale","11":"shipping-taxable","12":"product-type-external"},"jetpack_sharing_enabled":true,"_links":{"self":[{"href":"https:\/\/ofertacular.com\/index.php\/wp-json\/wp\/v2\/product\/12221","targetHints":{"allow":["GET"]}}],"collection":[{"href":"https:\/\/ofertacular.com\/index.php\/wp-json\/wp\/v2\/product"}],"about":[{"href":"https:\/\/ofertacular.com\/index.php\/wp-json\/wp\/v2\/types\/product"}],"wp:featuredmedia":[{"embeddable":true,"href":"https:\/\/ofertacular.com\/index.php\/wp-json\/wp\/v2\/media\/12220"}],"wp:attachment":[{"href":"https:\/\/ofertacular.com\/index.php\/wp-json\/wp\/v2\/media?parent=12221"}],"wp:term":[{"taxonomy":"store","embeddable":true,"href":"https:\/\/ofertacular.com\/index.php\/wp-json\/wp\/v2\/store?post=12221"},{"taxonomy":"product_brand","embeddable":true,"href":"https:\/\/ofertacular.com\/index.php\/wp-json\/wp\/v2\/product_brand?post=12221"},{"taxonomy":"product_cat","embeddable":true,"href":"https:\/\/ofertacular.com\/index.php\/wp-json\/wp\/v2\/product_cat?post=12221"},{"taxonomy":"product_tag","embeddable":true,"href":"https:\/\/ofertacular.com\/index.php\/wp-json\/wp\/v2\/product_tag?post=12221"}],"curies":[{"name":"wp","href":"https:\/\/api.w.org\/{rel}","templated":true}]}}