{"id":12345,"date":"2026-03-27T07:00:43","date_gmt":"2026-03-27T06:00:43","guid":{"rendered":"https:\/\/ofertacular.com\/index.php\/producto\/bascula-digital-5\/"},"modified":"2026-03-27T07:00:43","modified_gmt":"2026-03-27T06:00:43","slug":"bascula-digital-5","status":"publish","type":"product","link":"https:\/\/ofertacular.com\/index.php\/producto\/bascula-digital-5\/","title":{"rendered":"B\u00e1scula Digital"},"content":{"rendered":"<div class=\"oferta-container\">\n<p>\ud83d\udfe5 <b>EXCLUSIVO<\/b> \ud83d\udfe5 #Publicidad #Amazon #16<\/p>\n<p>\ud83d\udd34 <b>B\u00e1scula Digital <\/b><\/p>\n<p>\u2705 <b>AHORA 9.99 \u20ac<\/b> \u2714\ufe0f\ud83d\udfe1<\/p>\n<p>\u274c Antes 19.99 \u20ac<\/p>\n<p>\ud83d\uded2: <a href=\"https:\/\/btz.es\/5pcPZ0I\" target=\"_blank\" rel=\"nofollow noopener\">https:\/\/btz.es\/5pcPZ0I<\/a><\/p>\n<p>B\u00e1scula digital de alta precisi\u00f3n para el control de peso corporal. Ideal para uso dom\u00e9stico y profesional, con pantalla LCD f\u00e1cil de leer y dise\u00f1o moderno. Perfecta para quienes buscan una medici\u00f3n r\u00e1pida, fiable y c\u00f3moda. Optimizada para una experiencia de usuario excepcional y m\u00e1xima durabilidad.<\/p>\n<\/p><\/div>\n","protected":false},"excerpt":{"rendered":"<p>\ud83d\udfe5 EXCLUSIVO \ud83d\udfe5 #Publicidad #Amazon #16 \ud83d\udd34 B\u00e1scula Digital \u2705 AHORA 9.99 \u20ac \u2714\ufe0f\ud83d\udfe1 \u274c Antes 19.99 \u20ac \ud83d\uded2: https:\/\/btz.es\/5pcPZ0I B\u00e1scula digital de alta precisi\u00f3n para el control de peso corporal. Ideal para uso dom\u00e9stico y profesional, con pantalla LCD f\u00e1cil de leer y dise\u00f1o moderno. Perfecta para quienes buscan una medici\u00f3n r\u00e1pida, fiable y [&hellip;]<\/p>\n","protected":false},"featured_media":12344,"template":"","meta":{"_gspb_post_css":""},"store":[],"product_brand":[],"product_cat":[16],"product_tag":[],"class_list":{"0":"post-12345","1":"product","2":"type-product","3":"status-publish","4":"has-post-thumbnail","6":"product_cat-sin-categorizar","8":"first","9":"instock","10":"sale","11":"shipping-taxable","12":"product-type-external"},"jetpack_sharing_enabled":true,"_links":{"self":[{"href":"https:\/\/ofertacular.com\/index.php\/wp-json\/wp\/v2\/product\/12345","targetHints":{"allow":["GET"]}}],"collection":[{"href":"https:\/\/ofertacular.com\/index.php\/wp-json\/wp\/v2\/product"}],"about":[{"href":"https:\/\/ofertacular.com\/index.php\/wp-json\/wp\/v2\/types\/product"}],"wp:featuredmedia":[{"embeddable":true,"href":"https:\/\/ofertacular.com\/index.php\/wp-json\/wp\/v2\/media\/12344"}],"wp:attachment":[{"href":"https:\/\/ofertacular.com\/index.php\/wp-json\/wp\/v2\/media?parent=12345"}],"wp:term":[{"taxonomy":"store","embeddable":true,"href":"https:\/\/ofertacular.com\/index.php\/wp-json\/wp\/v2\/store?post=12345"},{"taxonomy":"product_brand","embeddable":true,"href":"https:\/\/ofertacular.com\/index.php\/wp-json\/wp\/v2\/product_brand?post=12345"},{"taxonomy":"product_cat","embeddable":true,"href":"https:\/\/ofertacular.com\/index.php\/wp-json\/wp\/v2\/product_cat?post=12345"},{"taxonomy":"product_tag","embeddable":true,"href":"https:\/\/ofertacular.com\/index.php\/wp-json\/wp\/v2\/product_tag?post=12345"}],"curies":[{"name":"wp","href":"https:\/\/api.w.org\/{rel}","templated":true}]}}