{"id":12349,"date":"2026-03-27T07:06:50","date_gmt":"2026-03-27T06:06:50","guid":{"rendered":"https:\/\/ofertacular.com\/index.php\/producto\/vermouth-blanco\/"},"modified":"2026-03-27T07:06:50","modified_gmt":"2026-03-27T06:06:50","slug":"vermouth-blanco","status":"publish","type":"product","link":"https:\/\/ofertacular.com\/index.php\/producto\/vermouth-blanco\/","title":{"rendered":"Vermouth Blanco"},"content":{"rendered":"<div class=\"oferta-container\">\n<p>\ud83d\udfe5 <b>SUPER OFERTA<\/b> \ud83d\udfe5 #Publicidad #Amazon #16<\/p>\n<p>\ud83d\udd34 <b>Vermouth Blanco <\/b><\/p>\n<p>\u2705 <b>AHORA 7.49 \u20ac<\/b> \u2714\ufe0f\ud83d\udfe1<\/p>\n<p>\u274c Antes 7.95 \u20ac<\/p>\n<p>\ud83d\uded2: <a href=\"https:\/\/btz.es\/5pcR6Q1\" target=\"_blank\" rel=\"nofollow noopener\">https:\/\/btz.es\/5pcR6Q1<\/a><\/p>\n<p>Disfruta del aut\u00e9ntico sabor del Vermouth Blanco, elaborado con ingredientes seleccionados para ofrecer un perfil \u00fanico y refrescante. Perfecto para cualquier ocasi\u00f3n, este vermouth es ideal para elaborar c\u00f3cteles o para degustar solo, potenciando tus momentos con su aroma y sabor inconfundible. Descubre la calidad y tradici\u00f3n en cada copa de este excelente Vermouth Blanco.<\/p>\n<\/p><\/div>\n","protected":false},"excerpt":{"rendered":"<p>\ud83d\udfe5 SUPER OFERTA \ud83d\udfe5 #Publicidad #Amazon #16 \ud83d\udd34 Vermouth Blanco \u2705 AHORA 7.49 \u20ac \u2714\ufe0f\ud83d\udfe1 \u274c Antes 7.95 \u20ac \ud83d\uded2: https:\/\/btz.es\/5pcR6Q1 Disfruta del aut\u00e9ntico sabor del Vermouth Blanco, elaborado con ingredientes seleccionados para ofrecer un perfil \u00fanico y refrescante. Perfecto para cualquier ocasi\u00f3n, este vermouth es ideal para elaborar c\u00f3cteles o para degustar solo, potenciando [&hellip;]<\/p>\n","protected":false},"featured_media":12348,"template":"","meta":{"_gspb_post_css":""},"store":[],"product_brand":[],"product_cat":[16],"product_tag":[],"class_list":{"0":"post-12349","1":"product","2":"type-product","3":"status-publish","4":"has-post-thumbnail","6":"product_cat-sin-categorizar","8":"first","9":"instock","10":"sale","11":"shipping-taxable","12":"product-type-external"},"jetpack_sharing_enabled":true,"_links":{"self":[{"href":"https:\/\/ofertacular.com\/index.php\/wp-json\/wp\/v2\/product\/12349","targetHints":{"allow":["GET"]}}],"collection":[{"href":"https:\/\/ofertacular.com\/index.php\/wp-json\/wp\/v2\/product"}],"about":[{"href":"https:\/\/ofertacular.com\/index.php\/wp-json\/wp\/v2\/types\/product"}],"wp:featuredmedia":[{"embeddable":true,"href":"https:\/\/ofertacular.com\/index.php\/wp-json\/wp\/v2\/media\/12348"}],"wp:attachment":[{"href":"https:\/\/ofertacular.com\/index.php\/wp-json\/wp\/v2\/media?parent=12349"}],"wp:term":[{"taxonomy":"store","embeddable":true,"href":"https:\/\/ofertacular.com\/index.php\/wp-json\/wp\/v2\/store?post=12349"},{"taxonomy":"product_brand","embeddable":true,"href":"https:\/\/ofertacular.com\/index.php\/wp-json\/wp\/v2\/product_brand?post=12349"},{"taxonomy":"product_cat","embeddable":true,"href":"https:\/\/ofertacular.com\/index.php\/wp-json\/wp\/v2\/product_cat?post=12349"},{"taxonomy":"product_tag","embeddable":true,"href":"https:\/\/ofertacular.com\/index.php\/wp-json\/wp\/v2\/product_tag?post=12349"}],"curies":[{"name":"wp","href":"https:\/\/api.w.org\/{rel}","templated":true}]}}