{"id":12379,"date":"2026-03-27T09:32:45","date_gmt":"2026-03-27T08:32:45","guid":{"rendered":"https:\/\/ofertacular.com\/index.php\/producto\/cortapelos-nariz\/"},"modified":"2026-03-27T09:32:45","modified_gmt":"2026-03-27T08:32:45","slug":"cortapelos-nariz","status":"publish","type":"product","link":"https:\/\/ofertacular.com\/index.php\/producto\/cortapelos-nariz\/","title":{"rendered":"Cortapelos Nariz"},"content":{"rendered":"<div class=\"oferta-container\">\n<p>\ud83d\udfe5 <b>ES UN CHOLL\u00d3N<\/b> \ud83d\udfe5 #Publicidad #Amazon #16<\/p>\n<p>\ud83d\udd34 <b>Cortapelos Nariz <\/b><\/p>\n<p>\u2705 <b>AHORA 10.99 \u20ac<\/b> \u2714\ufe0f\ud83d\udfe1<\/p>\n<p>\u274c Antes 19.99 \u20ac<\/p>\n<p>\ud83d\uded2: <a href=\"https:\/\/btz.es\/5pd2qst\" target=\"_blank\" rel=\"nofollow noopener\">https:\/\/btz.es\/5pd2qst<\/a><\/p>\n<p>Descubre el cortapelos para nariz de alta precisi\u00f3n, dise\u00f1ado para un afilado y seguro recorte de vello nasal. Ideal para mantener una apariencia limpia y cuidada, este dispositivo ergon\u00f3mico ofrece comodidad y eficacia en cada uso. Perfecto para uso personal y profesional, proporciona un arreglo r\u00e1pido y sin molestias. Mant\u00e9n tu higiene personal con un cortapelos confiable y duradero, dise\u00f1ado con materiales de calidad que garantizan un rendimiento superior. Optimizado para quienes buscan un cuidado detallado y una est\u00e9tica impecable.<\/p>\n<\/p><\/div>\n","protected":false},"excerpt":{"rendered":"<p>\ud83d\udfe5 ES UN CHOLL\u00d3N \ud83d\udfe5 #Publicidad #Amazon #16 \ud83d\udd34 Cortapelos Nariz \u2705 AHORA 10.99 \u20ac \u2714\ufe0f\ud83d\udfe1 \u274c Antes 19.99 \u20ac \ud83d\uded2: https:\/\/btz.es\/5pd2qst Descubre el cortapelos para nariz de alta precisi\u00f3n, dise\u00f1ado para un afilado y seguro recorte de vello nasal. Ideal para mantener una apariencia limpia y cuidada, este dispositivo ergon\u00f3mico ofrece comodidad y eficacia [&hellip;]<\/p>\n","protected":false},"featured_media":12378,"template":"","meta":{"_gspb_post_css":""},"store":[],"product_brand":[],"product_cat":[16],"product_tag":[],"class_list":{"0":"post-12379","1":"product","2":"type-product","3":"status-publish","4":"has-post-thumbnail","6":"product_cat-sin-categorizar","8":"first","9":"instock","10":"sale","11":"shipping-taxable","12":"product-type-external"},"jetpack_sharing_enabled":true,"_links":{"self":[{"href":"https:\/\/ofertacular.com\/index.php\/wp-json\/wp\/v2\/product\/12379","targetHints":{"allow":["GET"]}}],"collection":[{"href":"https:\/\/ofertacular.com\/index.php\/wp-json\/wp\/v2\/product"}],"about":[{"href":"https:\/\/ofertacular.com\/index.php\/wp-json\/wp\/v2\/types\/product"}],"wp:featuredmedia":[{"embeddable":true,"href":"https:\/\/ofertacular.com\/index.php\/wp-json\/wp\/v2\/media\/12378"}],"wp:attachment":[{"href":"https:\/\/ofertacular.com\/index.php\/wp-json\/wp\/v2\/media?parent=12379"}],"wp:term":[{"taxonomy":"store","embeddable":true,"href":"https:\/\/ofertacular.com\/index.php\/wp-json\/wp\/v2\/store?post=12379"},{"taxonomy":"product_brand","embeddable":true,"href":"https:\/\/ofertacular.com\/index.php\/wp-json\/wp\/v2\/product_brand?post=12379"},{"taxonomy":"product_cat","embeddable":true,"href":"https:\/\/ofertacular.com\/index.php\/wp-json\/wp\/v2\/product_cat?post=12379"},{"taxonomy":"product_tag","embeddable":true,"href":"https:\/\/ofertacular.com\/index.php\/wp-json\/wp\/v2\/product_tag?post=12379"}],"curies":[{"name":"wp","href":"https:\/\/api.w.org\/{rel}","templated":true}]}}