{"id":12407,"date":"2026-03-30T07:49:34","date_gmt":"2026-03-30T05:49:34","guid":{"rendered":"https:\/\/ofertacular.com\/index.php\/producto\/camiseta-hombre-4\/"},"modified":"2026-03-30T07:49:34","modified_gmt":"2026-03-30T05:49:34","slug":"camiseta-hombre-4","status":"publish","type":"product","link":"https:\/\/ofertacular.com\/index.php\/producto\/camiseta-hombre-4\/","title":{"rendered":"Camiseta Hombre"},"content":{"rendered":"<div class=\"oferta-container\">\n<p>\ud83d\udfe5 <b>DATE PRISA<\/b> \ud83d\udfe5 #Publicidad #Amazon #16<\/p>\n<p>\ud83d\udd34 <b>Camiseta Hombre <\/b><\/p>\n<p>\u2705 <b>AHORA 9.99 \u20ac<\/b> \u2714\ufe0f\ud83d\udfe1<\/p>\n<p>\u274c Antes 15.99 \u20ac<\/p>\n<p>\ud83d\uded2: <a href=\"https:\/\/btz.es\/5puuLfo\" target=\"_blank\" rel=\"nofollow noopener\">https:\/\/btz.es\/5puuLfo<\/a><\/p>\n<p>Camiseta para hombre fabricada con algod\u00f3n de alta calidad, ligera y transpirable, ideal para uso diario y actividades deportivas. Disponible en m\u00faltiples colores y tallas, ofrece comodidad y estilo en cualquier ocasi\u00f3n. Perfecta para combinar con ropa casual, esta camiseta garantiza durabilidad y un ajuste perfecto para m\u00e1xima satisfacci\u00f3n.<\/p>\n<\/p><\/div>\n","protected":false},"excerpt":{"rendered":"<p>\ud83d\udfe5 DATE PRISA \ud83d\udfe5 #Publicidad #Amazon #16 \ud83d\udd34 Camiseta Hombre \u2705 AHORA 9.99 \u20ac \u2714\ufe0f\ud83d\udfe1 \u274c Antes 15.99 \u20ac \ud83d\uded2: https:\/\/btz.es\/5puuLfo Camiseta para hombre fabricada con algod\u00f3n de alta calidad, ligera y transpirable, ideal para uso diario y actividades deportivas. Disponible en m\u00faltiples colores y tallas, ofrece comodidad y estilo en cualquier ocasi\u00f3n. Perfecta para [&hellip;]<\/p>\n","protected":false},"featured_media":12406,"template":"","meta":{"_gspb_post_css":""},"store":[],"product_brand":[],"product_cat":[16],"product_tag":[],"class_list":{"0":"post-12407","1":"product","2":"type-product","3":"status-publish","4":"has-post-thumbnail","6":"product_cat-sin-categorizar","8":"first","9":"instock","10":"sale","11":"shipping-taxable","12":"product-type-external"},"jetpack_sharing_enabled":true,"_links":{"self":[{"href":"https:\/\/ofertacular.com\/index.php\/wp-json\/wp\/v2\/product\/12407","targetHints":{"allow":["GET"]}}],"collection":[{"href":"https:\/\/ofertacular.com\/index.php\/wp-json\/wp\/v2\/product"}],"about":[{"href":"https:\/\/ofertacular.com\/index.php\/wp-json\/wp\/v2\/types\/product"}],"wp:featuredmedia":[{"embeddable":true,"href":"https:\/\/ofertacular.com\/index.php\/wp-json\/wp\/v2\/media\/12406"}],"wp:attachment":[{"href":"https:\/\/ofertacular.com\/index.php\/wp-json\/wp\/v2\/media?parent=12407"}],"wp:term":[{"taxonomy":"store","embeddable":true,"href":"https:\/\/ofertacular.com\/index.php\/wp-json\/wp\/v2\/store?post=12407"},{"taxonomy":"product_brand","embeddable":true,"href":"https:\/\/ofertacular.com\/index.php\/wp-json\/wp\/v2\/product_brand?post=12407"},{"taxonomy":"product_cat","embeddable":true,"href":"https:\/\/ofertacular.com\/index.php\/wp-json\/wp\/v2\/product_cat?post=12407"},{"taxonomy":"product_tag","embeddable":true,"href":"https:\/\/ofertacular.com\/index.php\/wp-json\/wp\/v2\/product_tag?post=12407"}],"curies":[{"name":"wp","href":"https:\/\/api.w.org\/{rel}","templated":true}]}}