{"id":12447,"date":"2026-03-31T07:39:13","date_gmt":"2026-03-31T05:39:13","guid":{"rendered":"https:\/\/ofertacular.com\/index.php\/producto\/coca-cola-original\/"},"modified":"2026-03-31T07:39:13","modified_gmt":"2026-03-31T05:39:13","slug":"coca-cola-original","status":"publish","type":"product","link":"https:\/\/ofertacular.com\/index.php\/producto\/coca-cola-original\/","title":{"rendered":"Coca-Cola Original"},"content":{"rendered":"<div class=\"oferta-container\">\n<p>\ud83d\udfe5 <b>\u00a1OFERT\u00d3N!<\/b> \ud83d\udfe5 #Publicidad #Amazon #16<\/p>\n<p>\ud83d\udd34 <b>Refresco Coca-Cola <\/b><\/p>\n<p>\u2705 <b>AHORA 15.77 \u20ac<\/b> \u2714\ufe0f\ud83d\udfe1<\/p>\n<p>\u274c Antes 21.60 \u20ac<\/p>\n<p>\ud83d\uded2: <a href=\"https:\/\/btz.es\/5p0iGbU\" target=\"_blank\" rel=\"nofollow noopener\">https:\/\/btz.es\/5p0iGbU<\/a><\/p>\n<p>Descubre el aut\u00e9ntico sabor de la refrescante Coca-Cola Original, la bebida cl\u00e1sica que ha conquistado paladares alrededor del mundo. Perfecta para cualquier ocasi\u00f3n, esta bebida carbonatada ofrece una mezcla \u00fanica de ingredientes que aseguran una experiencia inigualable. Ideal para acompa\u00f1ar tus comidas o disfrutar en reuniones con amigos. Compra ahora Coca-Cola Original y disfruta de su sabor ic\u00f3nico y refrescante que nunca pasa de moda.<\/p>\n<\/p><\/div>\n","protected":false},"excerpt":{"rendered":"<p>\ud83d\udfe5 \u00a1OFERT\u00d3N! \ud83d\udfe5 #Publicidad #Amazon #16 \ud83d\udd34 Refresco Coca-Cola \u2705 AHORA 15.77 \u20ac \u2714\ufe0f\ud83d\udfe1 \u274c Antes 21.60 \u20ac \ud83d\uded2: https:\/\/btz.es\/5p0iGbU Descubre el aut\u00e9ntico sabor de la refrescante Coca-Cola Original, la bebida cl\u00e1sica que ha conquistado paladares alrededor del mundo. Perfecta para cualquier ocasi\u00f3n, esta bebida carbonatada ofrece una mezcla \u00fanica de ingredientes que aseguran una [&hellip;]<\/p>\n","protected":false},"featured_media":12446,"template":"","meta":{"_gspb_post_css":""},"store":[],"product_brand":[],"product_cat":[16],"product_tag":[],"class_list":{"0":"post-12447","1":"product","2":"type-product","3":"status-publish","4":"has-post-thumbnail","6":"product_cat-sin-categorizar","8":"first","9":"instock","10":"sale","11":"shipping-taxable","12":"product-type-external"},"jetpack_sharing_enabled":true,"_links":{"self":[{"href":"https:\/\/ofertacular.com\/index.php\/wp-json\/wp\/v2\/product\/12447","targetHints":{"allow":["GET"]}}],"collection":[{"href":"https:\/\/ofertacular.com\/index.php\/wp-json\/wp\/v2\/product"}],"about":[{"href":"https:\/\/ofertacular.com\/index.php\/wp-json\/wp\/v2\/types\/product"}],"wp:featuredmedia":[{"embeddable":true,"href":"https:\/\/ofertacular.com\/index.php\/wp-json\/wp\/v2\/media\/12446"}],"wp:attachment":[{"href":"https:\/\/ofertacular.com\/index.php\/wp-json\/wp\/v2\/media?parent=12447"}],"wp:term":[{"taxonomy":"store","embeddable":true,"href":"https:\/\/ofertacular.com\/index.php\/wp-json\/wp\/v2\/store?post=12447"},{"taxonomy":"product_brand","embeddable":true,"href":"https:\/\/ofertacular.com\/index.php\/wp-json\/wp\/v2\/product_brand?post=12447"},{"taxonomy":"product_cat","embeddable":true,"href":"https:\/\/ofertacular.com\/index.php\/wp-json\/wp\/v2\/product_cat?post=12447"},{"taxonomy":"product_tag","embeddable":true,"href":"https:\/\/ofertacular.com\/index.php\/wp-json\/wp\/v2\/product_tag?post=12447"}],"curies":[{"name":"wp","href":"https:\/\/api.w.org\/{rel}","templated":true}]}}