{"id":12451,"date":"2026-03-31T07:44:44","date_gmt":"2026-03-31T05:44:44","guid":{"rendered":"https:\/\/ofertacular.com\/index.php\/producto\/xiaomi-redmi-6\/"},"modified":"2026-03-31T07:44:44","modified_gmt":"2026-03-31T05:44:44","slug":"xiaomi-redmi-6","status":"publish","type":"product","link":"https:\/\/ofertacular.com\/index.php\/producto\/xiaomi-redmi-6\/","title":{"rendered":"XIAOMI REDMI"},"content":{"rendered":"<div class=\"oferta-container\">\n<p>\ud83d\udfe5 <b>DATE PRISA<\/b> \ud83d\udfe5 #Publicidad #Amazon #16<\/p>\n<p>\ud83d\udd34 <b>Smartphone Xiaomi <\/b><\/p>\n<p>\u2705 <b>AHORA 199 \u20ac<\/b> \u2714\ufe0f\ud83d\udfe1<\/p>\n<p>\u274c Antes 249.90 \u20ac<\/p>\n<p>\ud83d\uded2: <a href=\"https:\/\/btz.es\/5p0kdS6\" target=\"_blank\" rel=\"nofollow noopener\">https:\/\/btz.es\/5p0kdS6<\/a><\/p>\n<p>Descubre el Xiaomi Redmi, un smartphone que combina rendimiento y estilo. Equipado con tecnolog\u00eda avanzada, ofrece una experiencia fluida y una c\u00e1mara de alta calidad para capturar cada momento. Ideal para quienes buscan innovaci\u00f3n y eficiencia en un dispositivo m\u00f3vil. Aprovecha ahora la oferta y lleva la potencia de Xiaomi a tu mano.<\/p>\n<\/p><\/div>\n","protected":false},"excerpt":{"rendered":"<p>\ud83d\udfe5 DATE PRISA \ud83d\udfe5 #Publicidad #Amazon #16 \ud83d\udd34 Smartphone Xiaomi \u2705 AHORA 199 \u20ac \u2714\ufe0f\ud83d\udfe1 \u274c Antes 249.90 \u20ac \ud83d\uded2: https:\/\/btz.es\/5p0kdS6 Descubre el Xiaomi Redmi, un smartphone que combina rendimiento y estilo. Equipado con tecnolog\u00eda avanzada, ofrece una experiencia fluida y una c\u00e1mara de alta calidad para capturar cada momento. Ideal para quienes buscan innovaci\u00f3n [&hellip;]<\/p>\n","protected":false},"featured_media":12450,"template":"","meta":{"_gspb_post_css":""},"store":[],"product_brand":[],"product_cat":[16],"product_tag":[],"class_list":{"0":"post-12451","1":"product","2":"type-product","3":"status-publish","4":"has-post-thumbnail","6":"product_cat-sin-categorizar","8":"first","9":"instock","10":"sale","11":"shipping-taxable","12":"product-type-external"},"jetpack_sharing_enabled":true,"_links":{"self":[{"href":"https:\/\/ofertacular.com\/index.php\/wp-json\/wp\/v2\/product\/12451","targetHints":{"allow":["GET"]}}],"collection":[{"href":"https:\/\/ofertacular.com\/index.php\/wp-json\/wp\/v2\/product"}],"about":[{"href":"https:\/\/ofertacular.com\/index.php\/wp-json\/wp\/v2\/types\/product"}],"wp:featuredmedia":[{"embeddable":true,"href":"https:\/\/ofertacular.com\/index.php\/wp-json\/wp\/v2\/media\/12450"}],"wp:attachment":[{"href":"https:\/\/ofertacular.com\/index.php\/wp-json\/wp\/v2\/media?parent=12451"}],"wp:term":[{"taxonomy":"store","embeddable":true,"href":"https:\/\/ofertacular.com\/index.php\/wp-json\/wp\/v2\/store?post=12451"},{"taxonomy":"product_brand","embeddable":true,"href":"https:\/\/ofertacular.com\/index.php\/wp-json\/wp\/v2\/product_brand?post=12451"},{"taxonomy":"product_cat","embeddable":true,"href":"https:\/\/ofertacular.com\/index.php\/wp-json\/wp\/v2\/product_cat?post=12451"},{"taxonomy":"product_tag","embeddable":true,"href":"https:\/\/ofertacular.com\/index.php\/wp-json\/wp\/v2\/product_tag?post=12451"}],"curies":[{"name":"wp","href":"https:\/\/api.w.org\/{rel}","templated":true}]}}