{"id":12502,"date":"2026-04-06T08:51:19","date_gmt":"2026-04-06T06:51:19","guid":{"rendered":"https:\/\/ofertacular.com\/index.php\/producto\/tommy-sneakers-6\/"},"modified":"2026-04-06T08:51:19","modified_gmt":"2026-04-06T06:51:19","slug":"tommy-sneakers-6","status":"publish","type":"product","link":"https:\/\/ofertacular.com\/index.php\/producto\/tommy-sneakers-6\/","title":{"rendered":"Tommy Sneakers"},"content":{"rendered":"<div class=\"oferta-container\">\n<p>\ud83d\udfe5 <b>\u00a1DESCUENTO \u00daNICO!<\/b> \ud83d\udfe5 #Publicidad #Amazon #16<\/p>\n<p>\ud83d\udd34 <b>Sneakers Tommy <\/b><\/p>\n<p>\u2705 <b>AHORA 33.49 \u20ac<\/b> \u2714\ufe0f\ud83d\udfe1<\/p>\n<p>\u274c Antes 69.90 \u20ac<\/p>\n<p>\ud83d\uded2: <a href=\"https:\/\/btz.es\/5pZ5Zpr\" target=\"_blank\" rel=\"nofollow noopener\">https:\/\/btz.es\/5pZ5Zpr<\/a><\/p>\n<p>Descubre las Sneakers Tommy, el calzado perfecto que combina estilo y comodidad para tu d\u00eda a d\u00eda. Dise\u00f1adas con materiales de alta calidad y un dise\u00f1o moderno, estas zapatillas son ideales para quienes buscan un look casual y actual. Potencia tu outfit con el estilo inconfundible de Tommy y disfruta de una pisada confortable durante todo el d\u00eda. Consigue ahora las Sneakers Tommy y marca tendencia en cada paso.<\/p>\n<\/p><\/div>\n","protected":false},"excerpt":{"rendered":"<p>\ud83d\udfe5 \u00a1DESCUENTO \u00daNICO! \ud83d\udfe5 #Publicidad #Amazon #16 \ud83d\udd34 Sneakers Tommy \u2705 AHORA 33.49 \u20ac \u2714\ufe0f\ud83d\udfe1 \u274c Antes 69.90 \u20ac \ud83d\uded2: https:\/\/btz.es\/5pZ5Zpr Descubre las Sneakers Tommy, el calzado perfecto que combina estilo y comodidad para tu d\u00eda a d\u00eda. Dise\u00f1adas con materiales de alta calidad y un dise\u00f1o moderno, estas zapatillas son ideales para quienes buscan [&hellip;]<\/p>\n","protected":false},"featured_media":12501,"template":"","meta":{"_gspb_post_css":""},"store":[],"product_brand":[],"product_cat":[16],"product_tag":[],"class_list":{"0":"post-12502","1":"product","2":"type-product","3":"status-publish","4":"has-post-thumbnail","6":"product_cat-sin-categorizar","8":"first","9":"instock","10":"sale","11":"shipping-taxable","12":"product-type-external"},"jetpack_sharing_enabled":true,"_links":{"self":[{"href":"https:\/\/ofertacular.com\/index.php\/wp-json\/wp\/v2\/product\/12502","targetHints":{"allow":["GET"]}}],"collection":[{"href":"https:\/\/ofertacular.com\/index.php\/wp-json\/wp\/v2\/product"}],"about":[{"href":"https:\/\/ofertacular.com\/index.php\/wp-json\/wp\/v2\/types\/product"}],"wp:featuredmedia":[{"embeddable":true,"href":"https:\/\/ofertacular.com\/index.php\/wp-json\/wp\/v2\/media\/12501"}],"wp:attachment":[{"href":"https:\/\/ofertacular.com\/index.php\/wp-json\/wp\/v2\/media?parent=12502"}],"wp:term":[{"taxonomy":"store","embeddable":true,"href":"https:\/\/ofertacular.com\/index.php\/wp-json\/wp\/v2\/store?post=12502"},{"taxonomy":"product_brand","embeddable":true,"href":"https:\/\/ofertacular.com\/index.php\/wp-json\/wp\/v2\/product_brand?post=12502"},{"taxonomy":"product_cat","embeddable":true,"href":"https:\/\/ofertacular.com\/index.php\/wp-json\/wp\/v2\/product_cat?post=12502"},{"taxonomy":"product_tag","embeddable":true,"href":"https:\/\/ofertacular.com\/index.php\/wp-json\/wp\/v2\/product_tag?post=12502"}],"curies":[{"name":"wp","href":"https:\/\/api.w.org\/{rel}","templated":true}]}}