{"id":12504,"date":"2026-04-06T08:53:18","date_gmt":"2026-04-06T06:53:18","guid":{"rendered":"https:\/\/ofertacular.com\/index.php\/producto\/cosori-airfryer-5\/"},"modified":"2026-04-06T08:53:18","modified_gmt":"2026-04-06T06:53:18","slug":"cosori-airfryer-5","status":"publish","type":"product","link":"https:\/\/ofertacular.com\/index.php\/producto\/cosori-airfryer-5\/","title":{"rendered":"Cosori Airfryer"},"content":{"rendered":"<div class=\"oferta-container\">\n<p>\ud83d\udfe5 <b>EXCLUSIVO<\/b> \ud83d\udfe5 #Publicidad #Amazon #16<\/p>\n<p>\ud83d\udd34 <b>Freidora Aire <\/b><\/p>\n<p>\u2705 <b>AHORA 109.99 \u20ac<\/b> \u2714\ufe0f\ud83d\udfe1<\/p>\n<p>\u274c Antes 159.99 \u20ac<\/p>\n<p>\ud83d\uded2: <a href=\"https:\/\/btz.es\/5pZ64bl\" target=\"_blank\" rel=\"nofollow noopener\">https:\/\/btz.es\/5pZ64bl<\/a><\/p>\n<p>Descubre la innovadora Freidora de Aire Cosori, dise\u00f1ada para cocinar tus platillos favoritos con menos aceite y m\u00e1xima eficiencia. Gracias a su tecnolog\u00eda avanzada, esta freidora garantiza resultados crujientes y deliciosos, manteniendo la textura y sabor original de los alimentos. Ideal para una cocina saludable y r\u00e1pida, la Cosori Airfryer es la elecci\u00f3n perfecta para quienes buscan practicidad sin sacrificar calidad. Optimiza tu experiencia culinaria y mejora tu estilo de vida con este electrodom\u00e9stico imprescindible.<\/p>\n<\/p><\/div>\n","protected":false},"excerpt":{"rendered":"<p>\ud83d\udfe5 EXCLUSIVO \ud83d\udfe5 #Publicidad #Amazon #16 \ud83d\udd34 Freidora Aire \u2705 AHORA 109.99 \u20ac \u2714\ufe0f\ud83d\udfe1 \u274c Antes 159.99 \u20ac \ud83d\uded2: https:\/\/btz.es\/5pZ64bl Descubre la innovadora Freidora de Aire Cosori, dise\u00f1ada para cocinar tus platillos favoritos con menos aceite y m\u00e1xima eficiencia. Gracias a su tecnolog\u00eda avanzada, esta freidora garantiza resultados crujientes y deliciosos, manteniendo la textura y [&hellip;]<\/p>\n","protected":false},"featured_media":12503,"template":"","meta":{"_gspb_post_css":""},"store":[],"product_brand":[],"product_cat":[16],"product_tag":[],"class_list":{"0":"post-12504","1":"product","2":"type-product","3":"status-publish","4":"has-post-thumbnail","6":"product_cat-sin-categorizar","8":"first","9":"instock","10":"sale","11":"shipping-taxable","12":"product-type-external"},"jetpack_sharing_enabled":true,"_links":{"self":[{"href":"https:\/\/ofertacular.com\/index.php\/wp-json\/wp\/v2\/product\/12504","targetHints":{"allow":["GET"]}}],"collection":[{"href":"https:\/\/ofertacular.com\/index.php\/wp-json\/wp\/v2\/product"}],"about":[{"href":"https:\/\/ofertacular.com\/index.php\/wp-json\/wp\/v2\/types\/product"}],"wp:featuredmedia":[{"embeddable":true,"href":"https:\/\/ofertacular.com\/index.php\/wp-json\/wp\/v2\/media\/12503"}],"wp:attachment":[{"href":"https:\/\/ofertacular.com\/index.php\/wp-json\/wp\/v2\/media?parent=12504"}],"wp:term":[{"taxonomy":"store","embeddable":true,"href":"https:\/\/ofertacular.com\/index.php\/wp-json\/wp\/v2\/store?post=12504"},{"taxonomy":"product_brand","embeddable":true,"href":"https:\/\/ofertacular.com\/index.php\/wp-json\/wp\/v2\/product_brand?post=12504"},{"taxonomy":"product_cat","embeddable":true,"href":"https:\/\/ofertacular.com\/index.php\/wp-json\/wp\/v2\/product_cat?post=12504"},{"taxonomy":"product_tag","embeddable":true,"href":"https:\/\/ofertacular.com\/index.php\/wp-json\/wp\/v2\/product_tag?post=12504"}],"curies":[{"name":"wp","href":"https:\/\/api.w.org\/{rel}","templated":true}]}}