{"id":12510,"date":"2026-04-06T10:20:47","date_gmt":"2026-04-06T08:20:47","guid":{"rendered":"https:\/\/ofertacular.com\/index.php\/producto\/makers-mark\/"},"modified":"2026-04-06T10:20:47","modified_gmt":"2026-04-06T08:20:47","slug":"makers-mark","status":"publish","type":"product","link":"https:\/\/ofertacular.com\/index.php\/producto\/makers-mark\/","title":{"rendered":"Maker&#8217;s Mark"},"content":{"rendered":"<div class=\"oferta-container\">\n<p>\ud83d\udfe5 <b>GRAN OFERTA<\/b> \ud83d\udfe5 #Publicidad #Amazon #16<\/p>\n<p>\ud83d\udd34 <b>Whisky Bourbon <\/b><\/p>\n<p>\u2705 <b>AHORA 25.04 \u20ac<\/b> \u2714\ufe0f\ud83d\udfe1<\/p>\n<p>\u274c Antes 33.00 \u20ac<\/p>\n<p>\ud83d\uded2: <a href=\"https:\/\/btz.es\/5pZS52d\" target=\"_blank\" rel=\"nofollow noopener\">https:\/\/btz.es\/5pZS52d<\/a><\/p>\n<p>Descubre la excelencia del Whisky Bourbon Maker&#8217;s Mark, una bebida premium reconocida mundialmente por su suave sabor y elaboraci\u00f3n artesanal. Perfecto para los amantes del whisky que buscan calidad y tradici\u00f3n. Disfruta de cada sorbo con notas dulces y tostadas que hacen de Maker&#8217;s Mark una experiencia \u00fanica e inolvidable.<\/p>\n<\/p><\/div>\n","protected":false},"excerpt":{"rendered":"<p>\ud83d\udfe5 GRAN OFERTA \ud83d\udfe5 #Publicidad #Amazon #16 \ud83d\udd34 Whisky Bourbon \u2705 AHORA 25.04 \u20ac \u2714\ufe0f\ud83d\udfe1 \u274c Antes 33.00 \u20ac \ud83d\uded2: https:\/\/btz.es\/5pZS52d Descubre la excelencia del Whisky Bourbon Maker&#8217;s Mark, una bebida premium reconocida mundialmente por su suave sabor y elaboraci\u00f3n artesanal. Perfecto para los amantes del whisky que buscan calidad y tradici\u00f3n. Disfruta de cada [&hellip;]<\/p>\n","protected":false},"featured_media":12509,"template":"","meta":{"_gspb_post_css":""},"store":[],"product_brand":[],"product_cat":[16],"product_tag":[],"class_list":{"0":"post-12510","1":"product","2":"type-product","3":"status-publish","4":"has-post-thumbnail","6":"product_cat-sin-categorizar","8":"first","9":"instock","10":"sale","11":"shipping-taxable","12":"product-type-external"},"jetpack_sharing_enabled":true,"_links":{"self":[{"href":"https:\/\/ofertacular.com\/index.php\/wp-json\/wp\/v2\/product\/12510","targetHints":{"allow":["GET"]}}],"collection":[{"href":"https:\/\/ofertacular.com\/index.php\/wp-json\/wp\/v2\/product"}],"about":[{"href":"https:\/\/ofertacular.com\/index.php\/wp-json\/wp\/v2\/types\/product"}],"wp:featuredmedia":[{"embeddable":true,"href":"https:\/\/ofertacular.com\/index.php\/wp-json\/wp\/v2\/media\/12509"}],"wp:attachment":[{"href":"https:\/\/ofertacular.com\/index.php\/wp-json\/wp\/v2\/media?parent=12510"}],"wp:term":[{"taxonomy":"store","embeddable":true,"href":"https:\/\/ofertacular.com\/index.php\/wp-json\/wp\/v2\/store?post=12510"},{"taxonomy":"product_brand","embeddable":true,"href":"https:\/\/ofertacular.com\/index.php\/wp-json\/wp\/v2\/product_brand?post=12510"},{"taxonomy":"product_cat","embeddable":true,"href":"https:\/\/ofertacular.com\/index.php\/wp-json\/wp\/v2\/product_cat?post=12510"},{"taxonomy":"product_tag","embeddable":true,"href":"https:\/\/ofertacular.com\/index.php\/wp-json\/wp\/v2\/product_tag?post=12510"}],"curies":[{"name":"wp","href":"https:\/\/api.w.org\/{rel}","templated":true}]}}