{"id":12516,"date":"2026-04-07T06:51:08","date_gmt":"2026-04-07T04:51:08","guid":{"rendered":"https:\/\/ofertacular.com\/index.php\/producto\/duracell-plus\/"},"modified":"2026-04-07T06:51:08","modified_gmt":"2026-04-07T04:51:08","slug":"duracell-plus","status":"publish","type":"product","link":"https:\/\/ofertacular.com\/index.php\/producto\/duracell-plus\/","title":{"rendered":"DURACELL Plus"},"content":{"rendered":"<div class=\"oferta-container\">\n<p>\ud83d\udfe5 <b>\u00a1APROVECHA!<\/b> \ud83d\udfe5 #Publicidad #Amazon #16<\/p>\n<p>\ud83d\udd34 <b>Pilas Duracell <\/b><\/p>\n<p>\u2705 <b>AHORA 9.79 \u20ac<\/b> \u2714\ufe0f\ud83d\udfe1<\/p>\n<p>\u274c Antes 13.89 \u20ac<\/p>\n<p>\ud83d\uded2: <a href=\"https:\/\/btz.es\/5qeSptP\" target=\"_blank\" rel=\"nofollow noopener\">https:\/\/btz.es\/5qeSptP<\/a><\/p>\n<p>Descubre la potencia y duraci\u00f3n inigualables de las pilas Duracell Plus, ideales para alimentar tus dispositivos electr\u00f3nicos con confiabilidad y eficiencia. Estas pilas alcalinas ofrecen un rendimiento superior que garantiza un funcionamiento prolongado, perfectas para el uso diario en controles remotos, c\u00e1maras, juguetes y m\u00e1s. Con Duracell, aseguras energ\u00eda de largo alcance y m\u00e1xima fiabilidad en cada uso.<\/p>\n<\/p><\/div>\n","protected":false},"excerpt":{"rendered":"<p>\ud83d\udfe5 \u00a1APROVECHA! \ud83d\udfe5 #Publicidad #Amazon #16 \ud83d\udd34 Pilas Duracell \u2705 AHORA 9.79 \u20ac \u2714\ufe0f\ud83d\udfe1 \u274c Antes 13.89 \u20ac \ud83d\uded2: https:\/\/btz.es\/5qeSptP Descubre la potencia y duraci\u00f3n inigualables de las pilas Duracell Plus, ideales para alimentar tus dispositivos electr\u00f3nicos con confiabilidad y eficiencia. Estas pilas alcalinas ofrecen un rendimiento superior que garantiza un funcionamiento prolongado, perfectas para [&hellip;]<\/p>\n","protected":false},"featured_media":12515,"template":"","meta":{"_gspb_post_css":""},"store":[],"product_brand":[],"product_cat":[16],"product_tag":[],"class_list":{"0":"post-12516","1":"product","2":"type-product","3":"status-publish","4":"has-post-thumbnail","6":"product_cat-sin-categorizar","8":"first","9":"instock","10":"sale","11":"shipping-taxable","12":"product-type-external"},"jetpack_sharing_enabled":true,"_links":{"self":[{"href":"https:\/\/ofertacular.com\/index.php\/wp-json\/wp\/v2\/product\/12516","targetHints":{"allow":["GET"]}}],"collection":[{"href":"https:\/\/ofertacular.com\/index.php\/wp-json\/wp\/v2\/product"}],"about":[{"href":"https:\/\/ofertacular.com\/index.php\/wp-json\/wp\/v2\/types\/product"}],"wp:featuredmedia":[{"embeddable":true,"href":"https:\/\/ofertacular.com\/index.php\/wp-json\/wp\/v2\/media\/12515"}],"wp:attachment":[{"href":"https:\/\/ofertacular.com\/index.php\/wp-json\/wp\/v2\/media?parent=12516"}],"wp:term":[{"taxonomy":"store","embeddable":true,"href":"https:\/\/ofertacular.com\/index.php\/wp-json\/wp\/v2\/store?post=12516"},{"taxonomy":"product_brand","embeddable":true,"href":"https:\/\/ofertacular.com\/index.php\/wp-json\/wp\/v2\/product_brand?post=12516"},{"taxonomy":"product_cat","embeddable":true,"href":"https:\/\/ofertacular.com\/index.php\/wp-json\/wp\/v2\/product_cat?post=12516"},{"taxonomy":"product_tag","embeddable":true,"href":"https:\/\/ofertacular.com\/index.php\/wp-json\/wp\/v2\/product_tag?post=12516"}],"curies":[{"name":"wp","href":"https:\/\/api.w.org\/{rel}","templated":true}]}}