{"id":12522,"date":"2026-04-07T07:22:01","date_gmt":"2026-04-07T05:22:01","guid":{"rendered":"https:\/\/ofertacular.com\/index.php\/producto\/heineken-lager-2\/"},"modified":"2026-04-07T07:22:01","modified_gmt":"2026-04-07T05:22:01","slug":"heineken-lager-2","status":"publish","type":"product","link":"https:\/\/ofertacular.com\/index.php\/producto\/heineken-lager-2\/","title":{"rendered":"Heineken Lager"},"content":{"rendered":"<div class=\"oferta-container\">\n<p>\ud83d\udfe5 <b>GRAN OFERTA<\/b> \ud83d\udfe5 #Publicidad #Amazon #16<\/p>\n<p>\ud83d\udd34 <b>Cerveza Heineken <\/b><\/p>\n<p>\u2705 <b>AHORA 12.89 \u20ac<\/b> \u2714\ufe0f\ud83d\udfe1<\/p>\n<p>\u274c Antes 20.88 \u20ac<\/p>\n<p>\ud83d\uded2: <a href=\"https:\/\/btz.es\/5qfabKm\" target=\"_blank\" rel=\"nofollow noopener\">https:\/\/btz.es\/5qfabKm<\/a><\/p>\n<p>Disfruta de la aut\u00e9ntica cerveza Lager Heineken, reconocida mundialmente por su sabor refrescante y equilibrio perfecto. Elaborada con ingredientes de alta calidad y una receta tradicional, Heineken Lager es la elecci\u00f3n ideal para acompa\u00f1ar tus momentos sociales, reuniones y celebraciones. Su sabor \u00fanico y consistente la convierten en una de las cervezas m\u00e1s populares a nivel global, garantizando una experiencia inigualable.<\/p>\n<\/p><\/div>\n","protected":false},"excerpt":{"rendered":"<p>\ud83d\udfe5 GRAN OFERTA \ud83d\udfe5 #Publicidad #Amazon #16 \ud83d\udd34 Cerveza Heineken \u2705 AHORA 12.89 \u20ac \u2714\ufe0f\ud83d\udfe1 \u274c Antes 20.88 \u20ac \ud83d\uded2: https:\/\/btz.es\/5qfabKm Disfruta de la aut\u00e9ntica cerveza Lager Heineken, reconocida mundialmente por su sabor refrescante y equilibrio perfecto. Elaborada con ingredientes de alta calidad y una receta tradicional, Heineken Lager es la elecci\u00f3n ideal para acompa\u00f1ar [&hellip;]<\/p>\n","protected":false},"featured_media":12521,"template":"","meta":{"_gspb_post_css":""},"store":[],"product_brand":[],"product_cat":[16],"product_tag":[],"class_list":{"0":"post-12522","1":"product","2":"type-product","3":"status-publish","4":"has-post-thumbnail","6":"product_cat-sin-categorizar","8":"first","9":"instock","10":"sale","11":"shipping-taxable","12":"product-type-external"},"jetpack_sharing_enabled":true,"_links":{"self":[{"href":"https:\/\/ofertacular.com\/index.php\/wp-json\/wp\/v2\/product\/12522","targetHints":{"allow":["GET"]}}],"collection":[{"href":"https:\/\/ofertacular.com\/index.php\/wp-json\/wp\/v2\/product"}],"about":[{"href":"https:\/\/ofertacular.com\/index.php\/wp-json\/wp\/v2\/types\/product"}],"wp:featuredmedia":[{"embeddable":true,"href":"https:\/\/ofertacular.com\/index.php\/wp-json\/wp\/v2\/media\/12521"}],"wp:attachment":[{"href":"https:\/\/ofertacular.com\/index.php\/wp-json\/wp\/v2\/media?parent=12522"}],"wp:term":[{"taxonomy":"store","embeddable":true,"href":"https:\/\/ofertacular.com\/index.php\/wp-json\/wp\/v2\/store?post=12522"},{"taxonomy":"product_brand","embeddable":true,"href":"https:\/\/ofertacular.com\/index.php\/wp-json\/wp\/v2\/product_brand?post=12522"},{"taxonomy":"product_cat","embeddable":true,"href":"https:\/\/ofertacular.com\/index.php\/wp-json\/wp\/v2\/product_cat?post=12522"},{"taxonomy":"product_tag","embeddable":true,"href":"https:\/\/ofertacular.com\/index.php\/wp-json\/wp\/v2\/product_tag?post=12522"}],"curies":[{"name":"wp","href":"https:\/\/api.w.org\/{rel}","templated":true}]}}