{"id":12526,"date":"2026-04-07T07:35:59","date_gmt":"2026-04-07T05:35:59","guid":{"rendered":"https:\/\/ofertacular.com\/index.php\/producto\/camisetas-parejas\/"},"modified":"2026-04-07T07:35:59","modified_gmt":"2026-04-07T05:35:59","slug":"camisetas-parejas","status":"publish","type":"product","link":"https:\/\/ofertacular.com\/index.php\/producto\/camisetas-parejas\/","title":{"rendered":"Camisetas Parejas"},"content":{"rendered":"<div class=\"oferta-container\">\n<p>\ud83d\udfe5 <b>INCRE\u00cdBLE<\/b> \ud83d\udfe5 #Publicidad #Amazon #16<\/p>\n<p>\ud83d\udd34 <b>Camisetas parejas <\/b><\/p>\n<p>\u2705 <b>AHORA 3.58 \u20ac<\/b> \u2714\ufe0f\ud83d\udfe1<\/p>\n<p>\u274c Antes <\/p>\n<p>\ud83d\uded2: <a href=\"https:\/\/btz.es\/5qfd76Z\" target=\"_blank\" rel=\"nofollow noopener\">https:\/\/btz.es\/5qfd76Z<\/a><\/p>\n<p>Descubre nuestras exclusivas camisetas para parejas, dise\u00f1adas para expresar tu estilo y conexi\u00f3n \u00fanica. Perfectas para usar en conjunto, estas camisetas combinan comodidad y moda. Hechas con materiales de alta calidad, son ideales para cualquier ocasi\u00f3n especial o diaria. Compra ahora y destaca tu amor con estilo y elegancia, garantizando una presencia inolvidable.<\/p>\n<\/p><\/div>\n","protected":false},"excerpt":{"rendered":"<p>\ud83d\udfe5 INCRE\u00cdBLE \ud83d\udfe5 #Publicidad #Amazon #16 \ud83d\udd34 Camisetas parejas \u2705 AHORA 3.58 \u20ac \u2714\ufe0f\ud83d\udfe1 \u274c Antes \ud83d\uded2: https:\/\/btz.es\/5qfd76Z Descubre nuestras exclusivas camisetas para parejas, dise\u00f1adas para expresar tu estilo y conexi\u00f3n \u00fanica. Perfectas para usar en conjunto, estas camisetas combinan comodidad y moda. Hechas con materiales de alta calidad, son ideales para cualquier ocasi\u00f3n especial [&hellip;]<\/p>\n","protected":false},"featured_media":12525,"template":"","meta":{"_gspb_post_css":""},"store":[],"product_brand":[],"product_cat":[16],"product_tag":[],"class_list":{"0":"post-12526","1":"product","2":"type-product","3":"status-publish","4":"has-post-thumbnail","6":"product_cat-sin-categorizar","8":"first","9":"instock","10":"shipping-taxable","11":"product-type-external"},"jetpack_sharing_enabled":true,"_links":{"self":[{"href":"https:\/\/ofertacular.com\/index.php\/wp-json\/wp\/v2\/product\/12526","targetHints":{"allow":["GET"]}}],"collection":[{"href":"https:\/\/ofertacular.com\/index.php\/wp-json\/wp\/v2\/product"}],"about":[{"href":"https:\/\/ofertacular.com\/index.php\/wp-json\/wp\/v2\/types\/product"}],"wp:featuredmedia":[{"embeddable":true,"href":"https:\/\/ofertacular.com\/index.php\/wp-json\/wp\/v2\/media\/12525"}],"wp:attachment":[{"href":"https:\/\/ofertacular.com\/index.php\/wp-json\/wp\/v2\/media?parent=12526"}],"wp:term":[{"taxonomy":"store","embeddable":true,"href":"https:\/\/ofertacular.com\/index.php\/wp-json\/wp\/v2\/store?post=12526"},{"taxonomy":"product_brand","embeddable":true,"href":"https:\/\/ofertacular.com\/index.php\/wp-json\/wp\/v2\/product_brand?post=12526"},{"taxonomy":"product_cat","embeddable":true,"href":"https:\/\/ofertacular.com\/index.php\/wp-json\/wp\/v2\/product_cat?post=12526"},{"taxonomy":"product_tag","embeddable":true,"href":"https:\/\/ofertacular.com\/index.php\/wp-json\/wp\/v2\/product_tag?post=12526"}],"curies":[{"name":"wp","href":"https:\/\/api.w.org\/{rel}","templated":true}]}}