{"id":12528,"date":"2026-04-07T07:38:05","date_gmt":"2026-04-07T05:38:05","guid":{"rendered":"https:\/\/ofertacular.com\/index.php\/producto\/pantalones-holgados\/"},"modified":"2026-04-07T07:38:05","modified_gmt":"2026-04-07T05:38:05","slug":"pantalones-holgados","status":"publish","type":"product","link":"https:\/\/ofertacular.com\/index.php\/producto\/pantalones-holgados\/","title":{"rendered":"Pantalones Holgados"},"content":{"rendered":"<div class=\"oferta-container\">\n<p>\ud83d\udfe5 <b>\u00a1GANGAZO!<\/b> \ud83d\udfe5 #Publicidad #Amazon #16<\/p>\n<p>\ud83d\udd34 <b>Pantalones Holgados <\/b><\/p>\n<p>\u2705 <b>AHORA 5.59 \u20ac<\/b> \u2714\ufe0f\ud83d\udfe1<\/p>\n<p>\u274c Antes <\/p>\n<p>\ud83d\uded2: <a href=\"https:\/\/btz.es\/5qfebNd\" target=\"_blank\" rel=\"nofollow noopener\">https:\/\/btz.es\/5qfebNd<\/a><\/p>\n<p>Descubre la m\u00e1xima comodidad y estilo con nuestros pantalones holgados de alta calidad. Perfectos para cualquier ocasi\u00f3n, estos pantalones combinan dise\u00f1o moderno con tejidos suaves y duraderos, ofreciendo un ajuste relajado que favorece tu libertad de movimiento. Ideales para quienes buscan estar a la moda sin sacrificar confort. Encuentra ahora los pantalones holgados que elevar\u00e1n tu guardarropa al siguiente nivel.<\/p>\n<\/p><\/div>\n","protected":false},"excerpt":{"rendered":"<p>\ud83d\udfe5 \u00a1GANGAZO! \ud83d\udfe5 #Publicidad #Amazon #16 \ud83d\udd34 Pantalones Holgados \u2705 AHORA 5.59 \u20ac \u2714\ufe0f\ud83d\udfe1 \u274c Antes \ud83d\uded2: https:\/\/btz.es\/5qfebNd Descubre la m\u00e1xima comodidad y estilo con nuestros pantalones holgados de alta calidad. Perfectos para cualquier ocasi\u00f3n, estos pantalones combinan dise\u00f1o moderno con tejidos suaves y duraderos, ofreciendo un ajuste relajado que favorece tu libertad de movimiento. [&hellip;]<\/p>\n","protected":false},"featured_media":12527,"template":"","meta":{"_gspb_post_css":""},"store":[],"product_brand":[],"product_cat":[16],"product_tag":[],"class_list":{"0":"post-12528","1":"product","2":"type-product","3":"status-publish","4":"has-post-thumbnail","6":"product_cat-sin-categorizar","8":"first","9":"instock","10":"shipping-taxable","11":"product-type-external"},"jetpack_sharing_enabled":true,"_links":{"self":[{"href":"https:\/\/ofertacular.com\/index.php\/wp-json\/wp\/v2\/product\/12528","targetHints":{"allow":["GET"]}}],"collection":[{"href":"https:\/\/ofertacular.com\/index.php\/wp-json\/wp\/v2\/product"}],"about":[{"href":"https:\/\/ofertacular.com\/index.php\/wp-json\/wp\/v2\/types\/product"}],"wp:featuredmedia":[{"embeddable":true,"href":"https:\/\/ofertacular.com\/index.php\/wp-json\/wp\/v2\/media\/12527"}],"wp:attachment":[{"href":"https:\/\/ofertacular.com\/index.php\/wp-json\/wp\/v2\/media?parent=12528"}],"wp:term":[{"taxonomy":"store","embeddable":true,"href":"https:\/\/ofertacular.com\/index.php\/wp-json\/wp\/v2\/store?post=12528"},{"taxonomy":"product_brand","embeddable":true,"href":"https:\/\/ofertacular.com\/index.php\/wp-json\/wp\/v2\/product_brand?post=12528"},{"taxonomy":"product_cat","embeddable":true,"href":"https:\/\/ofertacular.com\/index.php\/wp-json\/wp\/v2\/product_cat?post=12528"},{"taxonomy":"product_tag","embeddable":true,"href":"https:\/\/ofertacular.com\/index.php\/wp-json\/wp\/v2\/product_tag?post=12528"}],"curies":[{"name":"wp","href":"https:\/\/api.w.org\/{rel}","templated":true}]}}