{"id":12554,"date":"2026-04-07T08:41:17","date_gmt":"2026-04-07T06:41:17","guid":{"rendered":"https:\/\/ofertacular.com\/index.php\/producto\/dash-premium\/"},"modified":"2026-04-07T08:41:17","modified_gmt":"2026-04-07T06:41:17","slug":"dash-premium","status":"publish","type":"product","link":"https:\/\/ofertacular.com\/index.php\/producto\/dash-premium\/","title":{"rendered":"Dash Premium"},"content":{"rendered":"<div class=\"oferta-container\">\n<p>\ud83d\udfe5 <b>DATE PRISA<\/b> \ud83d\udfe5 #Publicidad #Amazon #16<\/p>\n<p>\ud83d\udd34 <b>Aud\u00edfonos Premium <\/b><\/p>\n<p>\u2705 <b>AHORA 43.5 \u20ac<\/b> \u2714\ufe0f\ud83d\udfe1<\/p>\n<p>\u274c Antes 85.00 \u20ac<\/p>\n<p>\ud83d\uded2: <a href=\"https:\/\/btz.es\/5qftZsD\" target=\"_blank\" rel=\"nofollow noopener\">https:\/\/btz.es\/5qftZsD<\/a><\/p>\n<p>Experimenta la m\u00e1xima calidad de sonido con los Aud\u00edfonos Dash Premium. Dise\u00f1ados para ofrecer una experiencia sonora envolvente y comodidad durante todo el d\u00eda, ideales para amantes de la m\u00fasica y profesionales en busca de rendimiento excepcional. Su dise\u00f1o ergon\u00f3mico y tecnolog\u00eda avanzada garantizan un aislamiento efectivo y conectividad superior, posicion\u00e1ndolos como la mejor opci\u00f3n en aud\u00edfonos de alta gama.<\/p>\n<\/p><\/div>\n","protected":false},"excerpt":{"rendered":"<p>\ud83d\udfe5 DATE PRISA \ud83d\udfe5 #Publicidad #Amazon #16 \ud83d\udd34 Aud\u00edfonos Premium \u2705 AHORA 43.5 \u20ac \u2714\ufe0f\ud83d\udfe1 \u274c Antes 85.00 \u20ac \ud83d\uded2: https:\/\/btz.es\/5qftZsD Experimenta la m\u00e1xima calidad de sonido con los Aud\u00edfonos Dash Premium. Dise\u00f1ados para ofrecer una experiencia sonora envolvente y comodidad durante todo el d\u00eda, ideales para amantes de la m\u00fasica y profesionales en busca [&hellip;]<\/p>\n","protected":false},"featured_media":12553,"template":"","meta":{"_gspb_post_css":""},"store":[],"product_brand":[],"product_cat":[16],"product_tag":[],"class_list":{"0":"post-12554","1":"product","2":"type-product","3":"status-publish","4":"has-post-thumbnail","6":"product_cat-sin-categorizar","8":"first","9":"instock","10":"sale","11":"shipping-taxable","12":"product-type-external"},"jetpack_sharing_enabled":true,"_links":{"self":[{"href":"https:\/\/ofertacular.com\/index.php\/wp-json\/wp\/v2\/product\/12554","targetHints":{"allow":["GET"]}}],"collection":[{"href":"https:\/\/ofertacular.com\/index.php\/wp-json\/wp\/v2\/product"}],"about":[{"href":"https:\/\/ofertacular.com\/index.php\/wp-json\/wp\/v2\/types\/product"}],"wp:featuredmedia":[{"embeddable":true,"href":"https:\/\/ofertacular.com\/index.php\/wp-json\/wp\/v2\/media\/12553"}],"wp:attachment":[{"href":"https:\/\/ofertacular.com\/index.php\/wp-json\/wp\/v2\/media?parent=12554"}],"wp:term":[{"taxonomy":"store","embeddable":true,"href":"https:\/\/ofertacular.com\/index.php\/wp-json\/wp\/v2\/store?post=12554"},{"taxonomy":"product_brand","embeddable":true,"href":"https:\/\/ofertacular.com\/index.php\/wp-json\/wp\/v2\/product_brand?post=12554"},{"taxonomy":"product_cat","embeddable":true,"href":"https:\/\/ofertacular.com\/index.php\/wp-json\/wp\/v2\/product_cat?post=12554"},{"taxonomy":"product_tag","embeddable":true,"href":"https:\/\/ofertacular.com\/index.php\/wp-json\/wp\/v2\/product_tag?post=12554"}],"curies":[{"name":"wp","href":"https:\/\/api.w.org\/{rel}","templated":true}]}}