{"id":12564,"date":"2026-04-07T10:42:13","date_gmt":"2026-04-07T08:42:13","guid":{"rendered":"https:\/\/ofertacular.com\/index.php\/producto\/el-aguila\/"},"modified":"2026-04-07T10:42:13","modified_gmt":"2026-04-07T08:42:13","slug":"el-aguila","status":"publish","type":"product","link":"https:\/\/ofertacular.com\/index.php\/producto\/el-aguila\/","title":{"rendered":"El Aguila"},"content":{"rendered":"<div class=\"oferta-container\">\n<p>\ud83d\udfe5 <b>\u00a1DESCUENTO \u00daNICO!<\/b> \ud83d\udfe5 #Publicidad #Amazon #16<\/p>\n<p>\ud83d\udd34 <b>Cerveza \u00c1guila <\/b><\/p>\n<p>\u2705 <b>AHORA 13.5 \u20ac<\/b> \u2714\ufe0f\ud83d\udfe1<\/p>\n<p>\u274c Antes 19.20 \u20ac<\/p>\n<p>\ud83d\uded2: <a href=\"https:\/\/btz.es\/5qfO07U\" target=\"_blank\" rel=\"nofollow noopener\">https:\/\/btz.es\/5qfO07U<\/a><\/p>\n<p>Descubre la aut\u00e9ntica Cerveza \u00c1guila, sin\u00f3nimo de tradici\u00f3n y calidad en cada sorbo. Disfruta de su sabor inconfundible y refrescante, perfecto para cualquier ocasi\u00f3n social. Nuestra cerveza, elaborada con los mejores ingredientes, ofrece una experiencia \u00fanica que conquista a los amantes de la cerveza en todo el mundo. Ideal para maridar con tus comidas favoritas o para compartir con amigos. Apuesta por la excelencia con Cerveza \u00c1guila, la marca l\u00edder que garantiza frescura y sabor excepcional en cada botella.<\/p>\n<\/p><\/div>\n","protected":false},"excerpt":{"rendered":"<p>\ud83d\udfe5 \u00a1DESCUENTO \u00daNICO! \ud83d\udfe5 #Publicidad #Amazon #16 \ud83d\udd34 Cerveza \u00c1guila \u2705 AHORA 13.5 \u20ac \u2714\ufe0f\ud83d\udfe1 \u274c Antes 19.20 \u20ac \ud83d\uded2: https:\/\/btz.es\/5qfO07U Descubre la aut\u00e9ntica Cerveza \u00c1guila, sin\u00f3nimo de tradici\u00f3n y calidad en cada sorbo. Disfruta de su sabor inconfundible y refrescante, perfecto para cualquier ocasi\u00f3n social. Nuestra cerveza, elaborada con los mejores ingredientes, ofrece una [&hellip;]<\/p>\n","protected":false},"featured_media":12563,"template":"","meta":{"_gspb_post_css":""},"store":[],"product_brand":[],"product_cat":[16],"product_tag":[],"class_list":{"0":"post-12564","1":"product","2":"type-product","3":"status-publish","4":"has-post-thumbnail","6":"product_cat-sin-categorizar","8":"first","9":"instock","10":"sale","11":"shipping-taxable","12":"product-type-external"},"jetpack_sharing_enabled":true,"_links":{"self":[{"href":"https:\/\/ofertacular.com\/index.php\/wp-json\/wp\/v2\/product\/12564","targetHints":{"allow":["GET"]}}],"collection":[{"href":"https:\/\/ofertacular.com\/index.php\/wp-json\/wp\/v2\/product"}],"about":[{"href":"https:\/\/ofertacular.com\/index.php\/wp-json\/wp\/v2\/types\/product"}],"wp:featuredmedia":[{"embeddable":true,"href":"https:\/\/ofertacular.com\/index.php\/wp-json\/wp\/v2\/media\/12563"}],"wp:attachment":[{"href":"https:\/\/ofertacular.com\/index.php\/wp-json\/wp\/v2\/media?parent=12564"}],"wp:term":[{"taxonomy":"store","embeddable":true,"href":"https:\/\/ofertacular.com\/index.php\/wp-json\/wp\/v2\/store?post=12564"},{"taxonomy":"product_brand","embeddable":true,"href":"https:\/\/ofertacular.com\/index.php\/wp-json\/wp\/v2\/product_brand?post=12564"},{"taxonomy":"product_cat","embeddable":true,"href":"https:\/\/ofertacular.com\/index.php\/wp-json\/wp\/v2\/product_cat?post=12564"},{"taxonomy":"product_tag","embeddable":true,"href":"https:\/\/ofertacular.com\/index.php\/wp-json\/wp\/v2\/product_tag?post=12564"}],"curies":[{"name":"wp","href":"https:\/\/api.w.org\/{rel}","templated":true}]}}