{"id":12566,"date":"2026-04-07T10:43:02","date_gmt":"2026-04-07T08:43:02","guid":{"rendered":"https:\/\/ofertacular.com\/index.php\/producto\/cecotec-cortapelos-3\/"},"modified":"2026-04-07T10:43:02","modified_gmt":"2026-04-07T08:43:02","slug":"cecotec-cortapelos-3","status":"publish","type":"product","link":"https:\/\/ofertacular.com\/index.php\/producto\/cecotec-cortapelos-3\/","title":{"rendered":"Cecotec Cortapelos"},"content":{"rendered":"<div class=\"oferta-container\">\n<p>\ud83d\udfe5 <b>EXCLUSIVO<\/b> \ud83d\udfe5 #Publicidad #Amazon #16<\/p>\n<p>\ud83d\udd34 <b>Cortapelos Cecotec <\/b><\/p>\n<p>\u2705 <b>AHORA 19.9 \u20ac<\/b> \u2714\ufe0f\ud83d\udfe1<\/p>\n<p>\u274c Antes <\/p>\n<p>\ud83d\uded2: <a href=\"https:\/\/btz.es\/5qfODzE\" target=\"_blank\" rel=\"nofollow noopener\">https:\/\/btz.es\/5qfODzE<\/a><\/p>\n<p>Descubre la precisi\u00f3n y eficiencia del cortapelos Cecotec, dise\u00f1ado para ofrecer cortes profesionales y un acabado impecable en la comodidad de tu hogar. Este cortapelos combina tecnolog\u00eda avanzada y dise\u00f1o ergon\u00f3mico para facilitar su uso, garantizando resultados uniformes y r\u00e1pidos en cada pasada. Ideal para mantener tu estilo personal con total comodidad y estilo. Optimizado para quienes buscan calidad y durabilidad en cuidado personal, Cecotec es tu mejor elecci\u00f3n en herramientas de peluquer\u00eda.<\/p>\n<\/p><\/div>\n","protected":false},"excerpt":{"rendered":"<p>\ud83d\udfe5 EXCLUSIVO \ud83d\udfe5 #Publicidad #Amazon #16 \ud83d\udd34 Cortapelos Cecotec \u2705 AHORA 19.9 \u20ac \u2714\ufe0f\ud83d\udfe1 \u274c Antes \ud83d\uded2: https:\/\/btz.es\/5qfODzE Descubre la precisi\u00f3n y eficiencia del cortapelos Cecotec, dise\u00f1ado para ofrecer cortes profesionales y un acabado impecable en la comodidad de tu hogar. Este cortapelos combina tecnolog\u00eda avanzada y dise\u00f1o ergon\u00f3mico para facilitar su uso, garantizando resultados [&hellip;]<\/p>\n","protected":false},"featured_media":12565,"template":"","meta":{"_gspb_post_css":""},"store":[],"product_brand":[],"product_cat":[16],"product_tag":[],"class_list":{"0":"post-12566","1":"product","2":"type-product","3":"status-publish","4":"has-post-thumbnail","6":"product_cat-sin-categorizar","8":"first","9":"instock","10":"shipping-taxable","11":"product-type-external"},"jetpack_sharing_enabled":true,"_links":{"self":[{"href":"https:\/\/ofertacular.com\/index.php\/wp-json\/wp\/v2\/product\/12566","targetHints":{"allow":["GET"]}}],"collection":[{"href":"https:\/\/ofertacular.com\/index.php\/wp-json\/wp\/v2\/product"}],"about":[{"href":"https:\/\/ofertacular.com\/index.php\/wp-json\/wp\/v2\/types\/product"}],"wp:featuredmedia":[{"embeddable":true,"href":"https:\/\/ofertacular.com\/index.php\/wp-json\/wp\/v2\/media\/12565"}],"wp:attachment":[{"href":"https:\/\/ofertacular.com\/index.php\/wp-json\/wp\/v2\/media?parent=12566"}],"wp:term":[{"taxonomy":"store","embeddable":true,"href":"https:\/\/ofertacular.com\/index.php\/wp-json\/wp\/v2\/store?post=12566"},{"taxonomy":"product_brand","embeddable":true,"href":"https:\/\/ofertacular.com\/index.php\/wp-json\/wp\/v2\/product_brand?post=12566"},{"taxonomy":"product_cat","embeddable":true,"href":"https:\/\/ofertacular.com\/index.php\/wp-json\/wp\/v2\/product_cat?post=12566"},{"taxonomy":"product_tag","embeddable":true,"href":"https:\/\/ofertacular.com\/index.php\/wp-json\/wp\/v2\/product_tag?post=12566"}],"curies":[{"name":"wp","href":"https:\/\/api.w.org\/{rel}","templated":true}]}}