{"id":12580,"date":"2026-04-08T07:46:10","date_gmt":"2026-04-08T05:46:10","guid":{"rendered":"https:\/\/ofertacular.com\/index.php\/producto\/levis-vaqueros-14\/"},"modified":"2026-04-08T07:46:10","modified_gmt":"2026-04-08T05:46:10","slug":"levis-vaqueros-14","status":"publish","type":"product","link":"https:\/\/ofertacular.com\/index.php\/producto\/levis-vaqueros-14\/","title":{"rendered":"Levi&#8217;s Vaqueros"},"content":{"rendered":"<div class=\"oferta-container\">\n<p>\ud83d\udfe5 <b>GRAN OFERTA<\/b> \ud83d\udfe5 #Publicidad #Amazon #16<\/p>\n<p>\ud83d\udd34 <b>Vaqueros Levi&#8217;s <\/b><\/p>\n<p>\u2705 <b>AHORA 49.5 \u20ac<\/b> \u2714\ufe0f\ud83d\udfe1<\/p>\n<p>\u274c Antes 90.00 \u20ac<\/p>\n<p>\ud83d\uded2: <a href=\"https:\/\/btz.es\/5qkWCPM\" target=\"_blank\" rel=\"nofollow noopener\">https:\/\/btz.es\/5qkWCPM<\/a><\/p>\n<p>Descubre la aut\u00e9ntica calidad y estilo con los vaqueros Levi&#8217;s, dise\u00f1ados para ofrecer comodidad y durabilidad superior. Perfectos para cualquier ocasi\u00f3n, estos jeans combinan un ajuste moderno con el legado ic\u00f3nico de una marca reconocida mundialmente. Renueva tu guardarropa con la elegancia atemporal de Levi&#8217;s y luce un look impecable que destaca tu personalidad.<\/p>\n<\/p><\/div>\n","protected":false},"excerpt":{"rendered":"<p>\ud83d\udfe5 GRAN OFERTA \ud83d\udfe5 #Publicidad #Amazon #16 \ud83d\udd34 Vaqueros Levi&#8217;s \u2705 AHORA 49.5 \u20ac \u2714\ufe0f\ud83d\udfe1 \u274c Antes 90.00 \u20ac \ud83d\uded2: https:\/\/btz.es\/5qkWCPM Descubre la aut\u00e9ntica calidad y estilo con los vaqueros Levi&#8217;s, dise\u00f1ados para ofrecer comodidad y durabilidad superior. Perfectos para cualquier ocasi\u00f3n, estos jeans combinan un ajuste moderno con el legado ic\u00f3nico de una marca [&hellip;]<\/p>\n","protected":false},"featured_media":12579,"template":"","meta":{"_gspb_post_css":""},"store":[],"product_brand":[],"product_cat":[16],"product_tag":[],"class_list":{"0":"post-12580","1":"product","2":"type-product","3":"status-publish","4":"has-post-thumbnail","6":"product_cat-sin-categorizar","8":"first","9":"instock","10":"sale","11":"shipping-taxable","12":"product-type-external"},"jetpack_sharing_enabled":true,"_links":{"self":[{"href":"https:\/\/ofertacular.com\/index.php\/wp-json\/wp\/v2\/product\/12580","targetHints":{"allow":["GET"]}}],"collection":[{"href":"https:\/\/ofertacular.com\/index.php\/wp-json\/wp\/v2\/product"}],"about":[{"href":"https:\/\/ofertacular.com\/index.php\/wp-json\/wp\/v2\/types\/product"}],"wp:featuredmedia":[{"embeddable":true,"href":"https:\/\/ofertacular.com\/index.php\/wp-json\/wp\/v2\/media\/12579"}],"wp:attachment":[{"href":"https:\/\/ofertacular.com\/index.php\/wp-json\/wp\/v2\/media?parent=12580"}],"wp:term":[{"taxonomy":"store","embeddable":true,"href":"https:\/\/ofertacular.com\/index.php\/wp-json\/wp\/v2\/store?post=12580"},{"taxonomy":"product_brand","embeddable":true,"href":"https:\/\/ofertacular.com\/index.php\/wp-json\/wp\/v2\/product_brand?post=12580"},{"taxonomy":"product_cat","embeddable":true,"href":"https:\/\/ofertacular.com\/index.php\/wp-json\/wp\/v2\/product_cat?post=12580"},{"taxonomy":"product_tag","embeddable":true,"href":"https:\/\/ofertacular.com\/index.php\/wp-json\/wp\/v2\/product_tag?post=12580"}],"curies":[{"name":"wp","href":"https:\/\/api.w.org\/{rel}","templated":true}]}}