{"id":12586,"date":"2026-04-08T08:04:24","date_gmt":"2026-04-08T06:04:24","guid":{"rendered":"https:\/\/ofertacular.com\/index.php\/producto\/skinny-jeans-3\/"},"modified":"2026-04-08T08:04:24","modified_gmt":"2026-04-08T06:04:24","slug":"skinny-jeans-3","status":"publish","type":"product","link":"https:\/\/ofertacular.com\/index.php\/producto\/skinny-jeans-3\/","title":{"rendered":"Skinny Jeans"},"content":{"rendered":"<div class=\"oferta-container\">\n<p>\ud83d\udfe5 <b>GRAN OFERTA<\/b> \ud83d\udfe5 #Publicidad #Amazon #16<\/p>\n<p>\ud83d\udd34 <b>Jeans Skinny <\/b><\/p>\n<p>\u2705 <b>AHORA 13.81 \u20ac<\/b> \u2714\ufe0f\ud83d\udfe1<\/p>\n<p>\u274c Antes 39.99 \u20ac<\/p>\n<p>\ud83d\uded2: <a href=\"https:\/\/btz.es\/5qlbnIB\" target=\"_blank\" rel=\"nofollow noopener\">https:\/\/btz.es\/5qlbnIB<\/a><\/p>\n<p>Descubre la m\u00e1xima comodidad y estilo con nuestros Jeans Skinny de alta calidad, dise\u00f1ados para realzar tu figura y ofrecer un ajuste perfecto. Fabricados con materiales duraderos y con un dise\u00f1o moderno, son ideales para cualquier ocasi\u00f3n, desde un look casual hasta uno m\u00e1s sofisticado. Mejora tu armario con estos jeans imprescindibles que combinan moda y funcionalidad.<\/p>\n<\/p><\/div>\n","protected":false},"excerpt":{"rendered":"<p>\ud83d\udfe5 GRAN OFERTA \ud83d\udfe5 #Publicidad #Amazon #16 \ud83d\udd34 Jeans Skinny \u2705 AHORA 13.81 \u20ac \u2714\ufe0f\ud83d\udfe1 \u274c Antes 39.99 \u20ac \ud83d\uded2: https:\/\/btz.es\/5qlbnIB Descubre la m\u00e1xima comodidad y estilo con nuestros Jeans Skinny de alta calidad, dise\u00f1ados para realzar tu figura y ofrecer un ajuste perfecto. Fabricados con materiales duraderos y con un dise\u00f1o moderno, son ideales [&hellip;]<\/p>\n","protected":false},"featured_media":12585,"template":"","meta":{"_gspb_post_css":""},"store":[],"product_brand":[],"product_cat":[16],"product_tag":[],"class_list":{"0":"post-12586","1":"product","2":"type-product","3":"status-publish","4":"has-post-thumbnail","6":"product_cat-sin-categorizar","8":"first","9":"instock","10":"sale","11":"shipping-taxable","12":"product-type-external"},"jetpack_sharing_enabled":true,"_links":{"self":[{"href":"https:\/\/ofertacular.com\/index.php\/wp-json\/wp\/v2\/product\/12586","targetHints":{"allow":["GET"]}}],"collection":[{"href":"https:\/\/ofertacular.com\/index.php\/wp-json\/wp\/v2\/product"}],"about":[{"href":"https:\/\/ofertacular.com\/index.php\/wp-json\/wp\/v2\/types\/product"}],"wp:featuredmedia":[{"embeddable":true,"href":"https:\/\/ofertacular.com\/index.php\/wp-json\/wp\/v2\/media\/12585"}],"wp:attachment":[{"href":"https:\/\/ofertacular.com\/index.php\/wp-json\/wp\/v2\/media?parent=12586"}],"wp:term":[{"taxonomy":"store","embeddable":true,"href":"https:\/\/ofertacular.com\/index.php\/wp-json\/wp\/v2\/store?post=12586"},{"taxonomy":"product_brand","embeddable":true,"href":"https:\/\/ofertacular.com\/index.php\/wp-json\/wp\/v2\/product_brand?post=12586"},{"taxonomy":"product_cat","embeddable":true,"href":"https:\/\/ofertacular.com\/index.php\/wp-json\/wp\/v2\/product_cat?post=12586"},{"taxonomy":"product_tag","embeddable":true,"href":"https:\/\/ofertacular.com\/index.php\/wp-json\/wp\/v2\/product_tag?post=12586"}],"curies":[{"name":"wp","href":"https:\/\/api.w.org\/{rel}","templated":true}]}}