{"id":12590,"date":"2026-04-08T08:29:13","date_gmt":"2026-04-08T06:29:13","guid":{"rendered":"https:\/\/ofertacular.com\/index.php\/producto\/cecotec-cortapelos-4\/"},"modified":"2026-04-08T08:29:13","modified_gmt":"2026-04-08T06:29:13","slug":"cecotec-cortapelos-4","status":"publish","type":"product","link":"https:\/\/ofertacular.com\/index.php\/producto\/cecotec-cortapelos-4\/","title":{"rendered":"Cecotec Cortapelos"},"content":{"rendered":"<div class=\"oferta-container\">\n<p>\ud83d\udfe5 <b>ES UN CHOLL\u00d3N<\/b> \ud83d\udfe5 #Publicidad #Amazon #16<\/p>\n<p>\ud83d\udd34 <b>Cortapelos <\/b><\/p>\n<p>\u2705 <b>AHORA 17.9 \u20ac<\/b> \u2714\ufe0f\ud83d\udfe1<\/p>\n<p>\u274c Antes 19.90 \u20ac<\/p>\n<p>\ud83d\uded2: <a href=\"https:\/\/btz.es\/5qlh3li\" target=\"_blank\" rel=\"nofollow noopener\">https:\/\/btz.es\/5qlh3li<\/a><\/p>\n<p>Descubre el potencia y precisi\u00f3n del cortapelos Cecotec, dise\u00f1ado para un corte profesional y c\u00f3modo. Ideal para el cuidado personal en casa, su tecnolog\u00eda avanzada garantiza resultados impecables y duraderos. Optimizado para todo tipo de cabello, este cortapelos combina facilidad de uso con rendimiento excepcional, asegurando un estilo perfecto en cada uso. Una herramienta imprescindible para un arreglo personal eficiente y confiable.<\/p>\n<\/p><\/div>\n","protected":false},"excerpt":{"rendered":"<p>\ud83d\udfe5 ES UN CHOLL\u00d3N \ud83d\udfe5 #Publicidad #Amazon #16 \ud83d\udd34 Cortapelos \u2705 AHORA 17.9 \u20ac \u2714\ufe0f\ud83d\udfe1 \u274c Antes 19.90 \u20ac \ud83d\uded2: https:\/\/btz.es\/5qlh3li Descubre el potencia y precisi\u00f3n del cortapelos Cecotec, dise\u00f1ado para un corte profesional y c\u00f3modo. Ideal para el cuidado personal en casa, su tecnolog\u00eda avanzada garantiza resultados impecables y duraderos. Optimizado para todo tipo [&hellip;]<\/p>\n","protected":false},"featured_media":12589,"template":"","meta":{"_gspb_post_css":""},"store":[],"product_brand":[],"product_cat":[16],"product_tag":[],"class_list":{"0":"post-12590","1":"product","2":"type-product","3":"status-publish","4":"has-post-thumbnail","6":"product_cat-sin-categorizar","8":"first","9":"instock","10":"sale","11":"shipping-taxable","12":"product-type-external"},"jetpack_sharing_enabled":true,"_links":{"self":[{"href":"https:\/\/ofertacular.com\/index.php\/wp-json\/wp\/v2\/product\/12590","targetHints":{"allow":["GET"]}}],"collection":[{"href":"https:\/\/ofertacular.com\/index.php\/wp-json\/wp\/v2\/product"}],"about":[{"href":"https:\/\/ofertacular.com\/index.php\/wp-json\/wp\/v2\/types\/product"}],"wp:featuredmedia":[{"embeddable":true,"href":"https:\/\/ofertacular.com\/index.php\/wp-json\/wp\/v2\/media\/12589"}],"wp:attachment":[{"href":"https:\/\/ofertacular.com\/index.php\/wp-json\/wp\/v2\/media?parent=12590"}],"wp:term":[{"taxonomy":"store","embeddable":true,"href":"https:\/\/ofertacular.com\/index.php\/wp-json\/wp\/v2\/store?post=12590"},{"taxonomy":"product_brand","embeddable":true,"href":"https:\/\/ofertacular.com\/index.php\/wp-json\/wp\/v2\/product_brand?post=12590"},{"taxonomy":"product_cat","embeddable":true,"href":"https:\/\/ofertacular.com\/index.php\/wp-json\/wp\/v2\/product_cat?post=12590"},{"taxonomy":"product_tag","embeddable":true,"href":"https:\/\/ofertacular.com\/index.php\/wp-json\/wp\/v2\/product_tag?post=12590"}],"curies":[{"name":"wp","href":"https:\/\/api.w.org\/{rel}","templated":true}]}}