{"id":12606,"date":"2026-04-09T07:59:27","date_gmt":"2026-04-09T05:59:27","guid":{"rendered":"https:\/\/ofertacular.com\/index.php\/producto\/blink-videotimbre-2\/"},"modified":"2026-04-09T07:59:27","modified_gmt":"2026-04-09T05:59:27","slug":"blink-videotimbre-2","status":"publish","type":"product","link":"https:\/\/ofertacular.com\/index.php\/producto\/blink-videotimbre-2\/","title":{"rendered":"Blink Videotimbre"},"content":{"rendered":"<div class=\"oferta-container\">\n<p>\ud83d\udfe5 <b>EXCLUSIVO<\/b> \ud83d\udfe5 #Publicidad #Amazon #16<\/p>\n<p>\ud83d\udd34 <b>Videotimbre Inteligente <\/b><\/p>\n<p>\u2705 <b>AHORA 31.99 \u20ac<\/b> \u2714\ufe0f\ud83d\udfe1<\/p>\n<p>\u274c Antes 64.99 \u20ac<\/p>\n<p>\ud83d\uded2: <a href=\"https:\/\/btz.es\/5qqQ4ZC\" target=\"_blank\" rel=\"nofollow noopener\">https:\/\/btz.es\/5qqQ4ZC<\/a><\/p>\n<p>Descubre el Blink Videotimbre, un dispositivo avanzado que combina seguridad y comodidad para tu hogar. Equipado con tecnolog\u00eda de video en alta definici\u00f3n, detecci\u00f3n de movimiento y f\u00e1cil integraci\u00f3n con tu smartphone, este timbre inteligente te permite controlar qui\u00e9n llama a tu puerta desde cualquier lugar. Ideal para quienes buscan protecci\u00f3n y modernidad en un solo producto. Mejora la seguridad de tu hogar con la innovadora tecnolog\u00eda Blink, dise\u00f1ando una experiencia intuitiva y funcional.<\/p>\n<\/p><\/div>\n","protected":false},"excerpt":{"rendered":"<p>\ud83d\udfe5 EXCLUSIVO \ud83d\udfe5 #Publicidad #Amazon #16 \ud83d\udd34 Videotimbre Inteligente \u2705 AHORA 31.99 \u20ac \u2714\ufe0f\ud83d\udfe1 \u274c Antes 64.99 \u20ac \ud83d\uded2: https:\/\/btz.es\/5qqQ4ZC Descubre el Blink Videotimbre, un dispositivo avanzado que combina seguridad y comodidad para tu hogar. Equipado con tecnolog\u00eda de video en alta definici\u00f3n, detecci\u00f3n de movimiento y f\u00e1cil integraci\u00f3n con tu smartphone, este timbre inteligente [&hellip;]<\/p>\n","protected":false},"featured_media":12605,"template":"","meta":{"_gspb_post_css":""},"store":[],"product_brand":[],"product_cat":[16],"product_tag":[],"class_list":{"0":"post-12606","1":"product","2":"type-product","3":"status-publish","4":"has-post-thumbnail","6":"product_cat-sin-categorizar","8":"first","9":"instock","10":"sale","11":"shipping-taxable","12":"product-type-external"},"jetpack_sharing_enabled":true,"_links":{"self":[{"href":"https:\/\/ofertacular.com\/index.php\/wp-json\/wp\/v2\/product\/12606","targetHints":{"allow":["GET"]}}],"collection":[{"href":"https:\/\/ofertacular.com\/index.php\/wp-json\/wp\/v2\/product"}],"about":[{"href":"https:\/\/ofertacular.com\/index.php\/wp-json\/wp\/v2\/types\/product"}],"wp:featuredmedia":[{"embeddable":true,"href":"https:\/\/ofertacular.com\/index.php\/wp-json\/wp\/v2\/media\/12605"}],"wp:attachment":[{"href":"https:\/\/ofertacular.com\/index.php\/wp-json\/wp\/v2\/media?parent=12606"}],"wp:term":[{"taxonomy":"store","embeddable":true,"href":"https:\/\/ofertacular.com\/index.php\/wp-json\/wp\/v2\/store?post=12606"},{"taxonomy":"product_brand","embeddable":true,"href":"https:\/\/ofertacular.com\/index.php\/wp-json\/wp\/v2\/product_brand?post=12606"},{"taxonomy":"product_cat","embeddable":true,"href":"https:\/\/ofertacular.com\/index.php\/wp-json\/wp\/v2\/product_cat?post=12606"},{"taxonomy":"product_tag","embeddable":true,"href":"https:\/\/ofertacular.com\/index.php\/wp-json\/wp\/v2\/product_tag?post=12606"}],"curies":[{"name":"wp","href":"https:\/\/api.w.org\/{rel}","templated":true}]}}