{"id":12630,"date":"2026-04-10T07:41:42","date_gmt":"2026-04-10T05:41:42","guid":{"rendered":"https:\/\/ofertacular.com\/index.php\/producto\/hogalia-mochila\/"},"modified":"2026-04-10T07:41:42","modified_gmt":"2026-04-10T05:41:42","slug":"hogalia-mochila","status":"publish","type":"product","link":"https:\/\/ofertacular.com\/index.php\/producto\/hogalia-mochila\/","title":{"rendered":"Hogalia Mochila"},"content":{"rendered":"<div class=\"oferta-container\">\n<p>\ud83d\udfe5 <b>GRAN OFERTA<\/b> \ud83d\udfe5 #Publicidad #Amazon #16<\/p>\n<p>\ud83d\udd34 <b>Mochila Hogalia <\/b><\/p>\n<p>\u2705 <b>AHORA 9.99 \u20ac<\/b> \u2714\ufe0f\ud83d\udfe1<\/p>\n<p>\u274c Antes 11.99 \u20ac<\/p>\n<p>\ud83d\uded2: <a href=\"https:\/\/btz.es\/5qwC8Nv\" target=\"_blank\" rel=\"nofollow noopener\">https:\/\/btz.es\/5qwC8Nv<\/a><\/p>\n<p>Descubre la Mochila Hogalia, dise\u00f1ada para ofrecer comodidad y estilo en cada aventura. Fabricada con materiales resistentes, esta mochila es perfecta para uso diario y actividades al aire libre. Su dise\u00f1o ergon\u00f3mico garantiza una distribuci\u00f3n \u00f3ptima del peso, mientras que sus m\u00faltiples compartimentos facilitan la organizaci\u00f3n de tus pertenencias. Optimizada para su durabilidad y funcionalidad, la Mochila Hogalia es tu aliada ideal para viajar, estudiar o trabajar con m\u00e1xima comodidad.<\/p>\n<\/p><\/div>\n","protected":false},"excerpt":{"rendered":"<p>\ud83d\udfe5 GRAN OFERTA \ud83d\udfe5 #Publicidad #Amazon #16 \ud83d\udd34 Mochila Hogalia \u2705 AHORA 9.99 \u20ac \u2714\ufe0f\ud83d\udfe1 \u274c Antes 11.99 \u20ac \ud83d\uded2: https:\/\/btz.es\/5qwC8Nv Descubre la Mochila Hogalia, dise\u00f1ada para ofrecer comodidad y estilo en cada aventura. Fabricada con materiales resistentes, esta mochila es perfecta para uso diario y actividades al aire libre. Su dise\u00f1o ergon\u00f3mico garantiza una [&hellip;]<\/p>\n","protected":false},"featured_media":12629,"template":"","meta":{"_gspb_post_css":""},"store":[],"product_brand":[],"product_cat":[16],"product_tag":[],"class_list":{"0":"post-12630","1":"product","2":"type-product","3":"status-publish","4":"has-post-thumbnail","6":"product_cat-sin-categorizar","8":"first","9":"instock","10":"sale","11":"shipping-taxable","12":"product-type-external"},"jetpack_sharing_enabled":true,"_links":{"self":[{"href":"https:\/\/ofertacular.com\/index.php\/wp-json\/wp\/v2\/product\/12630","targetHints":{"allow":["GET"]}}],"collection":[{"href":"https:\/\/ofertacular.com\/index.php\/wp-json\/wp\/v2\/product"}],"about":[{"href":"https:\/\/ofertacular.com\/index.php\/wp-json\/wp\/v2\/types\/product"}],"wp:featuredmedia":[{"embeddable":true,"href":"https:\/\/ofertacular.com\/index.php\/wp-json\/wp\/v2\/media\/12629"}],"wp:attachment":[{"href":"https:\/\/ofertacular.com\/index.php\/wp-json\/wp\/v2\/media?parent=12630"}],"wp:term":[{"taxonomy":"store","embeddable":true,"href":"https:\/\/ofertacular.com\/index.php\/wp-json\/wp\/v2\/store?post=12630"},{"taxonomy":"product_brand","embeddable":true,"href":"https:\/\/ofertacular.com\/index.php\/wp-json\/wp\/v2\/product_brand?post=12630"},{"taxonomy":"product_cat","embeddable":true,"href":"https:\/\/ofertacular.com\/index.php\/wp-json\/wp\/v2\/product_cat?post=12630"},{"taxonomy":"product_tag","embeddable":true,"href":"https:\/\/ofertacular.com\/index.php\/wp-json\/wp\/v2\/product_tag?post=12630"}],"curies":[{"name":"wp","href":"https:\/\/api.w.org\/{rel}","templated":true}]}}