{"id":12637,"date":"2026-04-10T08:07:03","date_gmt":"2026-04-10T06:07:03","guid":{"rendered":"https:\/\/ofertacular.com\/index.php\/producto\/puma-running\/"},"modified":"2026-04-10T08:07:03","modified_gmt":"2026-04-10T06:07:03","slug":"puma-running","status":"publish","type":"product","link":"https:\/\/ofertacular.com\/index.php\/producto\/puma-running\/","title":{"rendered":"PUMA Running"},"content":{"rendered":"<div class=\"oferta-container\">\n<p>\ud83d\udfe5 <b>EXCLUSIVO<\/b> \ud83d\udfe5 #Publicidad #Amazon #16<\/p>\n<p>\ud83d\udd34 <b>Running PUMA <\/b><\/p>\n<p>\u2705 <b>AHORA 32.49 \u20ac<\/b> \u2714\ufe0f\ud83d\udfe1<\/p>\n<p>\u274c Antes 54.95 \u20ac<\/p>\n<p>\ud83d\uded2: <a href=\"https:\/\/btz.es\/5qwIWlN\" target=\"_blank\" rel=\"nofollow noopener\">https:\/\/btz.es\/5qwIWlN<\/a><\/p>\n<p>Descubre la comodidad y el rendimiento excepcionales con los productos Running de PUMA. Dise\u00f1ados para corredores que exigen calidad y estilo, estos art\u00edculos combinan innovaci\u00f3n tecnol\u00f3gica y durabilidad para mejorar tu experiencia deportiva. Perfectos para entrenamientos y competencias, los Running PUMA garantizan un ajuste ideal y una est\u00e9tica moderna que te acompa\u00f1ar\u00e1 en cada paso.<\/p>\n<\/p><\/div>\n","protected":false},"excerpt":{"rendered":"<p>\ud83d\udfe5 EXCLUSIVO \ud83d\udfe5 #Publicidad #Amazon #16 \ud83d\udd34 Running PUMA \u2705 AHORA 32.49 \u20ac \u2714\ufe0f\ud83d\udfe1 \u274c Antes 54.95 \u20ac \ud83d\uded2: https:\/\/btz.es\/5qwIWlN Descubre la comodidad y el rendimiento excepcionales con los productos Running de PUMA. Dise\u00f1ados para corredores que exigen calidad y estilo, estos art\u00edculos combinan innovaci\u00f3n tecnol\u00f3gica y durabilidad para mejorar tu experiencia deportiva. Perfectos para [&hellip;]<\/p>\n","protected":false},"featured_media":12636,"template":"","meta":{"_gspb_post_css":""},"store":[],"product_brand":[],"product_cat":[16],"product_tag":[],"class_list":{"0":"post-12637","1":"product","2":"type-product","3":"status-publish","4":"has-post-thumbnail","6":"product_cat-sin-categorizar","8":"first","9":"instock","10":"sale","11":"shipping-taxable","12":"product-type-external"},"jetpack_sharing_enabled":true,"_links":{"self":[{"href":"https:\/\/ofertacular.com\/index.php\/wp-json\/wp\/v2\/product\/12637","targetHints":{"allow":["GET"]}}],"collection":[{"href":"https:\/\/ofertacular.com\/index.php\/wp-json\/wp\/v2\/product"}],"about":[{"href":"https:\/\/ofertacular.com\/index.php\/wp-json\/wp\/v2\/types\/product"}],"wp:featuredmedia":[{"embeddable":true,"href":"https:\/\/ofertacular.com\/index.php\/wp-json\/wp\/v2\/media\/12636"}],"wp:attachment":[{"href":"https:\/\/ofertacular.com\/index.php\/wp-json\/wp\/v2\/media?parent=12637"}],"wp:term":[{"taxonomy":"store","embeddable":true,"href":"https:\/\/ofertacular.com\/index.php\/wp-json\/wp\/v2\/store?post=12637"},{"taxonomy":"product_brand","embeddable":true,"href":"https:\/\/ofertacular.com\/index.php\/wp-json\/wp\/v2\/product_brand?post=12637"},{"taxonomy":"product_cat","embeddable":true,"href":"https:\/\/ofertacular.com\/index.php\/wp-json\/wp\/v2\/product_cat?post=12637"},{"taxonomy":"product_tag","embeddable":true,"href":"https:\/\/ofertacular.com\/index.php\/wp-json\/wp\/v2\/product_tag?post=12637"}],"curies":[{"name":"wp","href":"https:\/\/api.w.org\/{rel}","templated":true}]}}