{"id":12647,"date":"2026-04-10T09:58:21","date_gmt":"2026-04-10T07:58:21","guid":{"rendered":"https:\/\/ofertacular.com\/index.php\/producto\/nike-run\/"},"modified":"2026-04-10T09:58:21","modified_gmt":"2026-04-10T07:58:21","slug":"nike-run","status":"publish","type":"product","link":"https:\/\/ofertacular.com\/index.php\/producto\/nike-run\/","title":{"rendered":"Nike Run"},"content":{"rendered":"<div class=\"oferta-container\">\n<p>\ud83d\udfe5 <b>DATE PRISA<\/b> \ud83d\udfe5 #Publicidad #Amazon #16<\/p>\n<p>\ud83d\udd34 <b>Zapatillas Nike <\/b><\/p>\n<p>\u2705 <b>AHORA 41.99 \u20ac<\/b> \u2714\ufe0f\ud83d\udfe1<\/p>\n<p>\u274c Antes 59.99 \u20ac<\/p>\n<p>\ud83d\uded2: <a href=\"https:\/\/btz.es\/5qxkX4s\" target=\"_blank\" rel=\"nofollow noopener\">https:\/\/btz.es\/5qxkX4s<\/a><\/p>\n<p>Descubre las Zapatillas Nike Run, dise\u00f1adas para ofrecer el m\u00e1ximo rendimiento y comodidad durante tus entrenamientos y carreras. Con tecnolog\u00eda avanzada y estilo inconfundible, estas zapatillas son ideales para deportistas que buscan calidad y durabilidad. Mejora tu experiencia deportiva con el calzado que combina innovaci\u00f3n y dise\u00f1o, asegurando un soporte \u00f3ptimo y una pisada segura en cada paso.<\/p>\n<\/p><\/div>\n","protected":false},"excerpt":{"rendered":"<p>\ud83d\udfe5 DATE PRISA \ud83d\udfe5 #Publicidad #Amazon #16 \ud83d\udd34 Zapatillas Nike \u2705 AHORA 41.99 \u20ac \u2714\ufe0f\ud83d\udfe1 \u274c Antes 59.99 \u20ac \ud83d\uded2: https:\/\/btz.es\/5qxkX4s Descubre las Zapatillas Nike Run, dise\u00f1adas para ofrecer el m\u00e1ximo rendimiento y comodidad durante tus entrenamientos y carreras. Con tecnolog\u00eda avanzada y estilo inconfundible, estas zapatillas son ideales para deportistas que buscan calidad y [&hellip;]<\/p>\n","protected":false},"featured_media":12646,"template":"","meta":{"_gspb_post_css":""},"store":[],"product_brand":[],"product_cat":[16],"product_tag":[],"class_list":{"0":"post-12647","1":"product","2":"type-product","3":"status-publish","4":"has-post-thumbnail","6":"product_cat-sin-categorizar","8":"first","9":"instock","10":"sale","11":"shipping-taxable","12":"product-type-external"},"jetpack_sharing_enabled":true,"_links":{"self":[{"href":"https:\/\/ofertacular.com\/index.php\/wp-json\/wp\/v2\/product\/12647","targetHints":{"allow":["GET"]}}],"collection":[{"href":"https:\/\/ofertacular.com\/index.php\/wp-json\/wp\/v2\/product"}],"about":[{"href":"https:\/\/ofertacular.com\/index.php\/wp-json\/wp\/v2\/types\/product"}],"wp:featuredmedia":[{"embeddable":true,"href":"https:\/\/ofertacular.com\/index.php\/wp-json\/wp\/v2\/media\/12646"}],"wp:attachment":[{"href":"https:\/\/ofertacular.com\/index.php\/wp-json\/wp\/v2\/media?parent=12647"}],"wp:term":[{"taxonomy":"store","embeddable":true,"href":"https:\/\/ofertacular.com\/index.php\/wp-json\/wp\/v2\/store?post=12647"},{"taxonomy":"product_brand","embeddable":true,"href":"https:\/\/ofertacular.com\/index.php\/wp-json\/wp\/v2\/product_brand?post=12647"},{"taxonomy":"product_cat","embeddable":true,"href":"https:\/\/ofertacular.com\/index.php\/wp-json\/wp\/v2\/product_cat?post=12647"},{"taxonomy":"product_tag","embeddable":true,"href":"https:\/\/ofertacular.com\/index.php\/wp-json\/wp\/v2\/product_tag?post=12647"}],"curies":[{"name":"wp","href":"https:\/\/api.w.org\/{rel}","templated":true}]}}