{"id":12657,"date":"2026-04-10T10:19:16","date_gmt":"2026-04-10T08:19:16","guid":{"rendered":"https:\/\/ofertacular.com\/index.php\/producto\/carhartt-t-shirt\/"},"modified":"2026-04-10T10:19:16","modified_gmt":"2026-04-10T08:19:16","slug":"carhartt-t-shirt","status":"publish","type":"product","link":"https:\/\/ofertacular.com\/index.php\/producto\/carhartt-t-shirt\/","title":{"rendered":"Carhartt T-shirt"},"content":{"rendered":"<div class=\"oferta-container\">\n<p>\ud83d\udfe5 <b>\u00a1OFERT\u00d3N!<\/b> \ud83d\udfe5 #Publicidad #Amazon #16<\/p>\n<p>\ud83d\udd34 <b>Camiseta Carhartt <\/b><\/p>\n<p>\u2705 <b>AHORA 16.95 \u20ac<\/b> \u2714\ufe0f\ud83d\udfe1<\/p>\n<p>\u274c Antes 22.99 \u20ac<\/p>\n<p>\ud83d\uded2: <a href=\"https:\/\/btz.es\/5qxqobB\" target=\"_blank\" rel=\"nofollow noopener\">https:\/\/btz.es\/5qxqobB<\/a><\/p>\n<p>Descubre la comodidad y durabilidad de la camiseta Carhartt, dise\u00f1ada para ofrecer un estilo casual y resistente. Fabricada con materiales de alta calidad, esta camiseta es perfecta para uso diario y actividades al aire libre. Su dise\u00f1o cl\u00e1sico y el reconocido logo Carhartt garantizan un look moderno y aut\u00e9ntico. Ideal para quienes buscan funcionalidad y moda en una sola prenda.<\/p>\n<\/p><\/div>\n","protected":false},"excerpt":{"rendered":"<p>\ud83d\udfe5 \u00a1OFERT\u00d3N! \ud83d\udfe5 #Publicidad #Amazon #16 \ud83d\udd34 Camiseta Carhartt \u2705 AHORA 16.95 \u20ac \u2714\ufe0f\ud83d\udfe1 \u274c Antes 22.99 \u20ac \ud83d\uded2: https:\/\/btz.es\/5qxqobB Descubre la comodidad y durabilidad de la camiseta Carhartt, dise\u00f1ada para ofrecer un estilo casual y resistente. Fabricada con materiales de alta calidad, esta camiseta es perfecta para uso diario y actividades al aire libre. [&hellip;]<\/p>\n","protected":false},"featured_media":12656,"template":"","meta":{"_gspb_post_css":""},"store":[],"product_brand":[],"product_cat":[16],"product_tag":[],"class_list":{"0":"post-12657","1":"product","2":"type-product","3":"status-publish","4":"has-post-thumbnail","6":"product_cat-sin-categorizar","8":"first","9":"instock","10":"sale","11":"shipping-taxable","12":"product-type-external"},"jetpack_sharing_enabled":true,"_links":{"self":[{"href":"https:\/\/ofertacular.com\/index.php\/wp-json\/wp\/v2\/product\/12657","targetHints":{"allow":["GET"]}}],"collection":[{"href":"https:\/\/ofertacular.com\/index.php\/wp-json\/wp\/v2\/product"}],"about":[{"href":"https:\/\/ofertacular.com\/index.php\/wp-json\/wp\/v2\/types\/product"}],"wp:featuredmedia":[{"embeddable":true,"href":"https:\/\/ofertacular.com\/index.php\/wp-json\/wp\/v2\/media\/12656"}],"wp:attachment":[{"href":"https:\/\/ofertacular.com\/index.php\/wp-json\/wp\/v2\/media?parent=12657"}],"wp:term":[{"taxonomy":"store","embeddable":true,"href":"https:\/\/ofertacular.com\/index.php\/wp-json\/wp\/v2\/store?post=12657"},{"taxonomy":"product_brand","embeddable":true,"href":"https:\/\/ofertacular.com\/index.php\/wp-json\/wp\/v2\/product_brand?post=12657"},{"taxonomy":"product_cat","embeddable":true,"href":"https:\/\/ofertacular.com\/index.php\/wp-json\/wp\/v2\/product_cat?post=12657"},{"taxonomy":"product_tag","embeddable":true,"href":"https:\/\/ofertacular.com\/index.php\/wp-json\/wp\/v2\/product_tag?post=12657"}],"curies":[{"name":"wp","href":"https:\/\/api.w.org\/{rel}","templated":true}]}}