{"id":12665,"date":"2026-04-10T10:26:23","date_gmt":"2026-04-10T08:26:23","guid":{"rendered":"https:\/\/ofertacular.com\/index.php\/producto\/lego-challenger\/"},"modified":"2026-04-10T10:26:23","modified_gmt":"2026-04-10T08:26:23","slug":"lego-challenger","status":"publish","type":"product","link":"https:\/\/ofertacular.com\/index.php\/producto\/lego-challenger\/","title":{"rendered":"LEGO Challenger"},"content":{"rendered":"<div class=\"oferta-container\">\n<p>\ud83d\udfe5 <b>CHOLLAZO<\/b> \ud83d\udfe5 #Publicidad #Amazon #16<\/p>\n<p>\ud83d\udd34 <b>LEGO Challenger <\/b><\/p>\n<p>\u2705 <b>AHORA 18.89 \u20ac<\/b> \u2714\ufe0f\ud83d\udfe1<\/p>\n<p>\u274c Antes 26.99 \u20ac<\/p>\n<p>\ud83d\uded2: <a href=\"https:\/\/btz.es\/5qxsbr7\" target=\"_blank\" rel=\"nofollow noopener\">https:\/\/btz.es\/5qxsbr7<\/a><\/p>\n<p>Descubre la emoci\u00f3n de construir con LEGO Challenger, un set dise\u00f1ado para estimular la creatividad y el aprendizaje en ni\u00f1os y adultos. Este producto de LEGO ofrece piezas de alta calidad y una experiencia de montaje que mejora la habilidad motriz y el pensamiento l\u00f3gico. Perfecto para coleccionistas y aficionados que buscan una construcci\u00f3n desafiante y entretenida. Aprovecha la oportunidad de adquirir LEGO Challenger y lleva tu pasi\u00f3n por el modelismo al siguiente nivel.<\/p>\n<\/p><\/div>\n","protected":false},"excerpt":{"rendered":"<p>\ud83d\udfe5 CHOLLAZO \ud83d\udfe5 #Publicidad #Amazon #16 \ud83d\udd34 LEGO Challenger \u2705 AHORA 18.89 \u20ac \u2714\ufe0f\ud83d\udfe1 \u274c Antes 26.99 \u20ac \ud83d\uded2: https:\/\/btz.es\/5qxsbr7 Descubre la emoci\u00f3n de construir con LEGO Challenger, un set dise\u00f1ado para estimular la creatividad y el aprendizaje en ni\u00f1os y adultos. Este producto de LEGO ofrece piezas de alta calidad y una experiencia de [&hellip;]<\/p>\n","protected":false},"featured_media":12664,"template":"","meta":{"_gspb_post_css":""},"store":[],"product_brand":[],"product_cat":[16],"product_tag":[],"class_list":{"0":"post-12665","1":"product","2":"type-product","3":"status-publish","4":"has-post-thumbnail","6":"product_cat-sin-categorizar","8":"first","9":"instock","10":"sale","11":"shipping-taxable","12":"product-type-external"},"jetpack_sharing_enabled":true,"_links":{"self":[{"href":"https:\/\/ofertacular.com\/index.php\/wp-json\/wp\/v2\/product\/12665","targetHints":{"allow":["GET"]}}],"collection":[{"href":"https:\/\/ofertacular.com\/index.php\/wp-json\/wp\/v2\/product"}],"about":[{"href":"https:\/\/ofertacular.com\/index.php\/wp-json\/wp\/v2\/types\/product"}],"wp:featuredmedia":[{"embeddable":true,"href":"https:\/\/ofertacular.com\/index.php\/wp-json\/wp\/v2\/media\/12664"}],"wp:attachment":[{"href":"https:\/\/ofertacular.com\/index.php\/wp-json\/wp\/v2\/media?parent=12665"}],"wp:term":[{"taxonomy":"store","embeddable":true,"href":"https:\/\/ofertacular.com\/index.php\/wp-json\/wp\/v2\/store?post=12665"},{"taxonomy":"product_brand","embeddable":true,"href":"https:\/\/ofertacular.com\/index.php\/wp-json\/wp\/v2\/product_brand?post=12665"},{"taxonomy":"product_cat","embeddable":true,"href":"https:\/\/ofertacular.com\/index.php\/wp-json\/wp\/v2\/product_cat?post=12665"},{"taxonomy":"product_tag","embeddable":true,"href":"https:\/\/ofertacular.com\/index.php\/wp-json\/wp\/v2\/product_tag?post=12665"}],"curies":[{"name":"wp","href":"https:\/\/api.w.org\/{rel}","templated":true}]}}