{"id":12679,"date":"2026-04-13T07:28:58","date_gmt":"2026-04-13T05:28:58","guid":{"rendered":"https:\/\/ofertacular.com\/index.php\/producto\/orbegozo-ventilator\/"},"modified":"2026-04-13T07:28:58","modified_gmt":"2026-04-13T05:28:58","slug":"orbegozo-ventilator","status":"publish","type":"product","link":"https:\/\/ofertacular.com\/index.php\/producto\/orbegozo-ventilator\/","title":{"rendered":"Orbegozo Ventilator"},"content":{"rendered":"<div class=\"oferta-container\">\n<p>\ud83d\udfe5 <b>ES UN CHOLL\u00d3N<\/b> \ud83d\udfe5 #Publicidad #Amazon #16<\/p>\n<p>\ud83d\udd34 <b>Ventilador Orbegozo <\/b><\/p>\n<p>\u2705 <b>AHORA 21.16 \u20ac<\/b> \u2714\ufe0f\ud83d\udfe1<\/p>\n<p>\u274c Antes 25.60 \u20ac<\/p>\n<p>\ud83d\uded2: <a href=\"https:\/\/btz.es\/5qEgVI7\" target=\"_blank\" rel=\"nofollow noopener\">https:\/\/btz.es\/5qEgVI7<\/a><\/p>\n<p>Descubre el ventilador Orbegozo, la soluci\u00f3n perfecta para mantener tu espacio fresco y confortable durante los d\u00edas calurosos. Con tecnolog\u00eda avanzada y dise\u00f1o elegante, este ventilador ofrece un rendimiento \u00f3ptimo y bajo consumo energ\u00e9tico. Ideal para hogares u oficinas, garantiza una circulaci\u00f3n de aire eficiente y silenciosa. Elige Orbegozo y disfruta de la calidad y durabilidad que solo una marca l\u00edder puede ofrecer.<\/p>\n<\/p><\/div>\n","protected":false},"excerpt":{"rendered":"<p>\ud83d\udfe5 ES UN CHOLL\u00d3N \ud83d\udfe5 #Publicidad #Amazon #16 \ud83d\udd34 Ventilador Orbegozo \u2705 AHORA 21.16 \u20ac \u2714\ufe0f\ud83d\udfe1 \u274c Antes 25.60 \u20ac \ud83d\uded2: https:\/\/btz.es\/5qEgVI7 Descubre el ventilador Orbegozo, la soluci\u00f3n perfecta para mantener tu espacio fresco y confortable durante los d\u00edas calurosos. Con tecnolog\u00eda avanzada y dise\u00f1o elegante, este ventilador ofrece un rendimiento \u00f3ptimo y bajo consumo [&hellip;]<\/p>\n","protected":false},"featured_media":12678,"template":"","meta":{"_gspb_post_css":""},"store":[],"product_brand":[],"product_cat":[16],"product_tag":[],"class_list":{"0":"post-12679","1":"product","2":"type-product","3":"status-publish","4":"has-post-thumbnail","6":"product_cat-sin-categorizar","8":"first","9":"instock","10":"sale","11":"shipping-taxable","12":"product-type-external"},"jetpack_sharing_enabled":true,"_links":{"self":[{"href":"https:\/\/ofertacular.com\/index.php\/wp-json\/wp\/v2\/product\/12679","targetHints":{"allow":["GET"]}}],"collection":[{"href":"https:\/\/ofertacular.com\/index.php\/wp-json\/wp\/v2\/product"}],"about":[{"href":"https:\/\/ofertacular.com\/index.php\/wp-json\/wp\/v2\/types\/product"}],"wp:featuredmedia":[{"embeddable":true,"href":"https:\/\/ofertacular.com\/index.php\/wp-json\/wp\/v2\/media\/12678"}],"wp:attachment":[{"href":"https:\/\/ofertacular.com\/index.php\/wp-json\/wp\/v2\/media?parent=12679"}],"wp:term":[{"taxonomy":"store","embeddable":true,"href":"https:\/\/ofertacular.com\/index.php\/wp-json\/wp\/v2\/store?post=12679"},{"taxonomy":"product_brand","embeddable":true,"href":"https:\/\/ofertacular.com\/index.php\/wp-json\/wp\/v2\/product_brand?post=12679"},{"taxonomy":"product_cat","embeddable":true,"href":"https:\/\/ofertacular.com\/index.php\/wp-json\/wp\/v2\/product_cat?post=12679"},{"taxonomy":"product_tag","embeddable":true,"href":"https:\/\/ofertacular.com\/index.php\/wp-json\/wp\/v2\/product_tag?post=12679"}],"curies":[{"name":"wp","href":"https:\/\/api.w.org\/{rel}","templated":true}]}}