{"id":12687,"date":"2026-04-13T10:10:16","date_gmt":"2026-04-13T08:10:16","guid":{"rendered":"https:\/\/ofertacular.com\/index.php\/producto\/facial-razor\/"},"modified":"2026-04-13T10:10:16","modified_gmt":"2026-04-13T08:10:16","slug":"facial-razor","status":"publish","type":"product","link":"https:\/\/ofertacular.com\/index.php\/producto\/facial-razor\/","title":{"rendered":"Facial Razor"},"content":{"rendered":"<div class=\"oferta-container\">\n<p>\ud83d\udfe5 <b>REBAJA<\/b> \ud83d\udfe5 #Publicidad #Amazon #16<\/p>\n<p>\ud83d\udd34 <b>Rasuradora Facial <\/b><\/p>\n<p>\u2705 <b>AHORA 13.97 \u20ac<\/b> \u2714\ufe0f\ud83d\udfe1<\/p>\n<p>\u274c Antes 15.90 \u20ac<\/p>\n<p>\ud83d\uded2: <a href=\"https:\/\/btz.es\/5qEL7kA\" target=\"_blank\" rel=\"nofollow noopener\">https:\/\/btz.es\/5qEL7kA<\/a><\/p>\n<p>Descubre la Rasuradora Facial de alta precisi\u00f3n, perfecta para lograr un afeitado suave y detallado. Dise\u00f1ada para cuidar tu piel y eliminar el vello de manera eficaz, esta herramienta es ideal para mantener un rostro impecable. Su dise\u00f1o ergon\u00f3mico y tecnolog\u00eda avanzada garantizan resultados profesionales en la comodidad de tu hogar. Optimiza tu rutina de cuidado personal con este producto esencial, que combina calidad y rendimiento superior.<\/p>\n<\/p><\/div>\n","protected":false},"excerpt":{"rendered":"<p>\ud83d\udfe5 REBAJA \ud83d\udfe5 #Publicidad #Amazon #16 \ud83d\udd34 Rasuradora Facial \u2705 AHORA 13.97 \u20ac \u2714\ufe0f\ud83d\udfe1 \u274c Antes 15.90 \u20ac \ud83d\uded2: https:\/\/btz.es\/5qEL7kA Descubre la Rasuradora Facial de alta precisi\u00f3n, perfecta para lograr un afeitado suave y detallado. Dise\u00f1ada para cuidar tu piel y eliminar el vello de manera eficaz, esta herramienta es ideal para mantener un rostro [&hellip;]<\/p>\n","protected":false},"featured_media":12686,"template":"","meta":{"_gspb_post_css":""},"store":[],"product_brand":[],"product_cat":[16],"product_tag":[],"class_list":{"0":"post-12687","1":"product","2":"type-product","3":"status-publish","4":"has-post-thumbnail","6":"product_cat-sin-categorizar","8":"first","9":"instock","10":"sale","11":"shipping-taxable","12":"product-type-external"},"jetpack_sharing_enabled":true,"_links":{"self":[{"href":"https:\/\/ofertacular.com\/index.php\/wp-json\/wp\/v2\/product\/12687","targetHints":{"allow":["GET"]}}],"collection":[{"href":"https:\/\/ofertacular.com\/index.php\/wp-json\/wp\/v2\/product"}],"about":[{"href":"https:\/\/ofertacular.com\/index.php\/wp-json\/wp\/v2\/types\/product"}],"wp:featuredmedia":[{"embeddable":true,"href":"https:\/\/ofertacular.com\/index.php\/wp-json\/wp\/v2\/media\/12686"}],"wp:attachment":[{"href":"https:\/\/ofertacular.com\/index.php\/wp-json\/wp\/v2\/media?parent=12687"}],"wp:term":[{"taxonomy":"store","embeddable":true,"href":"https:\/\/ofertacular.com\/index.php\/wp-json\/wp\/v2\/store?post=12687"},{"taxonomy":"product_brand","embeddable":true,"href":"https:\/\/ofertacular.com\/index.php\/wp-json\/wp\/v2\/product_brand?post=12687"},{"taxonomy":"product_cat","embeddable":true,"href":"https:\/\/ofertacular.com\/index.php\/wp-json\/wp\/v2\/product_cat?post=12687"},{"taxonomy":"product_tag","embeddable":true,"href":"https:\/\/ofertacular.com\/index.php\/wp-json\/wp\/v2\/product_tag?post=12687"}],"curies":[{"name":"wp","href":"https:\/\/api.w.org\/{rel}","templated":true}]}}