{"id":12693,"date":"2026-04-13T14:27:05","date_gmt":"2026-04-13T12:27:05","guid":{"rendered":"https:\/\/ofertacular.com\/index.php\/producto\/levis-vaqueros-15\/"},"modified":"2026-04-13T14:27:05","modified_gmt":"2026-04-13T12:27:05","slug":"levis-vaqueros-15","status":"publish","type":"product","link":"https:\/\/ofertacular.com\/index.php\/producto\/levis-vaqueros-15\/","title":{"rendered":"Levi&#8217;s Vaqueros"},"content":{"rendered":"<div class=\"oferta-container\">\n<p>\ud83d\udfe5 <b>DESCUENTO<\/b> \ud83d\udfe5 #Publicidad #Amazon #16<\/p>\n<p>\ud83d\udd34 <b>Vaqueros hombre <\/b><\/p>\n<p>\u2705 <b>AHORA 25.6 \u20ac<\/b> \u2714\ufe0f\ud83d\udfe1<\/p>\n<p>\u274c Antes 110.00 \u20ac<\/p>\n<p>\ud83d\uded2: <a href=\"https:\/\/btz.es\/5qFOmiK\" target=\"_blank\" rel=\"nofollow noopener\">https:\/\/btz.es\/5qFOmiK<\/a><\/p>\n<p>Descubre los aut\u00e9nticos vaqueros para hombre de Levi&#8217;s, la marca l\u00edder en moda denim que combina estilo, calidad y comodidad. Estos jeans est\u00e1n dise\u00f1ados para ofrecer un ajuste perfecto y una durabilidad excepcional, ideales para cualquier ocasi\u00f3n casual o informal. Fabricados con materiales de alta calidad, los vaqueros Levi&#8217;s destacan por su dise\u00f1o cl\u00e1sico y moderno que nunca pasa de moda. Optimiza tu look con unos pantalones que reflejan personalidad y tradici\u00f3n, perfectos para quienes buscan autenticidad y tendencia en su vestuario.<\/p>\n<\/p><\/div>\n","protected":false},"excerpt":{"rendered":"<p>\ud83d\udfe5 DESCUENTO \ud83d\udfe5 #Publicidad #Amazon #16 \ud83d\udd34 Vaqueros hombre \u2705 AHORA 25.6 \u20ac \u2714\ufe0f\ud83d\udfe1 \u274c Antes 110.00 \u20ac \ud83d\uded2: https:\/\/btz.es\/5qFOmiK Descubre los aut\u00e9nticos vaqueros para hombre de Levi&#8217;s, la marca l\u00edder en moda denim que combina estilo, calidad y comodidad. Estos jeans est\u00e1n dise\u00f1ados para ofrecer un ajuste perfecto y una durabilidad excepcional, ideales para [&hellip;]<\/p>\n","protected":false},"featured_media":12692,"template":"","meta":{"_gspb_post_css":""},"store":[],"product_brand":[],"product_cat":[16],"product_tag":[],"class_list":{"0":"post-12693","1":"product","2":"type-product","3":"status-publish","4":"has-post-thumbnail","6":"product_cat-sin-categorizar","8":"first","9":"instock","10":"sale","11":"shipping-taxable","12":"product-type-external"},"jetpack_sharing_enabled":true,"_links":{"self":[{"href":"https:\/\/ofertacular.com\/index.php\/wp-json\/wp\/v2\/product\/12693","targetHints":{"allow":["GET"]}}],"collection":[{"href":"https:\/\/ofertacular.com\/index.php\/wp-json\/wp\/v2\/product"}],"about":[{"href":"https:\/\/ofertacular.com\/index.php\/wp-json\/wp\/v2\/types\/product"}],"wp:featuredmedia":[{"embeddable":true,"href":"https:\/\/ofertacular.com\/index.php\/wp-json\/wp\/v2\/media\/12692"}],"wp:attachment":[{"href":"https:\/\/ofertacular.com\/index.php\/wp-json\/wp\/v2\/media?parent=12693"}],"wp:term":[{"taxonomy":"store","embeddable":true,"href":"https:\/\/ofertacular.com\/index.php\/wp-json\/wp\/v2\/store?post=12693"},{"taxonomy":"product_brand","embeddable":true,"href":"https:\/\/ofertacular.com\/index.php\/wp-json\/wp\/v2\/product_brand?post=12693"},{"taxonomy":"product_cat","embeddable":true,"href":"https:\/\/ofertacular.com\/index.php\/wp-json\/wp\/v2\/product_cat?post=12693"},{"taxonomy":"product_tag","embeddable":true,"href":"https:\/\/ofertacular.com\/index.php\/wp-json\/wp\/v2\/product_tag?post=12693"}],"curies":[{"name":"wp","href":"https:\/\/api.w.org\/{rel}","templated":true}]}}